{"id":9816,"date":"1990-03-29T00:30:26","date_gmt":"1990-03-28T22:30:26","guid":{"rendered":"http:\/\/www.roemen.lu\/wp\/?page_id=9816"},"modified":"2024-08-18T19:12:07","modified_gmt":"2024-08-18T17:12:07","slug":"unternehmen","status":"publish","type":"page","link":"https:\/\/www.roemen.lu\/wp?page_id=9816","title":{"rendered":"Unternehmen"},"content":{"rendered":"<p>\r\n\t<div class=\"slideshow_container slideshow_container_style-light\" style=\"height: 480px; \" data-slideshow-id=\"9824\" data-style-name=\"style-light\" data-style-version=\"2.3.1\" >\r\n\r\n\t\t\t\t\t<div class=\"slideshow_loading_icon\"><\/div>\r\n\t\t\r\n\t\t<div class=\"slideshow_content\" style=\"display: none;\">\r\n\r\n\t\t\t<div class=\"slideshow_view\">\r\n\t\t\t\t<div class=\"slideshow_slide slideshow_slide_image\">\r\n\t\t\t\t\t\t\t\t\t\t\t<img src=\"https:\/\/www.roemen.lu\/wp\/wp-content\/uploads\/2016\/11\/DSC03119.jpg\" alt=\"dsc03119\" width=\"3870\" height=\"1693\" \/>\r\n\t\t\t\t\t\t\t\t\t\t<div class=\"slideshow_description_box slideshow_transparent\">\r\n\t\t\t\t\t\t\t\t\t\t\t\t\t\t\t\t\t<\/div>\r\n\t\t\t\t<\/div>\r\n\r\n\t\t\t\t\t\t<div style=\"clear: both;\"><\/div><\/div><div class=\"slideshow_view\">\r\n\t\t\t\t<div class=\"slideshow_slide slideshow_slide_image\">\r\n\t\t\t\t\t\t\t\t\t\t\t<img src=\"https:\/\/www.roemen.lu\/wp\/wp-content\/uploads\/2016\/08\/DSC02208-Kopie2-copy.jpg\" alt=\"DSC02208 - Kopie2 copy\" width=\"861\" height=\"377\" \/>\r\n\t\t\t\t\t\t\t\t\t\t<div class=\"slideshow_description_box slideshow_transparent\">\r\n\t\t\t\t\t\t<div class=\"slideshow_title\">DSC02208 - Kopie2 copy<\/div>\t\t\t\t\t\t\t\t\t\t\t<\/div>\r\n\t\t\t\t<\/div>\r\n\r\n\t\t\t\t\t\t<div style=\"clear: both;\"><\/div><\/div><div class=\"slideshow_view\">\r\n\t\t\t\t<div class=\"slideshow_slide slideshow_slide_image\">\r\n\t\t\t\t\t\t\t\t\t\t\t<img src=\"https:\/\/www.roemen.lu\/wp\/wp-content\/uploads\/2016\/11\/DSC03122.jpg\" alt=\"dsc03122\" width=\"3872\" height=\"1694\" \/>\r\n\t\t\t\t\t\t\t\t\t\t<div class=\"slideshow_description_box slideshow_transparent\">\r\n\t\t\t\t\t\t\t\t\t\t\t\t\t\t\t\t\t<\/div>\r\n\t\t\t\t<\/div>\r\n\r\n\t\t\t\t\t\t<div style=\"clear: both;\"><\/div><\/div><div class=\"slideshow_view\">\r\n\t\t\t\t<div class=\"slideshow_slide slideshow_slide_image\">\r\n\t\t\t\t\t\t\t\t\t\t\t<img src=\"https:\/\/www.roemen.lu\/wp\/wp-content\/uploads\/2016\/03\/DSC02034-Kopie.jpg\" alt=\"DSC02034 - Kopie\" width=\"800\" height=\"350\" \/>\r\n\t\t\t\t\t\t\t\t\t\t<div class=\"slideshow_description_box slideshow_transparent\">\r\n\t\t\t\t\t\t\t\t\t\t\t\t\t\t\t\t\t<\/div>\r\n\t\t\t\t<\/div>\r\n\r\n\t\t\t\t\t\t<div style=\"clear: both;\"><\/div><\/div><div class=\"slideshow_view\">\r\n\t\t\t\t<div class=\"slideshow_slide slideshow_slide_image\">\r\n\t\t\t\t\t\t\t\t\t\t\t<img src=\"https:\/\/www.roemen.lu\/wp\/wp-content\/uploads\/2016\/11\/DSC03117.jpg\" alt=\"dsc03117\" width=\"3870\" height=\"1693\" \/>\r\n\t\t\t\t\t\t\t\t\t\t<div class=\"slideshow_description_box slideshow_transparent\">\r\n\t\t\t\t\t\t<div class=\"slideshow_title\">dsc03117<\/div>\t\t\t\t\t\t\t\t\t\t\t<\/div>\r\n\t\t\t\t<\/div>\r\n\r\n\t\t\t\t\t\t<div style=\"clear: both;\"><\/div><\/div>\r\n\t\t<\/div>\r\n\r\n\t\t<div class=\"slideshow_controlPanel slideshow_transparent\" style=\"display: none;\"><ul><li class=\"slideshow_togglePlay\" data-play-text=\"Abspielen\" data-pause-text=\"Pause\"><\/li><\/ul><\/div>\r\n\r\n\t\t<div class=\"slideshow_button slideshow_previous slideshow_transparent\" role=\"button\" data-previous-text=\"Zur\u00fcck\" style=\"display: none;\"><\/div>\r\n\t\t<div class=\"slideshow_button slideshow_next slideshow_transparent\" role=\"button\" data-next-text=\"N\u00e4chstes\" style=\"display: none;\"><\/div>\r\n\r\n\t\t<div class=\"slideshow_pagination\" style=\"display: none;\" data-go-to-text=\"Gehe zum Bild\"><div class=\"slideshow_pagination_center\"><\/div><\/div>\r\n\r\n\t\t<!-- WordPress Slideshow Version 2.3.1 -->\r\n\r\n\t\t\t<\/div>\r\n\r\n<strong>   <\/strong><\/p>\n<p style=\"text-align: justify;\">Unser Unternehmen befindet sich in der 3. Generation mit besten Aussichten f\u00fcr die Zukunft. Dabei wurden die Anspr\u00fcche in den Punkten Qualit\u00e4t, Nachhaltigkeit und Kundenzufriedenheit immer hoch gehalten. Die langj\u00e4hrige Firmengeschichte zeigt, dass diese Anspr\u00fcche Anklang bei unseren Kunden aus den verschiedensten Bereichen finden. Mit einer Jahresproduktion von \u00fcber 200 Fahrzeugen pr\u00e4gen unsere Produkte das Nutzfahrzeugwesen in Luxemburg erheblich.<\/p>\n<p><strong>Adresse :<\/strong> Carrosserie Roemen s.\u00e0r.l. | 30, Zone Industrielle L-8287 Kehlen | Luxembourg<br \/>\n<strong>Telefon :<\/strong> +352 30 99 19 1<br \/>\n<strong>Fax :<\/strong> +352 30 80 65<br \/>\n<strong>E-mail :<\/strong> info@roemen.lu<\/p>\n","protected":false},"excerpt":{"rendered":"<p>Unser Unternehmen befindet sich in der 3. Generation mit besten Aussichten f\u00fcr die Zukunft. Dabei wurden die Anspr\u00fcche in den Punkten Qualit\u00e4t, Nachhaltigkeit und Kundenzufriedenheit immer hoch gehalten. Die langj\u00e4hrige Firmengeschichte zeigt, dass diese Anspr\u00fcche Anklang bei unseren Kunden aus den verschiedensten Bereichen finden. Mit einer Jahresproduktion von \u00fcber 200 Fahrzeugen pr\u00e4gen unsere Produkte das Nutzfahrzeugwesen in Luxemburg erheblich. Adresse : Carrosserie Roemen s.\u00e0r.l. | 30, Zone Industrielle L-8287 Kehlen | Luxembourg Telefon : +352 30 99 19 1 Fax : +352 30 80 65 E-mail : info@roemen.lu<\/p>\n","protected":false},"author":2,"featured_media":0,"parent":0,"menu_order":0,"comment_status":"closed","ping_status":"closed","template":"","meta":{"ngg_post_thumbnail":0,"footnotes":""},"class_list":["post-9816","page","type-page","status-publish","hentry"],"acf":[],"_links":{"self":[{"href":"https:\/\/www.roemen.lu\/wp\/index.php?rest_route=\/wp\/v2\/pages\/9816","targetHints":{"allow":["GET"]}}],"collection":[{"href":"https:\/\/www.roemen.lu\/wp\/index.php?rest_route=\/wp\/v2\/pages"}],"about":[{"href":"https:\/\/www.roemen.lu\/wp\/index.php?rest_route=\/wp\/v2\/types\/page"}],"author":[{"embeddable":true,"href":"https:\/\/www.roemen.lu\/wp\/index.php?rest_route=\/wp\/v2\/users\/2"}],"replies":[{"embeddable":true,"href":"https:\/\/www.roemen.lu\/wp\/index.php?rest_route=%2Fwp%2Fv2%2Fcomments&post=9816"}],"version-history":[{"count":13,"href":"https:\/\/www.roemen.lu\/wp\/index.php?rest_route=\/wp\/v2\/pages\/9816\/revisions"}],"predecessor-version":[{"id":27294,"href":"https:\/\/www.roemen.lu\/wp\/index.php?rest_route=\/wp\/v2\/pages\/9816\/revisions\/27294"}],"wp:attachment":[{"href":"https:\/\/www.roemen.lu\/wp\/index.php?rest_route=%2Fwp%2Fv2%2Fmedia&parent=9816"}],"curies":[{"name":"wp","href":"https:\/\/api.w.org\/{rel}","templated":true}]}}