{"id":9809,"date":"1990-03-28T23:32:03","date_gmt":"1990-03-28T21:32:03","guid":{"rendered":"http:\/\/www.roemen.lu\/wp\/?page_id=9809"},"modified":"2024-12-27T09:41:45","modified_gmt":"2024-12-27T07:41:45","slug":"karriere-ausbildung","status":"publish","type":"page","link":"https:\/\/www.roemen.lu\/wp?page_id=9809","title":{"rendered":"Karriere"},"content":{"rendered":"<p>Du suchst eine neue berufliche Herausforderung?<\/p>\n<p>Wir sind ein Unternehmen im st\u00e4ndigen Wachstum. Wachstum aus Tradition und f\u00fcr die Zukunft gewappnet.<\/p>\n<p>Ein professionelles Umfeld bietet dir den idealen Rahmen. T\u00e4gliche Herausforderungen bilden ein reizvolles Arbeitsumfeld.<\/p>\n<p>Auch Bewerbungen von Studenten im letzten Studienjahr sind willkommen.<\/p>\n<p>Nutze die Gelegenheit und bewirb dich jetzt unter: <a href=\"mailto:jobs@roemen.lu\"><strong>jobs@roemen.lu<\/strong><\/a><\/p>\n<p><strong>&nbsp;&nbsp;&nbsp;&nbsp;&nbsp;&nbsp;&nbsp;<\/strong><\/p>\n<p><strong>&nbsp;&nbsp;&nbsp;&nbsp; Momentan sind keine festen Stellen zu vergeben<\/strong><\/p>\n<p>&nbsp;<\/p>\n\n\n<p><\/p>\n","protected":false},"excerpt":{"rendered":"<p>Du suchst eine neue berufliche Herausforderung? Wir sind ein Unternehmen im st\u00e4ndigen Wachstum. Wachstum aus Tradition und f\u00fcr die Zukunft gewappnet. Ein professionelles Umfeld bietet dir den idealen Rahmen. T\u00e4gliche Herausforderungen bilden ein reizvolles Arbeitsumfeld. Auch Bewerbungen von Studenten im letzten Studienjahr sind willkommen. Nutze die Gelegenheit und bewirb dich jetzt unter: jobs@roemen.lu &nbsp;&nbsp;&nbsp;&nbsp;&nbsp;&nbsp;&nbsp; &nbsp;&nbsp;&nbsp;&nbsp; Momentan sind keine festen Stellen zu vergeben &nbsp;<\/p>\n","protected":false},"author":2,"featured_media":0,"parent":9816,"menu_order":2,"comment_status":"closed","ping_status":"closed","template":"","meta":{"ngg_post_thumbnail":0,"footnotes":""},"class_list":["post-9809","page","type-page","status-publish","hentry"],"acf":[],"_links":{"self":[{"href":"https:\/\/www.roemen.lu\/wp\/index.php?rest_route=\/wp\/v2\/pages\/9809","targetHints":{"allow":["GET"]}}],"collection":[{"href":"https:\/\/www.roemen.lu\/wp\/index.php?rest_route=\/wp\/v2\/pages"}],"about":[{"href":"https:\/\/www.roemen.lu\/wp\/index.php?rest_route=\/wp\/v2\/types\/page"}],"author":[{"embeddable":true,"href":"https:\/\/www.roemen.lu\/wp\/index.php?rest_route=\/wp\/v2\/users\/2"}],"replies":[{"embeddable":true,"href":"https:\/\/www.roemen.lu\/wp\/index.php?rest_route=%2Fwp%2Fv2%2Fcomments&post=9809"}],"version-history":[{"count":81,"href":"https:\/\/www.roemen.lu\/wp\/index.php?rest_route=\/wp\/v2\/pages\/9809\/revisions"}],"predecessor-version":[{"id":31008,"href":"https:\/\/www.roemen.lu\/wp\/index.php?rest_route=\/wp\/v2\/pages\/9809\/revisions\/31008"}],"up":[{"embeddable":true,"href":"https:\/\/www.roemen.lu\/wp\/index.php?rest_route=\/wp\/v2\/pages\/9816"}],"wp:attachment":[{"href":"https:\/\/www.roemen.lu\/wp\/index.php?rest_route=%2Fwp%2Fv2%2Fmedia&parent=9809"}],"curies":[{"name":"wp","href":"https:\/\/api.w.org\/{rel}","templated":true}]}}