{"id":627,"date":"2018-01-22T08:03:37","date_gmt":"2018-01-22T08:03:37","guid":{"rendered":"http:\/\/wp-royal.com\/themes\/ashe-free\/demo-import\/?page_id=627"},"modified":"2026-01-05T17:41:40","modified_gmt":"2026-01-05T15:41:40","slug":"home","status":"publish","type":"page","link":"https:\/\/www.roemen.lu\/wp","title":{"rendered":"Willkommen bei Carrosserie Roemen s\u00e0rl"},"content":{"rendered":"\t\t<div data-elementor-type=\"wp-page\" data-elementor-id=\"627\" class=\"elementor elementor-627\">\n\t\t\t\t\t\t<section class=\"elementor-section elementor-top-section elementor-element elementor-element-56a575b7 elementor-section-boxed elementor-section-height-default elementor-section-height-default wpr-particle-no wpr-jarallax-no wpr-parallax-no wpr-sticky-section-no wpr-equal-height-no\" data-id=\"56a575b7\" data-element_type=\"section\" data-e-type=\"section\">\n\t\t\t\t\t\t<div class=\"elementor-container elementor-column-gap-default\">\n\t\t\t\t\t<div class=\"elementor-column elementor-col-100 elementor-top-column elementor-element elementor-element-6f705e9c\" data-id=\"6f705e9c\" data-element_type=\"column\" data-e-type=\"column\">\n\t\t\t<div class=\"elementor-widget-wrap elementor-element-populated\">\n\t\t\t\t\t\t<div class=\"elementor-element elementor-element-6ee41e77 elementor-widget elementor-widget-text-editor\" data-id=\"6ee41e77\" data-element_type=\"widget\" data-e-type=\"widget\" data-widget_type=\"text-editor.default\">\n\t\t\t\t<div class=\"elementor-widget-container\">\n\t\t\t\t\t\t\t\t\t<p style=\"text-align: center;\"><span style=\"color: #333333;\">Seit 1936 stehen wir Ihnen mit Fachkompetenz, Engagement und Innovationskraft zur Seite. <\/span><br \/><span style=\"color: #333333;\">Als f\u00fchrendes Unternehmen im Bereich Fahrzeugbau bieten wir Ihnen ma\u00dfgeschneiderte L\u00f6sungen, <\/span><br \/><span style=\"color: #333333;\">die Ihnen helfen, Ihre Ziele effizient und nachhaltig zu erreichen.<\/span><\/p><p style=\"text-align: center;\"><span style=\"color: #333333;\">Unsere Leidenschaft f\u00fcr Qualit\u00e4t und Verl\u00e4sslichkeit treibt uns an, und wir arbeiten kontinuierlich daran,<\/span><br \/><span style=\"color: #333333;\">unser Leistungsspektrum zu erweitern und Ihnen stets die besten L\u00f6sungen anzubieten.<\/span><\/p><h5 style=\"text-align: center;\"><span style=\"color: #333333;\"><strong>Moderner Karosseriebau seit 1936<\/strong><\/span><\/h5><h5 style=\"text-align: center;\">\u00a0<\/h5><div>\u00a0<\/div><h4 style=\"text-align: center;\"><span style=\"color: #000080;\"><b>\u00a0<\/b><\/span><span style=\"font-weight: bold; color: #000080; letter-spacing: 0px;\">Hier unsere aktuellen Top-Themen :<\/span><\/h4>\t\t\t\t\t\t\t\t<\/div>\n\t\t\t\t<\/div>\n\t\t\t\t\t<\/div>\n\t\t<\/div>\n\t\t\t\t\t<\/div>\n\t\t<\/section>\n\t\t\t\t<section class=\"elementor-section elementor-top-section elementor-element elementor-element-86c87b3 elementor-section-boxed elementor-section-height-default elementor-section-height-default wpr-particle-no wpr-jarallax-no wpr-parallax-no wpr-sticky-section-no wpr-equal-height-no\" data-id=\"86c87b3\" data-element_type=\"section\" data-e-type=\"section\">\n\t\t\t\t\t\t<div class=\"elementor-container elementor-column-gap-default\">\n\t\t\t\t\t<div class=\"elementor-column elementor-col-50 elementor-top-column elementor-element elementor-element-527d79f\" data-id=\"527d79f\" data-element_type=\"column\" data-e-type=\"column\">\n\t\t\t<div class=\"elementor-widget-wrap elementor-element-populated\">\n\t\t\t\t\t\t<div class=\"elementor-element elementor-element-d1c951b elementor-widget elementor-widget-text-editor\" data-id=\"d1c951b\" data-element_type=\"widget\" data-e-type=\"widget\" data-widget_type=\"text-editor.default\">\n\t\t\t\t<div class=\"elementor-widget-container\">\n\t\t\t\t\t\t\t\t\t<h6><strong>HUMBAUR &#8211; Lageranh\u00e4nger<\/strong><\/h6><p>Unsere\u00a0<strong>Lageranh\u00e4nger<\/strong>\u00a0sind sofort verf\u00fcgbar und bieten hochwertige Transportl\u00f6sungen f\u00fcr verschiedene Einsatzzwecke. Eine Auswahl unserer\u00a0<strong>Humbaur-Anh\u00e4nger<\/strong>\u00a0finden Sie auf\u00a0<strong>AutoScout24<\/strong>. Dort k\u00f6nnen Sie Modelle vergleichen und direkt Kontakt aufnehmen, um Ihr passendes Fahrzeug zu finden.<\/p>\t\t\t\t\t\t\t\t<\/div>\n\t\t\t\t<\/div>\n\t\t\t\t<div class=\"elementor-element elementor-element-cec62a5 elementor-align-center e-transform elementor-widget elementor-widget-button\" data-id=\"cec62a5\" data-element_type=\"widget\" data-e-type=\"widget\" data-settings=\"{&quot;_transform_scale_effect_hover&quot;:{&quot;unit&quot;:&quot;px&quot;,&quot;size&quot;:1.1,&quot;sizes&quot;:[]},&quot;_transform_scale_effect_hover_tablet&quot;:{&quot;unit&quot;:&quot;px&quot;,&quot;size&quot;:&quot;&quot;,&quot;sizes&quot;:[]},&quot;_transform_scale_effect_hover_mobile&quot;:{&quot;unit&quot;:&quot;px&quot;,&quot;size&quot;:&quot;&quot;,&quot;sizes&quot;:[]}}\" data-widget_type=\"button.default\">\n\t\t\t\t<div class=\"elementor-widget-container\">\n\t\t\t\t\t\t\t\t\t<div class=\"elementor-button-wrapper\">\n\t\t\t\t\t<a class=\"elementor-button elementor-button-link elementor-size-sm\" href=\"https:\/\/www.autoscout24.lu\/professional\/carrosserie-roemen-s-ar-l?atype=L\" target=\"_blank\">\n\t\t\t\t\t\t<span class=\"elementor-button-content-wrapper\">\n\t\t\t\t\t\t\t\t\t<span class=\"elementor-button-text\">Entdecken Sie hier unsere Lageranh\u00e4nger<\/span>\n\t\t\t\t\t<\/span>\n\t\t\t\t\t<\/a>\n\t\t\t\t<\/div>\n\t\t\t\t\t\t\t\t<\/div>\n\t\t\t\t<\/div>\n\t\t\t\t\t<\/div>\n\t\t<\/div>\n\t\t\t\t<div class=\"elementor-column elementor-col-50 elementor-top-column elementor-element elementor-element-fd4e734\" data-id=\"fd4e734\" data-element_type=\"column\" data-e-type=\"column\">\n\t\t\t<div class=\"elementor-widget-wrap elementor-element-populated\">\n\t\t\t\t\t\t<div class=\"elementor-element elementor-element-023702f elementor-widget elementor-widget-image\" data-id=\"023702f\" data-element_type=\"widget\" data-e-type=\"widget\" data-widget_type=\"image.default\">\n\t\t\t\t<div class=\"elementor-widget-container\">\n\t\t\t\t\t\t\t\t\t\t\t\t\t\t\t<img fetchpriority=\"high\" decoding=\"async\" width=\"768\" height=\"384\" src=\"https:\/\/www.roemen.lu\/wp\/wp-content\/uploads\/2025\/02\/Humbaur-2025-768x384.jpg\" class=\"attachment-medium_large size-medium_large wp-image-32250\" alt=\"\" srcset=\"https:\/\/www.roemen.lu\/wp\/wp-content\/uploads\/2025\/02\/Humbaur-2025-768x384.jpg 768w, https:\/\/www.roemen.lu\/wp\/wp-content\/uploads\/2025\/02\/Humbaur-2025-300x150.jpg 300w, https:\/\/www.roemen.lu\/wp\/wp-content\/uploads\/2025\/02\/Humbaur-2025-1024x512.jpg 1024w, https:\/\/www.roemen.lu\/wp\/wp-content\/uploads\/2025\/02\/Humbaur-2025-1140x570.jpg 1140w, https:\/\/www.roemen.lu\/wp\/wp-content\/uploads\/2025\/02\/Humbaur-2025.jpg 1200w\" sizes=\"(max-width: 768px) 100vw, 768px\" \/>\t\t\t\t\t\t\t\t\t\t\t\t\t\t\t<\/div>\n\t\t\t\t<\/div>\n\t\t\t\t\t<\/div>\n\t\t<\/div>\n\t\t\t\t\t<\/div>\n\t\t<\/section>\n\t\t\t\t<section class=\"elementor-section elementor-top-section elementor-element elementor-element-2a6ba26 elementor-section-boxed elementor-section-height-default elementor-section-height-default wpr-particle-no wpr-jarallax-no wpr-parallax-no wpr-sticky-section-no wpr-equal-height-no\" data-id=\"2a6ba26\" data-element_type=\"section\" data-e-type=\"section\">\n\t\t\t\t\t\t<div class=\"elementor-container elementor-column-gap-default\">\n\t\t\t\t\t<div class=\"elementor-column elementor-col-100 elementor-top-column elementor-element elementor-element-825be78\" data-id=\"825be78\" data-element_type=\"column\" data-e-type=\"column\">\n\t\t\t<div class=\"elementor-widget-wrap elementor-element-populated\">\n\t\t\t\t\t\t<div class=\"elementor-element elementor-element-44cf350 elementor-widget elementor-widget-text-editor\" data-id=\"44cf350\" data-element_type=\"widget\" data-e-type=\"widget\" data-widget_type=\"text-editor.default\">\n\t\t\t\t<div class=\"elementor-widget-container\">\n\t\t\t\t\t\t\t\t\t<p><span style=\"color: #ffffff;\">.<\/span><\/p>\t\t\t\t\t\t\t\t<\/div>\n\t\t\t\t<\/div>\n\t\t\t\t\t<\/div>\n\t\t<\/div>\n\t\t\t\t\t<\/div>\n\t\t<\/section>\n\t\t\t\t<section class=\"elementor-section elementor-top-section elementor-element elementor-element-11541fe elementor-section-boxed elementor-section-height-default elementor-section-height-default wpr-particle-no wpr-jarallax-no wpr-parallax-no wpr-sticky-section-no wpr-equal-height-no\" data-id=\"11541fe\" data-element_type=\"section\" data-e-type=\"section\">\n\t\t\t\t\t\t<div class=\"elementor-container elementor-column-gap-default\">\n\t\t\t\t\t<div class=\"elementor-column elementor-col-25 elementor-top-column elementor-element elementor-element-5676fd0\" data-id=\"5676fd0\" data-element_type=\"column\" data-e-type=\"column\">\n\t\t\t<div class=\"elementor-widget-wrap elementor-element-populated\">\n\t\t\t\t\t\t<div class=\"elementor-element elementor-element-669c95b e-transform elementor-widget elementor-widget-image\" data-id=\"669c95b\" data-element_type=\"widget\" data-e-type=\"widget\" data-settings=\"{&quot;_transform_scale_effect_hover&quot;:{&quot;unit&quot;:&quot;px&quot;,&quot;size&quot;:1.05,&quot;sizes&quot;:[]},&quot;_transform_scale_effect_hover_tablet&quot;:{&quot;unit&quot;:&quot;px&quot;,&quot;size&quot;:&quot;&quot;,&quot;sizes&quot;:[]},&quot;_transform_scale_effect_hover_mobile&quot;:{&quot;unit&quot;:&quot;px&quot;,&quot;size&quot;:&quot;&quot;,&quot;sizes&quot;:[]}}\" data-widget_type=\"image.default\">\n\t\t\t\t<div class=\"elementor-widget-container\">\n\t\t\t\t\t\t\t\t\t\t\t\t<figure class=\"wp-caption\">\n\t\t\t\t\t\t\t\t\t\t\t<a href=\"https:\/\/www.roemen.lu\/wp\/?page_id=80\">\n\t\t\t\t\t\t\t<img decoding=\"async\" width=\"300\" height=\"300\" src=\"https:\/\/www.roemen.lu\/wp\/wp-content\/uploads\/2025\/01\/Site_Humbaur_01.jpg\" class=\"attachment-ashe-grid-thumbnail size-ashe-grid-thumbnail wp-image-32187\" alt=\"\" srcset=\"https:\/\/www.roemen.lu\/wp\/wp-content\/uploads\/2025\/01\/Site_Humbaur_01.jpg 300w, https:\/\/www.roemen.lu\/wp\/wp-content\/uploads\/2025\/01\/Site_Humbaur_01-150x150.jpg 150w, https:\/\/www.roemen.lu\/wp\/wp-content\/uploads\/2025\/01\/Site_Humbaur_01-75x75.jpg 75w\" sizes=\"(max-width: 300px) 100vw, 300px\" \/>\t\t\t\t\t\t\t\t<\/a>\n\t\t\t\t\t\t\t\t\t\t\t<figcaption class=\"widget-image-caption wp-caption-text\">Anh\u00e4nger von Humbaur<\/figcaption>\n\t\t\t\t\t\t\t\t\t\t<\/figure>\n\t\t\t\t\t\t\t\t\t<\/div>\n\t\t\t\t<\/div>\n\t\t\t\t\t<\/div>\n\t\t<\/div>\n\t\t\t\t<div class=\"elementor-column elementor-col-25 elementor-top-column elementor-element elementor-element-79d0a7d\" data-id=\"79d0a7d\" data-element_type=\"column\" data-e-type=\"column\">\n\t\t\t<div class=\"elementor-widget-wrap elementor-element-populated\">\n\t\t\t\t\t\t<div class=\"elementor-element elementor-element-b076c99 e-transform elementor-widget elementor-widget-image\" data-id=\"b076c99\" data-element_type=\"widget\" data-e-type=\"widget\" data-settings=\"{&quot;_transform_scale_effect_hover&quot;:{&quot;unit&quot;:&quot;px&quot;,&quot;size&quot;:1.05,&quot;sizes&quot;:[]},&quot;_transform_scale_effect_hover_tablet&quot;:{&quot;unit&quot;:&quot;px&quot;,&quot;size&quot;:&quot;&quot;,&quot;sizes&quot;:[]},&quot;_transform_scale_effect_hover_mobile&quot;:{&quot;unit&quot;:&quot;px&quot;,&quot;size&quot;:&quot;&quot;,&quot;sizes&quot;:[]}}\" data-widget_type=\"image.default\">\n\t\t\t\t<div class=\"elementor-widget-container\">\n\t\t\t\t\t\t\t\t\t\t\t\t<figure class=\"wp-caption\">\n\t\t\t\t\t\t\t\t\t\t\t<a href=\"https:\/\/www.roemen.lu\/wp\/?p=24311\">\n\t\t\t\t\t\t\t<img decoding=\"async\" width=\"300\" height=\"300\" src=\"https:\/\/www.roemen.lu\/wp\/wp-content\/uploads\/2025\/01\/Site_Kerger_01.jpg\" class=\"attachment-large size-large wp-image-32191\" alt=\"\" srcset=\"https:\/\/www.roemen.lu\/wp\/wp-content\/uploads\/2025\/01\/Site_Kerger_01.jpg 300w, https:\/\/www.roemen.lu\/wp\/wp-content\/uploads\/2025\/01\/Site_Kerger_01-150x150.jpg 150w, https:\/\/www.roemen.lu\/wp\/wp-content\/uploads\/2025\/01\/Site_Kerger_01-75x75.jpg 75w\" sizes=\"(max-width: 300px) 100vw, 300px\" \/>\t\t\t\t\t\t\t\t<\/a>\n\t\t\t\t\t\t\t\t\t\t\t<figcaption class=\"widget-image-caption wp-caption-text\">Palfinger PK165.002 TEC7<\/figcaption>\n\t\t\t\t\t\t\t\t\t\t<\/figure>\n\t\t\t\t\t\t\t\t\t<\/div>\n\t\t\t\t<\/div>\n\t\t\t\t\t<\/div>\n\t\t<\/div>\n\t\t\t\t<div class=\"elementor-column elementor-col-25 elementor-top-column elementor-element elementor-element-4e00ebc\" data-id=\"4e00ebc\" data-element_type=\"column\" data-e-type=\"column\">\n\t\t\t<div class=\"elementor-widget-wrap elementor-element-populated\">\n\t\t\t\t\t\t<div class=\"elementor-element elementor-element-ab67608 e-transform elementor-widget elementor-widget-image\" data-id=\"ab67608\" data-element_type=\"widget\" data-e-type=\"widget\" data-settings=\"{&quot;_transform_scale_effect_hover&quot;:{&quot;unit&quot;:&quot;px&quot;,&quot;size&quot;:1.05,&quot;sizes&quot;:[]},&quot;_transform_scale_effect_hover_tablet&quot;:{&quot;unit&quot;:&quot;px&quot;,&quot;size&quot;:&quot;&quot;,&quot;sizes&quot;:[]},&quot;_transform_scale_effect_hover_mobile&quot;:{&quot;unit&quot;:&quot;px&quot;,&quot;size&quot;:&quot;&quot;,&quot;sizes&quot;:[]}}\" data-widget_type=\"image.default\">\n\t\t\t\t<div class=\"elementor-widget-container\">\n\t\t\t\t\t\t\t\t\t\t\t\t<figure class=\"wp-caption\">\n\t\t\t\t\t\t\t\t\t\t\t<a href=\"https:\/\/www.roemen.lu\/wp\/?page_id=31768\">\n\t\t\t\t\t\t\t<img loading=\"lazy\" decoding=\"async\" width=\"300\" height=\"300\" src=\"https:\/\/www.roemen.lu\/wp\/wp-content\/uploads\/2025\/01\/12-3-300x300.jpg\" class=\"attachment-ashe-list-thumbnail size-ashe-list-thumbnail wp-image-32185\" alt=\"\" srcset=\"https:\/\/www.roemen.lu\/wp\/wp-content\/uploads\/2025\/01\/12-3-300x300.jpg 300w, https:\/\/www.roemen.lu\/wp\/wp-content\/uploads\/2025\/01\/12-3-150x150.jpg 150w, https:\/\/www.roemen.lu\/wp\/wp-content\/uploads\/2025\/01\/12-3-75x75.jpg 75w, https:\/\/www.roemen.lu\/wp\/wp-content\/uploads\/2025\/01\/12-3.jpg 400w\" sizes=\"(max-width: 300px) 100vw, 300px\" \/>\t\t\t\t\t\t\t\t<\/a>\n\t\t\t\t\t\t\t\t\t\t\t<figcaption class=\"widget-image-caption wp-caption-text\">Inneneinrichtungen von Rhino MR4<\/figcaption>\n\t\t\t\t\t\t\t\t\t\t<\/figure>\n\t\t\t\t\t\t\t\t\t<\/div>\n\t\t\t\t<\/div>\n\t\t\t\t\t<\/div>\n\t\t<\/div>\n\t\t\t\t<div class=\"elementor-column elementor-col-25 elementor-top-column elementor-element elementor-element-69a2f55\" data-id=\"69a2f55\" data-element_type=\"column\" data-e-type=\"column\">\n\t\t\t<div class=\"elementor-widget-wrap elementor-element-populated\">\n\t\t\t\t\t\t<div class=\"elementor-element elementor-element-6ac2122 e-transform elementor-widget elementor-widget-image\" data-id=\"6ac2122\" data-element_type=\"widget\" data-e-type=\"widget\" data-settings=\"{&quot;_transform_scale_effect_hover&quot;:{&quot;unit&quot;:&quot;px&quot;,&quot;size&quot;:1.05,&quot;sizes&quot;:[]},&quot;_transform_scale_effect_hover_tablet&quot;:{&quot;unit&quot;:&quot;px&quot;,&quot;size&quot;:&quot;&quot;,&quot;sizes&quot;:[]},&quot;_transform_scale_effect_hover_mobile&quot;:{&quot;unit&quot;:&quot;px&quot;,&quot;size&quot;:&quot;&quot;,&quot;sizes&quot;:[]}}\" data-widget_type=\"image.default\">\n\t\t\t\t<div class=\"elementor-widget-container\">\n\t\t\t\t\t\t\t\t\t\t\t\t<figure class=\"wp-caption\">\n\t\t\t\t\t\t\t\t\t\t\t<a href=\"https:\/\/www.roemen.lu\/wp\/?page_id=101\">\n\t\t\t\t\t\t\t<img loading=\"lazy\" decoding=\"async\" width=\"300\" height=\"300\" src=\"https:\/\/www.roemen.lu\/wp\/wp-content\/uploads\/2025\/01\/Site_Spezial_01.jpg\" class=\"attachment-large size-large wp-image-32183\" alt=\"\" srcset=\"https:\/\/www.roemen.lu\/wp\/wp-content\/uploads\/2025\/01\/Site_Spezial_01.jpg 300w, https:\/\/www.roemen.lu\/wp\/wp-content\/uploads\/2025\/01\/Site_Spezial_01-150x150.jpg 150w, https:\/\/www.roemen.lu\/wp\/wp-content\/uploads\/2025\/01\/Site_Spezial_01-75x75.jpg 75w\" sizes=\"(max-width: 300px) 100vw, 300px\" \/>\t\t\t\t\t\t\t\t<\/a>\n\t\t\t\t\t\t\t\t\t\t\t<figcaption class=\"widget-image-caption wp-caption-text\">Spezial-Fahrzeuge<\/figcaption>\n\t\t\t\t\t\t\t\t\t\t<\/figure>\n\t\t\t\t\t\t\t\t\t<\/div>\n\t\t\t\t<\/div>\n\t\t\t\t\t<\/div>\n\t\t<\/div>\n\t\t\t\t\t<\/div>\n\t\t<\/section>\n\t\t\t\t<\/div>\n\t\t","protected":false},"excerpt":{"rendered":"<p>Seit 1936 stehen wir Ihnen mit Fachkompetenz, Engagement und Innovationskraft zur Seite. Als f\u00fchrendes Unternehmen im Bereich Fahrzeugbau bieten wir Ihnen ma\u00dfgeschneiderte L\u00f6sungen, die Ihnen helfen, Ihre Ziele effizient und nachhaltig zu erreichen. Unsere Leidenschaft f\u00fcr Qualit\u00e4t und Verl\u00e4sslichkeit treibt uns an, und wir arbeiten kontinuierlich daran,unser Leistungsspektrum zu erweitern und Ihnen stets die besten L\u00f6sungen anzubieten. Moderner Karosseriebau seit 1936 \u00a0 \u00a0 \u00a0Hier unsere aktuellen Top-Themen : HUMBAUR &#8211; Lageranh\u00e4nger Unsere\u00a0Lageranh\u00e4nger\u00a0sind sofort verf\u00fcgbar und bieten hochwertige Transportl\u00f6sungen f\u00fcr verschiedene Einsatzzwecke. Eine Auswahl unserer\u00a0Humbaur-Anh\u00e4nger\u00a0finden Sie auf\u00a0AutoScout24. Dort k\u00f6nnen Sie Modelle vergleichen und direkt Kontakt aufnehmen, um Ihr passendes Fahrzeug zu finden. Entdecken Sie hier unsere Lageranh\u00e4nger . Anh\u00e4nger von Humbaur Palfinger PK165.002 TEC7 Inneneinrichtungen von Rhino MR4 Spezial-Fahrzeuge<\/p>\n","protected":false},"author":2,"featured_media":0,"parent":0,"menu_order":0,"comment_status":"closed","ping_status":"closed","template":"","meta":{"ngg_post_thumbnail":0,"footnotes":""},"class_list":["post-627","page","type-page","status-publish","hentry"],"acf":[],"_links":{"self":[{"href":"https:\/\/www.roemen.lu\/wp\/index.php?rest_route=\/wp\/v2\/pages\/627","targetHints":{"allow":["GET"]}}],"collection":[{"href":"https:\/\/www.roemen.lu\/wp\/index.php?rest_route=\/wp\/v2\/pages"}],"about":[{"href":"https:\/\/www.roemen.lu\/wp\/index.php?rest_route=\/wp\/v2\/types\/page"}],"author":[{"embeddable":true,"href":"https:\/\/www.roemen.lu\/wp\/index.php?rest_route=\/wp\/v2\/users\/2"}],"replies":[{"embeddable":true,"href":"https:\/\/www.roemen.lu\/wp\/index.php?rest_route=%2Fwp%2Fv2%2Fcomments&post=627"}],"version-history":[{"count":87,"href":"https:\/\/www.roemen.lu\/wp\/index.php?rest_route=\/wp\/v2\/pages\/627\/revisions"}],"predecessor-version":[{"id":32889,"href":"https:\/\/www.roemen.lu\/wp\/index.php?rest_route=\/wp\/v2\/pages\/627\/revisions\/32889"}],"wp:attachment":[{"href":"https:\/\/www.roemen.lu\/wp\/index.php?rest_route=%2Fwp%2Fv2%2Fmedia&parent=627"}],"curies":[{"name":"wp","href":"https:\/\/api.w.org\/{rel}","templated":true}]}}