{"id":31684,"date":"2025-01-06T15:43:11","date_gmt":"2025-01-06T13:43:11","guid":{"rendered":"https:\/\/www.roemen.lu\/wp?page_id=31684"},"modified":"2026-01-06T13:39:53","modified_gmt":"2026-01-06T11:39:53","slug":"beleuchtung","status":"publish","type":"page","link":"https:\/\/www.roemen.lu\/wp?page_id=31684","title":{"rendered":"Beleuchtung &#038; Kameras"},"content":{"rendered":"\t\t<div data-elementor-type=\"wp-page\" data-elementor-id=\"31684\" class=\"elementor elementor-31684\">\n\t\t\t\t\t\t<section class=\"elementor-section elementor-top-section elementor-element elementor-element-86428db elementor-section-boxed elementor-section-height-default elementor-section-height-default wpr-particle-no wpr-jarallax-no wpr-parallax-no wpr-sticky-section-no wpr-equal-height-no\" data-id=\"86428db\" data-element_type=\"section\" data-e-type=\"section\">\n\t\t\t\t\t\t<div class=\"elementor-container elementor-column-gap-default\">\n\t\t\t\t\t<div class=\"elementor-column elementor-col-100 elementor-top-column elementor-element elementor-element-42b0b76\" data-id=\"42b0b76\" data-element_type=\"column\" data-e-type=\"column\">\n\t\t\t<div class=\"elementor-widget-wrap elementor-element-populated\">\n\t\t\t\t\t\t<div class=\"elementor-element elementor-element-29fcf27 elementor-widget__width-initial elementor-widget elementor-widget-text-editor\" data-id=\"29fcf27\" data-element_type=\"widget\" data-e-type=\"widget\" data-widget_type=\"text-editor.default\">\n\t\t\t\t<div class=\"elementor-widget-container\">\n\t\t\t\t\t\t\t\t\t<div class=\"flex flex-col text-sm pb-25\"><article class=\"text-token-text-primary w-full focus:outline-none [--shadow-height:45px] has-data-writing-block:pointer-events-none has-data-writing-block:-mt-(--shadow-height) has-data-writing-block:pt-(--shadow-height) [&amp;:has([data-writing-block])&gt;*]:pointer-events-auto scroll-mt-[calc(var(--header-height)+min(200px,max(70px,20svh)))]\" dir=\"auto\" tabindex=\"-1\" data-turn-id=\"request-6957eb12-8420-832d-9ec7-64b2c9f2dd69-0\" data-testid=\"conversation-turn-62\" data-scroll-anchor=\"true\" data-turn=\"assistant\"><div class=\"text-base my-auto mx-auto pb-10 [--thread-content-margin:--spacing(4)] @w-sm\/main:[--thread-content-margin:--spacing(6)] @w-lg\/main:[--thread-content-margin:--spacing(16)] px-(--thread-content-margin)\"><div class=\"[--thread-content-max-width:40rem] @w-lg\/main:[--thread-content-max-width:48rem] mx-auto max-w-(--thread-content-max-width) flex-1 group\/turn-messages focus-visible:outline-hidden relative flex w-full min-w-0 flex-col agent-turn\" tabindex=\"-1\"><div class=\"flex max-w-full flex-col grow\"><div class=\"min-h-8 text-message relative flex w-full flex-col items-end gap-2 text-start break-words whitespace-normal [.text-message+&amp;]:mt-1\" dir=\"auto\" data-message-author-role=\"assistant\" data-message-id=\"f42bc7da-b43c-453b-b294-a69e596e0802\" data-message-model-slug=\"gpt-5-2\"><div class=\"flex w-full flex-col gap-1 empty:hidden first:pt-[1px]\"><div class=\"markdown prose dark:prose-invert w-full break-words light markdown-new-styling\"><p data-start=\"8\" data-end=\"667\" data-is-last-node=\"\" data-is-only-node=\"\">Das Nachr\u00fcsten von Kamera-Systemen und Kennleuchten erh\u00f6ht die Sicherheit im Stra\u00dfenverkehr, beim Rangieren und auf der Baustelle deutlich. Moderne Kamera-Systeme verbessern die Rundumsicht, reduzieren tote Winkel und unterst\u00fctzen den Fahrer bei engen Man\u00f6vern. Leistungsstarke Kennleuchten sorgen daf\u00fcr, dass Fahrzeuge fr\u00fchzeitig erkannt werden. Gerade im Baustellen- und Kommunaleinsatz ist<strong> \u201esehen und gesehen werden\u201c<\/strong> entscheidend. Durch fachgerechte Integration und hochwertige Komponenten lassen sich Unf\u00e4lle vermeiden, Arbeitsabl\u00e4ufe sicherer gestalten und der Schutz von Fahrern, Mitarbeitern und unbeteiligten Verkehrsteilnehmern nachhaltig verbessern.<\/p><\/div><\/div><\/div><\/div><\/div><\/div><\/article><\/div>\t\t\t\t\t\t\t\t<\/div>\n\t\t\t\t<\/div>\n\t\t\t\t\t<\/div>\n\t\t<\/div>\n\t\t\t\t\t<\/div>\n\t\t<\/section>\n\t\t\t\t<section class=\"elementor-section elementor-top-section elementor-element elementor-element-780a888 elementor-section-boxed elementor-section-height-default elementor-section-height-default wpr-particle-no wpr-jarallax-no wpr-parallax-no wpr-sticky-section-no wpr-equal-height-no\" data-id=\"780a888\" data-element_type=\"section\" data-e-type=\"section\">\n\t\t\t\t\t\t<div class=\"elementor-container elementor-column-gap-default\">\n\t\t\t\t\t<div class=\"elementor-column elementor-col-50 elementor-top-column elementor-element elementor-element-13e5601\" data-id=\"13e5601\" data-element_type=\"column\" data-e-type=\"column\">\n\t\t\t<div class=\"elementor-widget-wrap elementor-element-populated\">\n\t\t\t\t\t\t<div class=\"elementor-element elementor-element-c4c60b3 elementor-widget elementor-widget-image\" data-id=\"c4c60b3\" data-element_type=\"widget\" data-e-type=\"widget\" data-widget_type=\"image.default\">\n\t\t\t\t<div class=\"elementor-widget-container\">\n\t\t\t\t\t\t\t\t\t\t\t\t\t\t\t<img fetchpriority=\"high\" decoding=\"async\" width=\"500\" height=\"330\" src=\"https:\/\/www.roemen.lu\/wp\/wp-content\/uploads\/2026\/01\/Rauwers.jpg\" class=\"attachment-large size-large wp-image-33012\" alt=\"\" srcset=\"https:\/\/www.roemen.lu\/wp\/wp-content\/uploads\/2026\/01\/Rauwers.jpg 500w, https:\/\/www.roemen.lu\/wp\/wp-content\/uploads\/2026\/01\/Rauwers-300x198.jpg 300w\" sizes=\"(max-width: 500px) 100vw, 500px\" \/>\t\t\t\t\t\t\t\t\t\t\t\t\t\t\t<\/div>\n\t\t\t\t<\/div>\n\t\t\t\t\t<\/div>\n\t\t<\/div>\n\t\t\t\t<div class=\"elementor-column elementor-col-50 elementor-top-column elementor-element elementor-element-1133321\" data-id=\"1133321\" data-element_type=\"column\" data-e-type=\"column\">\n\t\t\t<div class=\"elementor-widget-wrap elementor-element-populated\">\n\t\t\t\t\t\t<div class=\"elementor-element elementor-element-372fa27 elementor-widget elementor-widget-text-editor\" data-id=\"372fa27\" data-element_type=\"widget\" data-e-type=\"widget\" data-widget_type=\"text-editor.default\">\n\t\t\t\t<div class=\"elementor-widget-container\">\n\t\t\t\t\t\t\t\t\t<div class=\"flex flex-col text-sm pb-25\"><article class=\"text-token-text-primary w-full focus:outline-none [--shadow-height:45px] has-data-writing-block:pointer-events-none has-data-writing-block:-mt-(--shadow-height) has-data-writing-block:pt-(--shadow-height) [&amp;:has([data-writing-block])&gt;*]:pointer-events-auto scroll-mt-[calc(var(--header-height)+min(200px,max(70px,20svh)))]\" dir=\"auto\" tabindex=\"-1\" data-turn-id=\"request-6957eb12-8420-832d-9ec7-64b2c9f2dd69-1\" data-testid=\"conversation-turn-64\" data-scroll-anchor=\"true\" data-turn=\"assistant\"><div class=\"text-base my-auto mx-auto pb-10 [--thread-content-margin:--spacing(4)] @w-sm\/main:[--thread-content-margin:--spacing(6)] @w-lg\/main:[--thread-content-margin:--spacing(16)] px-(--thread-content-margin)\"><div class=\"[--thread-content-max-width:40rem] @w-lg\/main:[--thread-content-max-width:48rem] mx-auto max-w-(--thread-content-max-width) flex-1 group\/turn-messages focus-visible:outline-hidden relative flex w-full min-w-0 flex-col agent-turn\" tabindex=\"-1\"><div class=\"flex max-w-full flex-col grow\"><div class=\"min-h-8 text-message relative flex w-full flex-col items-end gap-2 text-start break-words whitespace-normal [.text-message+&amp;]:mt-1\" dir=\"auto\" data-message-author-role=\"assistant\" data-message-id=\"45fd405d-6492-420b-9b8e-ce49cefe0bb3\" data-message-model-slug=\"gpt-5-2\"><div class=\"flex w-full flex-col gap-1 empty:hidden first:pt-[1px]\"><div class=\"markdown prose dark:prose-invert w-full break-words light markdown-new-styling\"><p data-start=\"8\" data-end=\"437\" data-is-last-node=\"\" data-is-only-node=\"\">\u00a0<\/p><p data-start=\"8\" data-end=\"437\" data-is-last-node=\"\" data-is-only-node=\"\">Die Kennleuchten von <strong data-start=\"29\" data-end=\"70\"><span class=\"hover:entity-accent entity-underline inline cursor-pointer align-baseline\"><span class=\"whitespace-normal\">Rauwers<\/span><\/span><\/strong> stehen f\u00fcr hohe Qualit\u00e4t, Zuverl\u00e4ssigkeit und einfache Bedienung. Das Sortiment umfasst leistungsstarke Warnleuchten mit flexiblen Montage- und Programmierm\u00f6glichkeiten. Unterschiedliche Blitzmuster, langlebige Komponenten und robuste Ausf\u00fchrung gew\u00e4hrleisten optimale Sichtbarkeit und Sicherheit im Stra\u00dfenverkehr sowie im t\u00e4glichen Baustellen- und Fahrzeugeinsatz.<\/p><\/div><\/div><\/div><\/div><\/div><\/div><\/article><\/div>\t\t\t\t\t\t\t\t<\/div>\n\t\t\t\t<\/div>\n\t\t\t\t\t<\/div>\n\t\t<\/div>\n\t\t\t\t\t<\/div>\n\t\t<\/section>\n\t\t\t\t<section class=\"elementor-section elementor-top-section elementor-element elementor-element-5b9c8b1 elementor-section-boxed elementor-section-height-default elementor-section-height-default wpr-particle-no wpr-jarallax-no wpr-parallax-no wpr-sticky-section-no wpr-equal-height-no\" data-id=\"5b9c8b1\" data-element_type=\"section\" data-e-type=\"section\">\n\t\t\t\t\t\t<div class=\"elementor-container elementor-column-gap-default\">\n\t\t\t\t\t<div class=\"elementor-column elementor-col-100 elementor-top-column elementor-element elementor-element-4adb74b\" data-id=\"4adb74b\" data-element_type=\"column\" data-e-type=\"column\">\n\t\t\t<div class=\"elementor-widget-wrap elementor-element-populated\">\n\t\t\t\t\t\t<div class=\"elementor-element elementor-element-6f3be8b elementor-arrows-position-inside elementor-widget elementor-widget-image-carousel\" data-id=\"6f3be8b\" data-element_type=\"widget\" data-e-type=\"widget\" data-settings=\"{&quot;slides_to_show&quot;:&quot;4&quot;,&quot;navigation&quot;:&quot;arrows&quot;,&quot;autoplay&quot;:&quot;yes&quot;,&quot;pause_on_hover&quot;:&quot;yes&quot;,&quot;pause_on_interaction&quot;:&quot;yes&quot;,&quot;autoplay_speed&quot;:5000,&quot;infinite&quot;:&quot;yes&quot;,&quot;speed&quot;:500}\" data-widget_type=\"image-carousel.default\">\n\t\t\t\t<div class=\"elementor-widget-container\">\n\t\t\t\t\t\t\t<div class=\"elementor-image-carousel-wrapper swiper\" role=\"region\" aria-roledescription=\"carousel\" aria-label=\"Bild Karussell\" dir=\"ltr\">\n\t\t\t<div class=\"elementor-image-carousel swiper-wrapper\" aria-live=\"off\">\n\t\t\t\t\t\t\t\t<div class=\"swiper-slide\" role=\"group\" aria-roledescription=\"slide\" aria-label=\"1 von 7\"><a data-elementor-open-lightbox=\"yes\" data-elementor-lightbox-slideshow=\"6f3be8b\" data-e-action-hash=\"#elementor-action%3Aaction%3Dlightbox%26settings%3DeyJpZCI6MzMwMTYsInVybCI6Imh0dHBzOlwvXC93d3cucm9lbWVuLmx1XC93cFwvd3AtY29udGVudFwvdXBsb2Fkc1wvMjAyNlwvMDFcL1J1d2VyczEuanBnIiwic2xpZGVzaG93IjoiNmYzYmU4YiJ9\" href=\"https:\/\/www.roemen.lu\/wp\/wp-content\/uploads\/2026\/01\/Ruwers1.jpg\"><figure class=\"swiper-slide-inner\"><img decoding=\"async\" class=\"swiper-slide-image\" src=\"https:\/\/www.roemen.lu\/wp\/wp-content\/uploads\/2026\/01\/Ruwers1.jpg\" alt=\"Ruwers1\" \/><\/figure><\/a><\/div><div class=\"swiper-slide\" role=\"group\" aria-roledescription=\"slide\" aria-label=\"2 von 7\"><a data-elementor-open-lightbox=\"yes\" data-elementor-lightbox-slideshow=\"6f3be8b\" data-e-action-hash=\"#elementor-action%3Aaction%3Dlightbox%26settings%3DeyJpZCI6MzMwMjIsInVybCI6Imh0dHBzOlwvXC93d3cucm9lbWVuLmx1XC93cFwvd3AtY29udGVudFwvdXBsb2Fkc1wvMjAyNlwvMDFcL1J1d2VyczQuanBnIiwic2xpZGVzaG93IjoiNmYzYmU4YiJ9\" href=\"https:\/\/www.roemen.lu\/wp\/wp-content\/uploads\/2026\/01\/Ruwers4.jpg\"><figure class=\"swiper-slide-inner\"><img decoding=\"async\" class=\"swiper-slide-image\" src=\"https:\/\/www.roemen.lu\/wp\/wp-content\/uploads\/2026\/01\/Ruwers4.jpg\" alt=\"Ruwers4\" \/><\/figure><\/a><\/div><div class=\"swiper-slide\" role=\"group\" aria-roledescription=\"slide\" aria-label=\"3 von 7\"><a data-elementor-open-lightbox=\"yes\" data-elementor-lightbox-slideshow=\"6f3be8b\" data-e-action-hash=\"#elementor-action%3Aaction%3Dlightbox%26settings%3DeyJpZCI6MzMwMjAsInVybCI6Imh0dHBzOlwvXC93d3cucm9lbWVuLmx1XC93cFwvd3AtY29udGVudFwvdXBsb2Fkc1wvMjAyNlwvMDFcL1J1d2VyczMuanBnIiwic2xpZGVzaG93IjoiNmYzYmU4YiJ9\" href=\"https:\/\/www.roemen.lu\/wp\/wp-content\/uploads\/2026\/01\/Ruwers3.jpg\"><figure class=\"swiper-slide-inner\"><img decoding=\"async\" class=\"swiper-slide-image\" src=\"https:\/\/www.roemen.lu\/wp\/wp-content\/uploads\/2026\/01\/Ruwers3.jpg\" alt=\"Ruwers3\" \/><\/figure><\/a><\/div><div class=\"swiper-slide\" role=\"group\" aria-roledescription=\"slide\" aria-label=\"4 von 7\"><a data-elementor-open-lightbox=\"yes\" data-elementor-lightbox-slideshow=\"6f3be8b\" data-e-action-hash=\"#elementor-action%3Aaction%3Dlightbox%26settings%3DeyJpZCI6MzMwMTgsInVybCI6Imh0dHBzOlwvXC93d3cucm9lbWVuLmx1XC93cFwvd3AtY29udGVudFwvdXBsb2Fkc1wvMjAyNlwvMDFcL1J1d2VyczIuanBnIiwic2xpZGVzaG93IjoiNmYzYmU4YiJ9\" href=\"https:\/\/www.roemen.lu\/wp\/wp-content\/uploads\/2026\/01\/Ruwers2.jpg\"><figure class=\"swiper-slide-inner\"><img decoding=\"async\" class=\"swiper-slide-image\" src=\"https:\/\/www.roemen.lu\/wp\/wp-content\/uploads\/2026\/01\/Ruwers2.jpg\" alt=\"Ruwers2\" \/><\/figure><\/a><\/div><div class=\"swiper-slide\" role=\"group\" aria-roledescription=\"slide\" aria-label=\"5 von 7\"><a data-elementor-open-lightbox=\"yes\" data-elementor-lightbox-slideshow=\"6f3be8b\" data-e-action-hash=\"#elementor-action%3Aaction%3Dlightbox%26settings%3DeyJpZCI6MzMwMjYsInVybCI6Imh0dHBzOlwvXC93d3cucm9lbWVuLmx1XC93cFwvd3AtY29udGVudFwvdXBsb2Fkc1wvMjAyNlwvMDFcL3J1d2VyczYuanBnIiwic2xpZGVzaG93IjoiNmYzYmU4YiJ9\" href=\"https:\/\/www.roemen.lu\/wp\/wp-content\/uploads\/2026\/01\/ruwers6.jpg\"><figure class=\"swiper-slide-inner\"><img decoding=\"async\" class=\"swiper-slide-image\" src=\"https:\/\/www.roemen.lu\/wp\/wp-content\/uploads\/2026\/01\/ruwers6.jpg\" alt=\"ruwers6\" \/><\/figure><\/a><\/div><div class=\"swiper-slide\" role=\"group\" aria-roledescription=\"slide\" aria-label=\"6 von 7\"><a data-elementor-open-lightbox=\"yes\" data-elementor-lightbox-slideshow=\"6f3be8b\" data-e-action-hash=\"#elementor-action%3Aaction%3Dlightbox%26settings%3DeyJpZCI6MzMwMjQsInVybCI6Imh0dHBzOlwvXC93d3cucm9lbWVuLmx1XC93cFwvd3AtY29udGVudFwvdXBsb2Fkc1wvMjAyNlwvMDFcL1J1d2VyczUuanBnIiwic2xpZGVzaG93IjoiNmYzYmU4YiJ9\" href=\"https:\/\/www.roemen.lu\/wp\/wp-content\/uploads\/2026\/01\/Ruwers5.jpg\"><figure class=\"swiper-slide-inner\"><img decoding=\"async\" class=\"swiper-slide-image\" src=\"https:\/\/www.roemen.lu\/wp\/wp-content\/uploads\/2026\/01\/Ruwers5.jpg\" alt=\"Ruwers5\" \/><\/figure><\/a><\/div><div class=\"swiper-slide\" role=\"group\" aria-roledescription=\"slide\" aria-label=\"7 von 7\"><a data-elementor-open-lightbox=\"yes\" data-elementor-lightbox-slideshow=\"6f3be8b\" data-e-action-hash=\"#elementor-action%3Aaction%3Dlightbox%26settings%3DeyJpZCI6MzMwMjgsInVybCI6Imh0dHBzOlwvXC93d3cucm9lbWVuLmx1XC93cFwvd3AtY29udGVudFwvdXBsb2Fkc1wvMjAyNlwvMDFcL1J1d2VyczcuanBnIiwic2xpZGVzaG93IjoiNmYzYmU4YiJ9\" href=\"https:\/\/www.roemen.lu\/wp\/wp-content\/uploads\/2026\/01\/Ruwers7.jpg\"><figure class=\"swiper-slide-inner\"><img decoding=\"async\" class=\"swiper-slide-image\" src=\"https:\/\/www.roemen.lu\/wp\/wp-content\/uploads\/2026\/01\/Ruwers7.jpg\" alt=\"Ruwers7\" \/><\/figure><\/a><\/div>\t\t\t<\/div>\n\t\t\t\t\t\t\t\t\t\t\t\t<div class=\"elementor-swiper-button elementor-swiper-button-prev\" role=\"button\" tabindex=\"0\">\n\t\t\t\t\t\t<i aria-hidden=\"true\" class=\"eicon-chevron-left\"><\/i>\t\t\t\t\t<\/div>\n\t\t\t\t\t<div class=\"elementor-swiper-button elementor-swiper-button-next\" role=\"button\" tabindex=\"0\">\n\t\t\t\t\t\t<i aria-hidden=\"true\" class=\"eicon-chevron-right\"><\/i>\t\t\t\t\t<\/div>\n\t\t\t\t\n\t\t\t\t\t\t\t\t\t<\/div>\n\t\t\t\t\t\t<\/div>\n\t\t\t\t<\/div>\n\t\t\t\t\t<\/div>\n\t\t<\/div>\n\t\t\t\t\t<\/div>\n\t\t<\/section>\n\t\t\t\t<section class=\"elementor-section elementor-top-section elementor-element elementor-element-2a1c4d0 elementor-section-boxed elementor-section-height-default elementor-section-height-default wpr-particle-no wpr-jarallax-no wpr-parallax-no wpr-sticky-section-no wpr-equal-height-no\" data-id=\"2a1c4d0\" data-element_type=\"section\" data-e-type=\"section\">\n\t\t\t\t\t\t<div class=\"elementor-container elementor-column-gap-default\">\n\t\t\t\t\t<div class=\"elementor-column elementor-col-50 elementor-top-column elementor-element elementor-element-6cfe099\" data-id=\"6cfe099\" data-element_type=\"column\" data-e-type=\"column\">\n\t\t\t<div class=\"elementor-widget-wrap elementor-element-populated\">\n\t\t\t\t\t\t<div class=\"elementor-element elementor-element-e6e46cd elementor-widget elementor-widget-image\" data-id=\"e6e46cd\" data-element_type=\"widget\" data-e-type=\"widget\" data-widget_type=\"image.default\">\n\t\t\t\t<div class=\"elementor-widget-container\">\n\t\t\t\t\t\t\t\t\t\t\t\t\t\t\t<img decoding=\"async\" width=\"500\" height=\"330\" src=\"https:\/\/www.roemen.lu\/wp\/wp-content\/uploads\/2026\/01\/Luis.jpg\" class=\"attachment-large size-large wp-image-33014\" alt=\"\" srcset=\"https:\/\/www.roemen.lu\/wp\/wp-content\/uploads\/2026\/01\/Luis.jpg 500w, https:\/\/www.roemen.lu\/wp\/wp-content\/uploads\/2026\/01\/Luis-300x198.jpg 300w\" sizes=\"(max-width: 500px) 100vw, 500px\" \/>\t\t\t\t\t\t\t\t\t\t\t\t\t\t\t<\/div>\n\t\t\t\t<\/div>\n\t\t\t\t\t<\/div>\n\t\t<\/div>\n\t\t\t\t<div class=\"elementor-column elementor-col-50 elementor-top-column elementor-element elementor-element-ecd65ee\" data-id=\"ecd65ee\" data-element_type=\"column\" data-e-type=\"column\">\n\t\t\t<div class=\"elementor-widget-wrap elementor-element-populated\">\n\t\t\t\t\t\t<div class=\"elementor-element elementor-element-1a7e59b elementor-widget elementor-widget-text-editor\" data-id=\"1a7e59b\" data-element_type=\"widget\" data-e-type=\"widget\" data-widget_type=\"text-editor.default\">\n\t\t\t\t<div class=\"elementor-widget-container\">\n\t\t\t\t\t\t\t\t\t<p>\u00a0<\/p><p>Die Kamerasysteme von <strong data-start=\"30\" data-end=\"71\"><span class=\"hover:entity-accent entity-underline inline cursor-pointer align-baseline\"><span class=\"whitespace-normal\">LUIS Technology<\/span><\/span><\/strong> erh\u00f6hen die Sicherheit und \u00dcbersicht im Fahrzeug erheblich. Sie erm\u00f6glichen eine zuverl\u00e4ssige \u00dcberwachung von Heck-, Seiten- und Arbeitsbereichen und reduzieren effektiv tote Winkel. Hochaufl\u00f6sende Kameras, robuste Monitore und intelligente Systeml\u00f6sungen sorgen f\u00fcr klare Bilder unter allen Einsatzbedingungen und unterst\u00fctzen Fahrer beim Rangieren, im Stra\u00dfenverkehr und auf der Baustelle.<\/p>\t\t\t\t\t\t\t\t<\/div>\n\t\t\t\t<\/div>\n\t\t\t\t\t<\/div>\n\t\t<\/div>\n\t\t\t\t\t<\/div>\n\t\t<\/section>\n\t\t\t\t<section class=\"elementor-section elementor-top-section elementor-element elementor-element-8e45ff8 elementor-section-boxed elementor-section-height-default elementor-section-height-default wpr-particle-no wpr-jarallax-no wpr-parallax-no wpr-sticky-section-no wpr-equal-height-no\" data-id=\"8e45ff8\" data-element_type=\"section\" data-e-type=\"section\">\n\t\t\t\t\t\t<div class=\"elementor-container elementor-column-gap-default\">\n\t\t\t\t\t<div class=\"elementor-column elementor-col-100 elementor-top-column elementor-element elementor-element-d4bad89\" data-id=\"d4bad89\" data-element_type=\"column\" data-e-type=\"column\">\n\t\t\t<div class=\"elementor-widget-wrap elementor-element-populated\">\n\t\t\t\t\t\t<div class=\"elementor-element elementor-element-e824a99 elementor-arrows-position-inside elementor-widget elementor-widget-image-carousel\" data-id=\"e824a99\" data-element_type=\"widget\" data-e-type=\"widget\" data-settings=\"{&quot;slides_to_show&quot;:&quot;4&quot;,&quot;navigation&quot;:&quot;arrows&quot;,&quot;autoplay&quot;:&quot;yes&quot;,&quot;pause_on_hover&quot;:&quot;yes&quot;,&quot;pause_on_interaction&quot;:&quot;yes&quot;,&quot;autoplay_speed&quot;:5000,&quot;infinite&quot;:&quot;yes&quot;,&quot;speed&quot;:500}\" data-widget_type=\"image-carousel.default\">\n\t\t\t\t<div class=\"elementor-widget-container\">\n\t\t\t\t\t\t\t<div class=\"elementor-image-carousel-wrapper swiper\" role=\"region\" aria-roledescription=\"carousel\" aria-label=\"Bild Karussell\" dir=\"ltr\">\n\t\t\t<div class=\"elementor-image-carousel swiper-wrapper\" aria-live=\"off\">\n\t\t\t\t\t\t\t\t<div class=\"swiper-slide\" role=\"group\" aria-roledescription=\"slide\" aria-label=\"1 von 4\"><figure class=\"swiper-slide-inner\"><img decoding=\"async\" class=\"swiper-slide-image\" src=\"https:\/\/www.roemen.lu\/wp\/wp-content\/uploads\/2026\/01\/Luis1.jpg\" alt=\"Luis1\" \/><\/figure><\/div><div class=\"swiper-slide\" role=\"group\" aria-roledescription=\"slide\" aria-label=\"2 von 4\"><figure class=\"swiper-slide-inner\"><img decoding=\"async\" class=\"swiper-slide-image\" src=\"https:\/\/www.roemen.lu\/wp\/wp-content\/uploads\/2026\/01\/Luis2.jpg\" alt=\"Luis2\" \/><\/figure><\/div><div class=\"swiper-slide\" role=\"group\" aria-roledescription=\"slide\" aria-label=\"3 von 4\"><figure class=\"swiper-slide-inner\"><img decoding=\"async\" class=\"swiper-slide-image\" src=\"https:\/\/www.roemen.lu\/wp\/wp-content\/uploads\/2026\/01\/Luis3.jpg\" alt=\"Luis3\" \/><\/figure><\/div><div class=\"swiper-slide\" role=\"group\" aria-roledescription=\"slide\" aria-label=\"4 von 4\"><figure class=\"swiper-slide-inner\"><img decoding=\"async\" class=\"swiper-slide-image\" src=\"https:\/\/www.roemen.lu\/wp\/wp-content\/uploads\/2026\/01\/Luis4.jpg\" alt=\"Luis4\" \/><\/figure><\/div>\t\t\t<\/div>\n\t\t\t\t\t\t\t\t\t\t\t\t<div class=\"elementor-swiper-button elementor-swiper-button-prev\" role=\"button\" tabindex=\"0\">\n\t\t\t\t\t\t<i aria-hidden=\"true\" class=\"eicon-chevron-left\"><\/i>\t\t\t\t\t<\/div>\n\t\t\t\t\t<div class=\"elementor-swiper-button elementor-swiper-button-next\" role=\"button\" tabindex=\"0\">\n\t\t\t\t\t\t<i aria-hidden=\"true\" class=\"eicon-chevron-right\"><\/i>\t\t\t\t\t<\/div>\n\t\t\t\t\n\t\t\t\t\t\t\t\t\t<\/div>\n\t\t\t\t\t\t<\/div>\n\t\t\t\t<\/div>\n\t\t\t\t\t<\/div>\n\t\t<\/div>\n\t\t\t\t\t<\/div>\n\t\t<\/section>\n\t\t\t\t<section class=\"elementor-section elementor-top-section elementor-element elementor-element-b952ab2 elementor-section-boxed elementor-section-height-default elementor-section-height-default wpr-particle-no wpr-jarallax-no wpr-parallax-no wpr-sticky-section-no wpr-equal-height-no\" data-id=\"b952ab2\" data-element_type=\"section\" data-e-type=\"section\">\n\t\t\t\t\t\t<div class=\"elementor-container elementor-column-gap-default\">\n\t\t\t\t\t<div class=\"elementor-column elementor-col-100 elementor-top-column elementor-element elementor-element-8961c49\" data-id=\"8961c49\" data-element_type=\"column\" data-e-type=\"column\">\n\t\t\t<div class=\"elementor-widget-wrap elementor-element-populated\">\n\t\t\t\t\t\t<div class=\"elementor-element elementor-element-7e32936 elementor-widget elementor-widget-text-editor\" data-id=\"7e32936\" data-element_type=\"widget\" data-e-type=\"widget\" data-widget_type=\"text-editor.default\">\n\t\t\t\t<div class=\"elementor-widget-container\">\n\t\t\t\t\t\t\t\t\t<div class=\"page-content\"><div class=\"main-content clear-fix boxed-wrapper\" data-layout=\"none\" data-sidebar-sticky=\"1\" data-sidebar-width=\"270\" data-dropcaps=\"no\"><div class=\"main-container\"><article id=\"page-31709\" class=\"post-31709 page type-page status-publish hentry\"><div class=\"post-content\"><div class=\"elementor elementor-31709\" data-elementor-type=\"wp-page\" data-elementor-id=\"31709\"><section class=\"elementor-section elementor-top-section elementor-element elementor-element-ddfe7fc elementor-section-boxed elementor-section-height-default elementor-section-height-default wpr-particle-no wpr-jarallax-no wpr-parallax-no wpr-sticky-section-no\" data-id=\"ddfe7fc\" data-element_type=\"section\"><div class=\"elementor-container elementor-column-gap-default\"><div class=\"elementor-column elementor-col-100 elementor-top-column elementor-element elementor-element-2443655\" data-id=\"2443655\" data-element_type=\"column\"><div class=\"elementor-widget-wrap elementor-element-populated\"><div class=\"elementor-element elementor-element-4a201c8 elementor-widget elementor-widget-text-editor\" data-id=\"4a201c8\" data-element_type=\"widget\" data-widget_type=\"text-editor.default\"><div class=\"elementor-widget-container\"><p>Interessiert? Dann kontaktieren Sie unser Verkaufsteam :<strong><br \/><\/strong><b>Telefon: +352 30 99 19 \u2013 1<\/b><strong><br \/>eMail: info@roemen.lu<\/strong><\/p><\/div><\/div><\/div><\/div><\/div><\/section><\/div><\/div><\/article><\/div><\/div><\/div>\t\t\t\t\t\t\t\t<\/div>\n\t\t\t\t<\/div>\n\t\t\t\t\t<\/div>\n\t\t<\/div>\n\t\t\t\t\t<\/div>\n\t\t<\/section>\n\t\t\t\t<\/div>\n\t\t","protected":false},"excerpt":{"rendered":"<p>Das Nachr\u00fcsten von Kamera-Systemen und Kennleuchten erh\u00f6ht die Sicherheit im Stra\u00dfenverkehr, beim Rangieren und auf der Baustelle deutlich. Moderne Kamera-Systeme verbessern die Rundumsicht, reduzieren tote Winkel und unterst\u00fctzen den Fahrer bei engen Man\u00f6vern. Leistungsstarke Kennleuchten sorgen daf\u00fcr, dass Fahrzeuge fr\u00fchzeitig erkannt werden. Gerade im Baustellen- und Kommunaleinsatz ist \u201esehen und gesehen werden\u201c entscheidend. Durch fachgerechte Integration und hochwertige Komponenten lassen sich Unf\u00e4lle vermeiden, Arbeitsabl\u00e4ufe sicherer gestalten und der Schutz von Fahrern, Mitarbeitern und unbeteiligten Verkehrsteilnehmern nachhaltig verbessern. \u00a0 Die Kennleuchten von Rauwers stehen f\u00fcr hohe Qualit\u00e4t, Zuverl\u00e4ssigkeit und einfache Bedienung. Das Sortiment umfasst leistungsstarke Warnleuchten mit flexiblen Montage- und Programmierm\u00f6glichkeiten. Unterschiedliche Blitzmuster, langlebige Komponenten und robuste Ausf\u00fchrung gew\u00e4hrleisten optimale Sichtbarkeit und Sicherheit im Stra\u00dfenverkehr sowie im t\u00e4glichen Baustellen- und Fahrzeugeinsatz. \u00a0 Die Kamerasysteme von LUIS Technology erh\u00f6hen die Sicherheit und \u00dcbersicht im Fahrzeug erheblich. Sie erm\u00f6glichen eine zuverl\u00e4ssige \u00dcberwachung von Heck-, Seiten- und Arbeitsbereichen und reduzieren effektiv tote Winkel. Hochaufl\u00f6sende Kameras, robuste Monitore und intelligente Systeml\u00f6sungen sorgen f\u00fcr klare Bilder unter allen Einsatzbedingungen und unterst\u00fctzen Fahrer beim Rangieren, im Stra\u00dfenverkehr und auf der Baustelle. Interessiert? Dann kontaktieren Sie unser Verkaufsteam :Telefon: +352 30 99 19 \u2013 1eMail: info@roemen.lu<\/p>\n","protected":false},"author":2,"featured_media":0,"parent":0,"menu_order":0,"comment_status":"closed","ping_status":"closed","template":"","meta":{"ngg_post_thumbnail":0,"footnotes":""},"class_list":["post-31684","page","type-page","status-publish","hentry"],"acf":[],"_links":{"self":[{"href":"https:\/\/www.roemen.lu\/wp\/index.php?rest_route=\/wp\/v2\/pages\/31684","targetHints":{"allow":["GET"]}}],"collection":[{"href":"https:\/\/www.roemen.lu\/wp\/index.php?rest_route=\/wp\/v2\/pages"}],"about":[{"href":"https:\/\/www.roemen.lu\/wp\/index.php?rest_route=\/wp\/v2\/types\/page"}],"author":[{"embeddable":true,"href":"https:\/\/www.roemen.lu\/wp\/index.php?rest_route=\/wp\/v2\/users\/2"}],"replies":[{"embeddable":true,"href":"https:\/\/www.roemen.lu\/wp\/index.php?rest_route=%2Fwp%2Fv2%2Fcomments&post=31684"}],"version-history":[{"count":11,"href":"https:\/\/www.roemen.lu\/wp\/index.php?rest_route=\/wp\/v2\/pages\/31684\/revisions"}],"predecessor-version":[{"id":33047,"href":"https:\/\/www.roemen.lu\/wp\/index.php?rest_route=\/wp\/v2\/pages\/31684\/revisions\/33047"}],"wp:attachment":[{"href":"https:\/\/www.roemen.lu\/wp\/index.php?rest_route=%2Fwp%2Fv2%2Fmedia&parent=31684"}],"curies":[{"name":"wp","href":"https:\/\/api.w.org\/{rel}","templated":true}]}}