{"id":30311,"date":"2024-08-20T22:10:50","date_gmt":"2024-08-20T20:10:50","guid":{"rendered":"https:\/\/www.roemen.lu\/wp?page_id=30311"},"modified":"2025-01-04T20:24:37","modified_gmt":"2025-01-04T18:24:37","slug":"cornut","status":"publish","type":"page","link":"https:\/\/www.roemen.lu\/wp?page_id=30311","title":{"rendered":"Cornut"},"content":{"rendered":"\t\t<div data-elementor-type=\"wp-page\" data-elementor-id=\"30311\" class=\"elementor elementor-30311\">\n\t\t\t\t\t\t<section class=\"elementor-section elementor-top-section elementor-element elementor-element-1ed986bd elementor-section-boxed elementor-section-height-default elementor-section-height-default wpr-particle-no wpr-jarallax-no wpr-parallax-no wpr-sticky-section-no\" data-id=\"1ed986bd\" data-element_type=\"section\" data-e-type=\"section\">\n\t\t\t\t\t\t<div class=\"elementor-container elementor-column-gap-default\">\n\t\t\t\t\t<div class=\"elementor-column elementor-col-100 elementor-top-column elementor-element elementor-element-39c525e7\" data-id=\"39c525e7\" data-element_type=\"column\" data-e-type=\"column\">\n\t\t\t<div class=\"elementor-widget-wrap elementor-element-populated\">\n\t\t\t\t\t\t<div class=\"elementor-element elementor-element-ab87ade elementor-widget elementor-widget-text-editor\" data-id=\"ab87ade\" data-element_type=\"widget\" data-e-type=\"widget\" data-widget_type=\"text-editor.default\">\n\t\t\t\t<div class=\"elementor-widget-container\">\n\t\t\t\t\t\t\t\t\t<p><span style=\"color: #333333;\">\r\n\t<div class=\"slideshow_container slideshow_container_style-light\" style=\"height: 480px; \" data-slideshow-id=\"30310\" data-style-name=\"style-light\" data-style-version=\"2.3.1\" >\r\n\r\n\t\t\t\t\t<div class=\"slideshow_loading_icon\"><\/div>\r\n\t\t\r\n\t\t<div class=\"slideshow_content\" style=\"display: none;\">\r\n\r\n\t\t\t<div class=\"slideshow_view\">\r\n\t\t\t\t<div class=\"slideshow_slide slideshow_slide_image\">\r\n\t\t\t\t\t\t\t\t\t\t\t<img fetchpriority=\"high\" decoding=\"async\" src=\"https:\/\/www.roemen.lu\/wp\/wp-content\/uploads\/2024\/08\/Slide-01.jpg\" alt=\"Slide 01\" width=\"1030\" height=\"450\" \/>\r\n\t\t\t\t\t\t\t\t\t\t<div class=\"slideshow_description_box slideshow_transparent\">\r\n\t\t\t\t\t\t<div class=\"slideshow_title\">Slide 01<\/div>\t\t\t\t\t\t\t\t\t\t\t<\/div>\r\n\t\t\t\t<\/div>\r\n\r\n\t\t\t\t\t\t<div style=\"clear: both;\"><\/div><\/div><div class=\"slideshow_view\">\r\n\t\t\t\t<div class=\"slideshow_slide slideshow_slide_image\">\r\n\t\t\t\t\t\t\t\t\t\t\t<img decoding=\"async\" src=\"https:\/\/www.roemen.lu\/wp\/wp-content\/uploads\/2024\/08\/Slide-02.jpg\" alt=\"Slide 02\" width=\"1030\" height=\"450\" \/>\r\n\t\t\t\t\t\t\t\t\t\t<div class=\"slideshow_description_box slideshow_transparent\">\r\n\t\t\t\t\t\t<div class=\"slideshow_title\">Slide 02<\/div>\t\t\t\t\t\t\t\t\t\t\t<\/div>\r\n\t\t\t\t<\/div>\r\n\r\n\t\t\t\t\t\t<div style=\"clear: both;\"><\/div><\/div><div class=\"slideshow_view\">\r\n\t\t\t\t<div class=\"slideshow_slide slideshow_slide_image\">\r\n\t\t\t\t\t\t\t\t\t\t\t<img decoding=\"async\" src=\"https:\/\/www.roemen.lu\/wp\/wp-content\/uploads\/2024\/08\/Slide-03.jpg\" alt=\"Slide 03\" width=\"1030\" height=\"450\" \/>\r\n\t\t\t\t\t\t\t\t\t\t<div class=\"slideshow_description_box slideshow_transparent\">\r\n\t\t\t\t\t\t<div class=\"slideshow_title\">Slide 03<\/div>\t\t\t\t\t\t\t\t\t\t\t<\/div>\r\n\t\t\t\t<\/div>\r\n\r\n\t\t\t\t\t\t<div style=\"clear: both;\"><\/div><\/div>\r\n\t\t<\/div>\r\n\r\n\t\t<div class=\"slideshow_controlPanel slideshow_transparent\" style=\"display: none;\"><ul><li class=\"slideshow_togglePlay\" data-play-text=\"Abspielen\" data-pause-text=\"Pause\"><\/li><\/ul><\/div>\r\n\r\n\t\t<div class=\"slideshow_button slideshow_previous slideshow_transparent\" role=\"button\" data-previous-text=\"Zur\u00fcck\" style=\"display: none;\"><\/div>\r\n\t\t<div class=\"slideshow_button slideshow_next slideshow_transparent\" role=\"button\" data-next-text=\"N\u00e4chstes\" style=\"display: none;\"><\/div>\r\n\r\n\t\t<div class=\"slideshow_pagination\" style=\"display: none;\" data-go-to-text=\"Gehe zum Bild\"><div class=\"slideshow_pagination_center\"><\/div><\/div>\r\n\r\n\t\t<!-- WordPress Slideshow Version 2.3.1 -->\r\n\r\n\t\t\t<\/div>\r\n\r\n<\/span><\/p>\n<p><\/p>\n<p><\/p>\n<p>Bei Fahrzeugen bis 5 Tonnen greifen wir auf Gewichtsoptimierte L\u00f6sungen von <strong>Cornut <\/strong>zur\u00fcck. Die Kombination der einfachen Bauweise, hochwertige Materialien und langlebiger Elektronikbauteile sorgt f\u00fcr einen reibungslosen Arbeitsablauf mit Abrollkippern von Cornut. Die Funkfernbedienung ist eines der Vorteile die dieses Produkt Ihnen bieten kann.<\/p>\n<p><\/p>\n<p class=\"has-black-color has-text-color has-link-color\"><span style=\"color: #808080;\">Entdecken Sie hier die verschiedenen Produkt:<\/span><\/p>\n<p><\/p>\n<p><\/p>\n<p><\/p>\n<p><\/p>\n<p><\/p>\n<p><\/p>\n<p><\/p>\n<p><\/p>\n<p><\/p>\t\t\t\t\t\t\t\t<\/div>\n\t\t\t\t<\/div>\n\t\t\t\t\t<\/div>\n\t\t<\/div>\n\t\t\t\t\t<\/div>\n\t\t<\/section>\n\t\t\t\t<section class=\"elementor-section elementor-top-section elementor-element elementor-element-00ae17e elementor-section-boxed elementor-section-height-default elementor-section-height-default wpr-particle-no wpr-jarallax-no wpr-parallax-no wpr-sticky-section-no\" data-id=\"00ae17e\" data-element_type=\"section\" data-e-type=\"section\">\n\t\t\t\t\t\t<div class=\"elementor-container elementor-column-gap-default\">\n\t\t\t\t\t<div class=\"elementor-column elementor-col-50 elementor-top-column elementor-element elementor-element-9d7d875\" data-id=\"9d7d875\" data-element_type=\"column\" data-e-type=\"column\">\n\t\t\t<div class=\"elementor-widget-wrap elementor-element-populated\">\n\t\t\t\t\t\t<div class=\"elementor-element elementor-element-70c4d1b elementor-widget elementor-widget-image\" data-id=\"70c4d1b\" data-element_type=\"widget\" data-e-type=\"widget\" data-widget_type=\"image.default\">\n\t\t\t\t<div class=\"elementor-widget-container\">\n\t\t\t\t\t\t\t\t\t\t\t\t<figure class=\"wp-caption\">\n\t\t\t\t\t\t\t\t\t\t\t<a href=\"https:\/\/www.cornut.fr\/bras-hydrauliques\/bras-hydrauliques-pour-vul\/\" target=\"_blank\">\n\t\t\t\t\t\t\t<img decoding=\"async\" src=\"https:\/\/www.roemen.lu\/wp\/wp-content\/uploads\/elementor\/thumbs\/03-qzh757lwuokglfo2ox4avqffy4g06izrqeoshkp96g.jpg\" title=\"03\" alt=\"03\" loading=\"lazy\" \/>\t\t\t\t\t\t\t\t<\/a>\n\t\t\t\t\t\t\t\t\t\t\t<figcaption class=\"widget-image-caption wp-caption-text\">Cornut Dynamics<\/figcaption>\n\t\t\t\t\t\t\t\t\t\t<\/figure>\n\t\t\t\t\t\t\t\t\t<\/div>\n\t\t\t\t<\/div>\n\t\t\t\t\t<\/div>\n\t\t<\/div>\n\t\t\t\t<div class=\"elementor-column elementor-col-50 elementor-top-column elementor-element elementor-element-1537873\" data-id=\"1537873\" data-element_type=\"column\" data-e-type=\"column\">\n\t\t\t<div class=\"elementor-widget-wrap\">\n\t\t\t\t\t\t\t<\/div>\n\t\t<\/div>\n\t\t\t\t\t<\/div>\n\t\t<\/section>\n\t\t\t\t<section class=\"elementor-section elementor-top-section elementor-element elementor-element-8601138 elementor-section-boxed elementor-section-height-default elementor-section-height-default wpr-particle-no wpr-jarallax-no wpr-parallax-no wpr-sticky-section-no\" data-id=\"8601138\" data-element_type=\"section\" data-e-type=\"section\">\n\t\t\t\t\t\t<div class=\"elementor-container elementor-column-gap-default\">\n\t\t\t\t\t<div class=\"elementor-column elementor-col-100 elementor-top-column elementor-element elementor-element-a0cca62\" data-id=\"a0cca62\" data-element_type=\"column\" data-e-type=\"column\">\n\t\t\t<div class=\"elementor-widget-wrap elementor-element-populated\">\n\t\t\t\t\t\t<div class=\"elementor-element elementor-element-a52adc9 elementor-widget elementor-widget-text-editor\" data-id=\"a52adc9\" data-element_type=\"widget\" data-e-type=\"widget\" data-widget_type=\"text-editor.default\">\n\t\t\t\t<div class=\"elementor-widget-container\">\n\t\t\t\t\t\t\t\t\t<p>Um weitere Informationen zu erhalten Kontaktieren Sie unser Verkaufsteam unter :<br \/><strong>Telefon : +352 30 99 19 \u2013 1<\/strong><br \/><strong>eMail : info@roemen.lu<\/strong><\/p>\t\t\t\t\t\t\t\t<\/div>\n\t\t\t\t<\/div>\n\t\t\t\t\t<\/div>\n\t\t<\/div>\n\t\t\t\t\t<\/div>\n\t\t<\/section>\n\t\t\t\t<\/div>\n\t\t","protected":false},"excerpt":{"rendered":"<p>Bei Fahrzeugen bis 5 Tonnen greifen wir auf Gewichtsoptimierte L\u00f6sungen von Cornut zur\u00fcck. Die Kombination der einfachen Bauweise, hochwertige Materialien und langlebiger Elektronikbauteile sorgt f\u00fcr einen reibungslosen Arbeitsablauf mit Abrollkippern von Cornut. Die Funkfernbedienung ist eines der Vorteile die dieses Produkt Ihnen bieten kann. Entdecken Sie hier die verschiedenen Produkt: Cornut Dynamics Um weitere Informationen zu erhalten Kontaktieren Sie unser Verkaufsteam unter :Telefon : +352 30 99 19 \u2013 1eMail : info@roemen.lu<\/p>\n","protected":false},"author":2,"featured_media":0,"parent":0,"menu_order":0,"comment_status":"closed","ping_status":"closed","template":"","meta":{"ngg_post_thumbnail":0,"footnotes":""},"class_list":["post-30311","page","type-page","status-publish","hentry"],"acf":[],"_links":{"self":[{"href":"https:\/\/www.roemen.lu\/wp\/index.php?rest_route=\/wp\/v2\/pages\/30311","targetHints":{"allow":["GET"]}}],"collection":[{"href":"https:\/\/www.roemen.lu\/wp\/index.php?rest_route=\/wp\/v2\/pages"}],"about":[{"href":"https:\/\/www.roemen.lu\/wp\/index.php?rest_route=\/wp\/v2\/types\/page"}],"author":[{"embeddable":true,"href":"https:\/\/www.roemen.lu\/wp\/index.php?rest_route=\/wp\/v2\/users\/2"}],"replies":[{"embeddable":true,"href":"https:\/\/www.roemen.lu\/wp\/index.php?rest_route=%2Fwp%2Fv2%2Fcomments&post=30311"}],"version-history":[{"count":28,"href":"https:\/\/www.roemen.lu\/wp\/index.php?rest_route=\/wp\/v2\/pages\/30311\/revisions"}],"predecessor-version":[{"id":31588,"href":"https:\/\/www.roemen.lu\/wp\/index.php?rest_route=\/wp\/v2\/pages\/30311\/revisions\/31588"}],"wp:attachment":[{"href":"https:\/\/www.roemen.lu\/wp\/index.php?rest_route=%2Fwp%2Fv2%2Fmedia&parent=30311"}],"curies":[{"name":"wp","href":"https:\/\/api.w.org\/{rel}","templated":true}]}}