{"id":30186,"date":"2024-08-19T23:20:40","date_gmt":"2024-08-19T21:20:40","guid":{"rendered":"https:\/\/www.roemen.lu\/wp?page_id=30186"},"modified":"2024-08-19T23:39:44","modified_gmt":"2024-08-19T21:39:44","slug":"sortimo","status":"publish","type":"page","link":"https:\/\/www.roemen.lu\/wp?page_id=30186","title":{"rendered":"Sortimo"},"content":{"rendered":"\n\r\n\t<div class=\"slideshow_container slideshow_container_style-light\" style=\"height: 480px; \" data-slideshow-id=\"29973\" data-style-name=\"style-light\" data-style-version=\"2.3.1\" >\r\n\r\n\t\t\t\t\t<div class=\"slideshow_loading_icon\"><\/div>\r\n\t\t\r\n\t\t<div class=\"slideshow_content\" style=\"display: none;\">\r\n\r\n\t\t\t<div class=\"slideshow_view\">\r\n\t\t\t\t<div class=\"slideshow_slide slideshow_slide_image\">\r\n\t\t\t\t\t\t\t\t\t\t\t<img fetchpriority=\"high\" decoding=\"async\" src=\"https:\/\/www.roemen.lu\/wp\/wp-content\/uploads\/2024\/08\/Slideshow-02.png\" alt=\"Slideshow 02\" width=\"1090\" height=\"450\" \/>\r\n\t\t\t\t\t\t\t\t\t\t<div class=\"slideshow_description_box slideshow_transparent\">\r\n\t\t\t\t\t\t<div class=\"slideshow_title\">Slideshow 02<\/div>\t\t\t\t\t\t\t\t\t\t\t<\/div>\r\n\t\t\t\t<\/div>\r\n\r\n\t\t\t\t\t\t<div style=\"clear: both;\"><\/div><\/div><div class=\"slideshow_view\">\r\n\t\t\t\t<div class=\"slideshow_slide slideshow_slide_image\">\r\n\t\t\t\t\t\t\t\t\t\t\t<img decoding=\"async\" src=\"https:\/\/www.roemen.lu\/wp\/wp-content\/uploads\/2024\/08\/Slideshow-03.png\" alt=\"Slideshow 03\" width=\"1090\" height=\"450\" \/>\r\n\t\t\t\t\t\t\t\t\t\t<div class=\"slideshow_description_box slideshow_transparent\">\r\n\t\t\t\t\t\t<div class=\"slideshow_title\">Slideshow 03<\/div>\t\t\t\t\t\t\t\t\t\t\t<\/div>\r\n\t\t\t\t<\/div>\r\n\r\n\t\t\t\t\t\t<div style=\"clear: both;\"><\/div><\/div><div class=\"slideshow_view\">\r\n\t\t\t\t<div class=\"slideshow_slide slideshow_slide_image\">\r\n\t\t\t\t\t\t\t\t\t\t\t<img decoding=\"async\" src=\"https:\/\/www.roemen.lu\/wp\/wp-content\/uploads\/2024\/08\/Slideshow-04.png\" alt=\"Slideshow 04\" width=\"1090\" height=\"450\" \/>\r\n\t\t\t\t\t\t\t\t\t\t<div class=\"slideshow_description_box slideshow_transparent\">\r\n\t\t\t\t\t\t<div class=\"slideshow_title\">Slideshow 04<\/div>\t\t\t\t\t\t\t\t\t\t\t<\/div>\r\n\t\t\t\t<\/div>\r\n\r\n\t\t\t\t\t\t<div style=\"clear: both;\"><\/div><\/div><div class=\"slideshow_view\">\r\n\t\t\t\t<div class=\"slideshow_slide slideshow_slide_image\">\r\n\t\t\t\t\t\t\t\t\t\t\t<img loading=\"lazy\" decoding=\"async\" src=\"https:\/\/www.roemen.lu\/wp\/wp-content\/uploads\/2024\/08\/Slideshow-01.png\" alt=\"Slideshow 01\" width=\"1009\" height=\"450\" \/>\r\n\t\t\t\t\t\t\t\t\t\t<div class=\"slideshow_description_box slideshow_transparent\">\r\n\t\t\t\t\t\t<div class=\"slideshow_title\">Slideshow 01<\/div>\t\t\t\t\t\t\t\t\t\t\t<\/div>\r\n\t\t\t\t<\/div>\r\n\r\n\t\t\t\t\t\t<div style=\"clear: both;\"><\/div><\/div>\r\n\t\t<\/div>\r\n\r\n\t\t<div class=\"slideshow_controlPanel slideshow_transparent\" style=\"display: none;\"><ul><li class=\"slideshow_togglePlay\" data-play-text=\"Abspielen\" data-pause-text=\"Pause\"><\/li><\/ul><\/div>\r\n\r\n\t\t<div class=\"slideshow_button slideshow_previous slideshow_transparent\" role=\"button\" data-previous-text=\"Zur\u00fcck\" style=\"display: none;\"><\/div>\r\n\t\t<div class=\"slideshow_button slideshow_next slideshow_transparent\" role=\"button\" data-next-text=\"N\u00e4chstes\" style=\"display: none;\"><\/div>\r\n\r\n\t\t<div class=\"slideshow_pagination\" style=\"display: none;\" data-go-to-text=\"Gehe zum Bild\"><div class=\"slideshow_pagination_center\"><\/div><\/div>\r\n\r\n\t\t<!-- WordPress Slideshow Version 2.3.1 -->\r\n\r\n\t\t\t<\/div>\r\n\r\n\n\n\n\n<p><\/p>\n\n\n\n<p><\/p>\n\n\n\n<p>Eine <strong>Sortimo <\/strong>Fahrzeugeinrichtung ist weit mehr als nur ein Regal im Laderaum des Transporters. Sortimo bietet L\u00f6sungen f\u00fcr mehr Produktivit\u00e4t und Sicherheit, eine bessere Wirtschaftlichkeit und zufriedene Mitarbeitende, Firmen\u00adinhaber und Kunden. Mit dem Fahrzeugregal von Sortimo ist f\u00fcr nahezu jede Fahrzeugmarke das Richtige dabei.<\/p>\n\n\n\n<p>Um weitere Informationen zu erhalten Kontaktieren Sie unser Verkaufsteam unter :<br><strong>+352 30 99 19 &#8211; 1 oder info@roemen.lu<\/strong><\/p>\n\n\n\n<p>Entdecken Sie hier die verschiedenen Produkt:<\/p>\n\n\n\n<p><p><strong>Inneneinrichtung<\/strong><\/p><br>\n<figure style=\"width: 260px\" class=\"wp-caption alignleft\"><a href=\"https:\/\/www.mysortimo.de\/de\/produkte\/fahrzeugeinrichtung\/sr5\"><img loading=\"lazy\" decoding=\"async\" src=\"https:\/\/www.roemen.lu\/wp\/wp-content\/uploads\/2024\/08\/06-1.png\" alt=\"\" width=\"260\" height=\"130\"><\/a><figcaption class=\"wp-caption-text\">Klappregale<\/figcaption><\/figure>\n\n\n<figure style=\"width: 260px\" class=\"wp-caption alignleft\"><a href=\"https:\/\/www.mysortimo.de\/de\/produkte\/fahrzeugeinrichtung\/globelyst4\"><img loading=\"lazy\" decoding=\"async\" src=\"https:\/\/www.roemen.lu\/wp\/wp-content\/uploads\/2024\/08\/04-2.png\" alt=\"\" width=\"260\" height=\"130\"><\/a><figcaption class=\"wp-caption-text\">Klappregale<\/figcaption><\/figure>\n\n\n<figure style=\"width: 260px\" class=\"wp-caption alignleft\"><a href=\"https:\/\/www.mysortimo.de\/de\/produkte\/fahrzeugeinrichtung\/flexrack2-0\"><img loading=\"lazy\" decoding=\"async\" src=\"https:\/\/www.roemen.lu\/wp\/wp-content\/uploads\/2024\/08\/07-1.png\" alt=\"\" width=\"260\" height=\"130\"><\/a><figcaption class=\"wp-caption-text\">Klappregale<\/figcaption><\/figure>\n\n\n","protected":false},"excerpt":{"rendered":"<p>Eine Sortimo Fahrzeugeinrichtung ist weit mehr als nur ein Regal im Laderaum des Transporters. Sortimo bietet L\u00f6sungen f\u00fcr mehr Produktivit\u00e4t und Sicherheit, eine bessere Wirtschaftlichkeit und zufriedene Mitarbeitende, Firmen\u00adinhaber und Kunden. Mit dem Fahrzeugregal von Sortimo ist f\u00fcr nahezu jede Fahrzeugmarke das Richtige dabei. Um weitere Informationen zu erhalten Kontaktieren Sie unser Verkaufsteam unter :+352 30 99 19 &#8211; 1 oder info@roemen.lu Entdecken Sie hier die verschiedenen Produkt: Inneneinrichtung<\/p>\n","protected":false},"author":2,"featured_media":0,"parent":0,"menu_order":0,"comment_status":"closed","ping_status":"closed","template":"","meta":{"ngg_post_thumbnail":0,"footnotes":""},"class_list":["post-30186","page","type-page","status-publish","hentry"],"acf":[],"_links":{"self":[{"href":"https:\/\/www.roemen.lu\/wp\/index.php?rest_route=\/wp\/v2\/pages\/30186","targetHints":{"allow":["GET"]}}],"collection":[{"href":"https:\/\/www.roemen.lu\/wp\/index.php?rest_route=\/wp\/v2\/pages"}],"about":[{"href":"https:\/\/www.roemen.lu\/wp\/index.php?rest_route=\/wp\/v2\/types\/page"}],"author":[{"embeddable":true,"href":"https:\/\/www.roemen.lu\/wp\/index.php?rest_route=\/wp\/v2\/users\/2"}],"replies":[{"embeddable":true,"href":"https:\/\/www.roemen.lu\/wp\/index.php?rest_route=%2Fwp%2Fv2%2Fcomments&post=30186"}],"version-history":[{"count":6,"href":"https:\/\/www.roemen.lu\/wp\/index.php?rest_route=\/wp\/v2\/pages\/30186\/revisions"}],"predecessor-version":[{"id":30219,"href":"https:\/\/www.roemen.lu\/wp\/index.php?rest_route=\/wp\/v2\/pages\/30186\/revisions\/30219"}],"wp:attachment":[{"href":"https:\/\/www.roemen.lu\/wp\/index.php?rest_route=%2Fwp%2Fv2%2Fmedia&parent=30186"}],"curies":[{"name":"wp","href":"https:\/\/api.w.org\/{rel}","templated":true}]}}