{"id":30121,"date":"2024-08-19T19:31:33","date_gmt":"2024-08-19T17:31:33","guid":{"rendered":"https:\/\/www.roemen.lu\/wp?page_id=30121"},"modified":"2024-08-20T21:57:08","modified_gmt":"2024-08-20T19:57:08","slug":"fami-storevan","status":"publish","type":"page","link":"https:\/\/www.roemen.lu\/wp?page_id=30121","title":{"rendered":"Fami &#8211; StoreVan"},"content":{"rendered":"\n\r\n\t<div class=\"slideshow_container slideshow_container_style-light\" style=\"height: 480px; \" data-slideshow-id=\"29972\" data-style-name=\"style-light\" data-style-version=\"2.3.1\" >\r\n\r\n\t\t\t\t\t<div class=\"slideshow_loading_icon\"><\/div>\r\n\t\t\r\n\t\t<div class=\"slideshow_content\" style=\"display: none;\">\r\n\r\n\t\t\t<div class=\"slideshow_view\">\r\n\t\t\t\t<div class=\"slideshow_slide slideshow_slide_image\">\r\n\t\t\t\t\t\t\t\t\t\t\t<img fetchpriority=\"high\" decoding=\"async\" src=\"https:\/\/www.roemen.lu\/wp\/wp-content\/uploads\/2024\/08\/Sideshow-01-1.png\" alt=\"Sideshow 01\" width=\"1090\" height=\"480\" \/>\r\n\t\t\t\t\t\t\t\t\t\t<div class=\"slideshow_description_box slideshow_transparent\">\r\n\t\t\t\t\t\t<div class=\"slideshow_title\">Sideshow 01<\/div>\t\t\t\t\t\t\t\t\t\t\t<\/div>\r\n\t\t\t\t<\/div>\r\n\r\n\t\t\t\t\t\t<div style=\"clear: both;\"><\/div><\/div><div class=\"slideshow_view\">\r\n\t\t\t\t<div class=\"slideshow_slide slideshow_slide_image\">\r\n\t\t\t\t\t\t\t\t\t\t\t<img decoding=\"async\" src=\"https:\/\/www.roemen.lu\/wp\/wp-content\/uploads\/2024\/08\/Sideshow-02-1.png\" alt=\"Sideshow 02\" width=\"1090\" height=\"480\" \/>\r\n\t\t\t\t\t\t\t\t\t\t<div class=\"slideshow_description_box slideshow_transparent\">\r\n\t\t\t\t\t\t<div class=\"slideshow_title\">Sideshow 02<\/div>\t\t\t\t\t\t\t\t\t\t\t<\/div>\r\n\t\t\t\t<\/div>\r\n\r\n\t\t\t\t\t\t<div style=\"clear: both;\"><\/div><\/div><div class=\"slideshow_view\">\r\n\t\t\t\t<div class=\"slideshow_slide slideshow_slide_image\">\r\n\t\t\t\t\t\t\t\t\t\t\t<img decoding=\"async\" src=\"https:\/\/www.roemen.lu\/wp\/wp-content\/uploads\/2024\/08\/Sideshow-03-1.png\" alt=\"Sideshow 03\" width=\"1090\" height=\"480\" \/>\r\n\t\t\t\t\t\t\t\t\t\t<div class=\"slideshow_description_box slideshow_transparent\">\r\n\t\t\t\t\t\t<div class=\"slideshow_title\">Sideshow 03<\/div>\t\t\t\t\t\t\t\t\t\t\t<\/div>\r\n\t\t\t\t<\/div>\r\n\r\n\t\t\t\t\t\t<div style=\"clear: both;\"><\/div><\/div><div class=\"slideshow_view\">\r\n\t\t\t\t<div class=\"slideshow_slide slideshow_slide_image\">\r\n\t\t\t\t\t\t\t\t\t\t\t<img loading=\"lazy\" decoding=\"async\" src=\"https:\/\/www.roemen.lu\/wp\/wp-content\/uploads\/2024\/08\/Sideshow-43-1.png\" alt=\"Sideshow 43\" width=\"1090\" height=\"480\" \/>\r\n\t\t\t\t\t\t\t\t\t\t<div class=\"slideshow_description_box slideshow_transparent\">\r\n\t\t\t\t\t\t<div class=\"slideshow_title\">Sideshow 43<\/div>\t\t\t\t\t\t\t\t\t\t\t<\/div>\r\n\t\t\t\t<\/div>\r\n\r\n\t\t\t\t\t\t<div style=\"clear: both;\"><\/div><\/div>\r\n\t\t<\/div>\r\n\r\n\t\t<div class=\"slideshow_controlPanel slideshow_transparent\" style=\"display: none;\"><ul><li class=\"slideshow_togglePlay\" data-play-text=\"Abspielen\" data-pause-text=\"Pause\"><\/li><\/ul><\/div>\r\n\r\n\t\t<div class=\"slideshow_button slideshow_previous slideshow_transparent\" role=\"button\" data-previous-text=\"Zur\u00fcck\" style=\"display: none;\"><\/div>\r\n\t\t<div class=\"slideshow_button slideshow_next slideshow_transparent\" role=\"button\" data-next-text=\"N\u00e4chstes\" style=\"display: none;\"><\/div>\r\n\r\n\t\t<div class=\"slideshow_pagination\" style=\"display: none;\" data-go-to-text=\"Gehe zum Bild\"><div class=\"slideshow_pagination_center\"><\/div><\/div>\r\n\r\n\t\t<!-- WordPress Slideshow Version 2.3.1 -->\r\n\r\n\t\t\t<\/div>\r\n\r\n\n\n\n\n<p><\/p>\n\n\n\n<p><strong>Fami &#8211; StoreVan<\/strong> steht f\u00fcr robuste und langlebige Einrichtungen die individell auf die Anspr\u00fcche des Kunden auf Ma\u00df eingebaut werden k\u00f6nnen. Die Inneneinrichtungen k\u00f6nne Werkzeuge, wie auch Material aufnehmen und sicher verstauen. Die Verkleidungen des Innenraums bieten den idealen Schutz der Karosserie und des Bodens.<\/p>\n\n\n\n<p>Um weitere Informationen zu erhalten Kontaktieren Sie unser Verkaufsteam unter :<br><strong>+352 30 99 19 &#8211; 1<\/strong> oder <strong>info@roemen.lu<\/strong><br>  <\/p>\n\n\n\n<p><\/p>\n\n\n<p>Entdecken Sie hier die verschiedenen Produkt:<br><b>Verkleidungen f\u00fcr Transporter<\/b><\/p>\n<p><a href=\"https:\/\/www.storevan.de\/produkte\/bodenplatten-wandverkleidungen\/\" target=\"_blank\" rel=\"noopener\"><img loading=\"lazy\" decoding=\"async\" class=\"alignnone\" src=\"https:\/\/www.roemen.lu\/wp\/wp-content\/uploads\/2024\/08\/05-1.png\" alt=\"\" width=\"260\" height=\"130\"><\/a><\/p>\n<p>&nbsp;<\/p>\n<p><b>Inneneinrichtungen<\/b><\/p>\n<figure style=\"width: 260px\" class=\"wp-caption alignleft\"><a href=\"https:\/\/www.storevan.de\/produkte\/fahrzeugregal\/\/\" target=\"_blank\" rel=\"noopener\"><img loading=\"lazy\" decoding=\"async\" src=\"https:\/\/www.roemen.lu\/wp\/wp-content\/uploads\/2024\/08\/06.png\" alt=\"\" width=\"260\" height=\"130\"><\/a><figcaption class=\"wp-caption-text\">Fahrzeugregale<\/figcaption><\/figure>\n<figure style=\"width: 260px\" class=\"wp-caption alignleft\"><a href=\"https:\/\/www.storevan.de\/produkte\/trennwandschutz-system\/\" target=\"_blank\" rel=\"noopener\"><img loading=\"lazy\" decoding=\"async\" src=\"https:\/\/www.roemen.lu\/wp\/wp-content\/uploads\/2024\/08\/01-1.png\" alt=\"\" width=\"260\" height=\"130\"><\/a><figcaption class=\"wp-caption-text\">Trennwandschutz<\/figcaption><\/figure>\n<figure style=\"width: 260px\" class=\"wp-caption alignleft\"><a href=\"https:\/\/www.storevan.de\/produkte\/klappregale-fuer-transporter\/\" target=\"_blank\" rel=\"noopener\"><img loading=\"lazy\" decoding=\"async\" src=\"https:\/\/www.roemen.lu\/wp\/wp-content\/uploads\/2024\/08\/04-1.png\" alt=\"\" width=\"260\" height=\"130\"><\/a><figcaption class=\"wp-caption-text\">Klappregale<\/figcaption><\/figure>\n<p>&nbsp;<\/p>\n<figure style=\"width: 260px\" class=\"wp-caption alignleft\"><a href=\"https:\/\/www.storevan.de\/produkte\/horizontalauszugrahmen\/\" target=\"_blank\" rel=\"noopener\"><img loading=\"lazy\" decoding=\"async\" src=\"https:\/\/www.roemen.lu\/wp\/wp-content\/uploads\/2024\/08\/03-1.png\" alt=\"\" width=\"260\" height=\"130\"><\/a><figcaption class=\"wp-caption-text\">Horizontalauszug<\/figcaption><\/figure>\n<p>&nbsp;<\/p>\n<p>&nbsp;<\/p>\n<p>&nbsp;<\/p>\n<p>&nbsp;<\/p>\n<p>&nbsp;<\/p>\n<p>&nbsp;<\/p>\n<p>&nbsp;<\/p>\n<p>&nbsp;<\/p>\n<p>&nbsp;<\/p>\n<p>&nbsp;<\/p>\n<p><b>Dachgep\u00e4cktr\u00e4ger<\/b><\/p>\n<p><a href=\"https:\/\/www.storevan.de\/produkte\/dachtraversen-dachtraeger-leitertraeger\/\" target=\"_blank\" rel=\"noopener\"><img loading=\"lazy\" decoding=\"async\" class=\"alignnone\" src=\"https:\/\/www.roemen.lu\/wp\/wp-content\/uploads\/2024\/08\/02-1.png\" alt=\"\" width=\"260\" height=\"130\"><\/a><\/p>\n<p>&nbsp;<\/p>\n<p>Um weitere Informationen zu erhalten Kontaktieren Sie unser Verkaufsteam unter :<br><strong>+352 30 99 19 &#8211; 1<\/strong> oder <strong>info@roemen.lu<\/strong><\/p>","protected":false},"excerpt":{"rendered":"<p>Fami &#8211; StoreVan steht f\u00fcr robuste und langlebige Einrichtungen die individell auf die Anspr\u00fcche des Kunden auf Ma\u00df eingebaut werden k\u00f6nnen. Die Inneneinrichtungen k\u00f6nne Werkzeuge, wie auch Material aufnehmen und sicher verstauen. Die Verkleidungen des Innenraums bieten den idealen Schutz der Karosserie und des Bodens. Um weitere Informationen zu erhalten Kontaktieren Sie unser Verkaufsteam unter :+352 30 99 19 &#8211; 1 oder info@roemen.lu Entdecken Sie hier die verschiedenen Produkt:Verkleidungen f\u00fcr Transporter &nbsp; Inneneinrichtungen &nbsp; &nbsp; &nbsp; &nbsp; &nbsp; &nbsp; &nbsp; &nbsp; &nbsp; &nbsp; &nbsp; Dachgep\u00e4cktr\u00e4ger &nbsp; Um weitere Informationen zu erhalten Kontaktieren Sie unser Verkaufsteam unter :+352 30 99 19 &#8211; 1 oder info@roemen.lu<\/p>\n","protected":false},"author":2,"featured_media":0,"parent":0,"menu_order":0,"comment_status":"closed","ping_status":"closed","template":"","meta":{"ngg_post_thumbnail":0,"footnotes":""},"class_list":["post-30121","page","type-page","status-publish","hentry"],"acf":[],"_links":{"self":[{"href":"https:\/\/www.roemen.lu\/wp\/index.php?rest_route=\/wp\/v2\/pages\/30121","targetHints":{"allow":["GET"]}}],"collection":[{"href":"https:\/\/www.roemen.lu\/wp\/index.php?rest_route=\/wp\/v2\/pages"}],"about":[{"href":"https:\/\/www.roemen.lu\/wp\/index.php?rest_route=\/wp\/v2\/types\/page"}],"author":[{"embeddable":true,"href":"https:\/\/www.roemen.lu\/wp\/index.php?rest_route=\/wp\/v2\/users\/2"}],"replies":[{"embeddable":true,"href":"https:\/\/www.roemen.lu\/wp\/index.php?rest_route=%2Fwp%2Fv2%2Fcomments&post=30121"}],"version-history":[{"count":22,"href":"https:\/\/www.roemen.lu\/wp\/index.php?rest_route=\/wp\/v2\/pages\/30121\/revisions"}],"predecessor-version":[{"id":30309,"href":"https:\/\/www.roemen.lu\/wp\/index.php?rest_route=\/wp\/v2\/pages\/30121\/revisions\/30309"}],"wp:attachment":[{"href":"https:\/\/www.roemen.lu\/wp\/index.php?rest_route=%2Fwp%2Fv2%2Fmedia&parent=30121"}],"curies":[{"name":"wp","href":"https:\/\/api.w.org\/{rel}","templated":true}]}}