{"id":27361,"date":"2023-06-25T20:28:27","date_gmt":"2023-06-25T18:28:27","guid":{"rendered":"https:\/\/www.roemen.lu\/wp?page_id=27361"},"modified":"2023-06-25T20:28:27","modified_gmt":"2023-06-25T18:28:27","slug":"service-hivernal","status":"publish","type":"page","link":"https:\/\/www.roemen.lu\/wp?page_id=27361&lang=fr","title":{"rendered":"Service hivernal"},"content":{"rendered":"\r\n\t<div class=\"slideshow_container slideshow_container_style-light\" style=\"height: 390px; \" data-slideshow-id=\"24407\" data-style-name=\"style-light\" data-style-version=\"2.3.1\" >\r\n\r\n\t\t\t\t\t<div class=\"slideshow_loading_icon\"><\/div>\r\n\t\t\r\n\t\t<div class=\"slideshow_content\" style=\"display: none;\">\r\n\r\n\t\t\t<div class=\"slideshow_view\">\r\n\t\t\t\t<div class=\"slideshow_slide slideshow_slide_image\">\r\n\t\t\t\t\t\t\t\t\t\t\t<img fetchpriority=\"high\" decoding=\"async\" src=\"https:\/\/www.roemen.lu\/wp\/wp-content\/uploads\/2023\/06\/04.jpg\" alt=\"04\" width=\"1280\" height=\"460\" \/>\r\n\t\t\t\t\t\t\t\t\t\t<div class=\"slideshow_description_box slideshow_transparent\">\r\n\t\t\t\t\t\t<div class=\"slideshow_title\">04<\/div>\t\t\t\t\t\t\t\t\t\t\t<\/div>\r\n\t\t\t\t<\/div>\r\n\r\n\t\t\t\t\t\t<div style=\"clear: both;\"><\/div><\/div><div class=\"slideshow_view\">\r\n\t\t\t\t<div class=\"slideshow_slide slideshow_slide_image\">\r\n\t\t\t\t\t\t\t\t\t\t\t<img decoding=\"async\" src=\"https:\/\/www.roemen.lu\/wp\/wp-content\/uploads\/2023\/06\/01.jpg\" alt=\"01\" width=\"1280\" height=\"460\" \/>\r\n\t\t\t\t\t\t\t\t\t\t<div class=\"slideshow_description_box slideshow_transparent\">\r\n\t\t\t\t\t\t<div class=\"slideshow_title\">01<\/div>\t\t\t\t\t\t\t\t\t\t\t<\/div>\r\n\t\t\t\t<\/div>\r\n\r\n\t\t\t\t\t\t<div style=\"clear: both;\"><\/div><\/div><div class=\"slideshow_view\">\r\n\t\t\t\t<div class=\"slideshow_slide slideshow_slide_image\">\r\n\t\t\t\t\t\t\t\t\t\t\t<img decoding=\"async\" src=\"https:\/\/www.roemen.lu\/wp\/wp-content\/uploads\/2023\/06\/03.jpg\" alt=\"03\" width=\"1280\" height=\"460\" \/>\r\n\t\t\t\t\t\t\t\t\t\t<div class=\"slideshow_description_box slideshow_transparent\">\r\n\t\t\t\t\t\t<div class=\"slideshow_title\">03<\/div>\t\t\t\t\t\t\t\t\t\t\t<\/div>\r\n\t\t\t\t<\/div>\r\n\r\n\t\t\t\t\t\t<div style=\"clear: both;\"><\/div><\/div><div class=\"slideshow_view\">\r\n\t\t\t\t<div class=\"slideshow_slide slideshow_slide_image\">\r\n\t\t\t\t\t\t\t\t\t\t\t<img loading=\"lazy\" decoding=\"async\" src=\"https:\/\/www.roemen.lu\/wp\/wp-content\/uploads\/2023\/06\/05.jpg\" alt=\"05\" width=\"1280\" height=\"460\" \/>\r\n\t\t\t\t\t\t\t\t\t\t<div class=\"slideshow_description_box slideshow_transparent\">\r\n\t\t\t\t\t\t<div class=\"slideshow_title\">05<\/div>\t\t\t\t\t\t\t\t\t\t\t<\/div>\r\n\t\t\t\t<\/div>\r\n\r\n\t\t\t\t\t\t<div style=\"clear: both;\"><\/div><\/div><div class=\"slideshow_view\">\r\n\t\t\t\t<div class=\"slideshow_slide slideshow_slide_image\">\r\n\t\t\t\t\t\t\t\t\t\t\t<img loading=\"lazy\" decoding=\"async\" src=\"https:\/\/www.roemen.lu\/wp\/wp-content\/uploads\/2023\/06\/02.jpg\" alt=\"02\" width=\"1280\" height=\"460\" \/>\r\n\t\t\t\t\t\t\t\t\t\t<div class=\"slideshow_description_box slideshow_transparent\">\r\n\t\t\t\t\t\t<div class=\"slideshow_title\">02<\/div>\t\t\t\t\t\t\t\t\t\t\t<\/div>\r\n\t\t\t\t<\/div>\r\n\r\n\t\t\t\t\t\t<div style=\"clear: both;\"><\/div><\/div>\r\n\t\t<\/div>\r\n\r\n\t\t<div class=\"slideshow_controlPanel slideshow_transparent\" style=\"display: none;\"><ul><li class=\"slideshow_togglePlay\" data-play-text=\"Abspielen\" data-pause-text=\"Pause\"><\/li><\/ul><\/div>\r\n\r\n\t\t<div class=\"slideshow_button slideshow_previous slideshow_transparent\" role=\"button\" data-previous-text=\"Zur\u00fcck\" style=\"display: none;\"><\/div>\r\n\t\t<div class=\"slideshow_button slideshow_next slideshow_transparent\" role=\"button\" data-next-text=\"N\u00e4chstes\" style=\"display: none;\"><\/div>\r\n\r\n\t\t<div class=\"slideshow_pagination\" style=\"display: none;\" data-go-to-text=\"Gehe zum Bild\"><div class=\"slideshow_pagination_center\"><\/div><\/div>\r\n\r\n\t\t<!-- WordPress Slideshow Version 2.3.1 -->\r\n\r\n\t\t\t<\/div>\r\n\r\n\n<p>De la commande de service hivernal \u00e0 l&#8217;\u00e9pandeur en passant par la lame \u00e0 neige, <strong>K\u00fcpperWeisser<\/strong> propose toute la gamme d&#8217;\u00e9quipements de service hivernal. Un \u00e9quipement complet et des commandes et dispositifs de mesure polyvalents offrent \u00e0 nos clients le meilleur suivi des services rendus sur les routes.<br \/>\nNotre exp\u00e9rience et celle de K\u00fcpperWeisser sont les bonnes conditions pour trouver la bonne combinaison de composants et la meilleure solution possible pour les services de nos clients.<\/p>\n","protected":false},"excerpt":{"rendered":"<p>De la commande de service hivernal \u00e0 l&#8217;\u00e9pandeur en passant par la lame \u00e0 neige, K\u00fcpperWeisser propose toute la gamme d&#8217;\u00e9quipements de service hivernal. Un \u00e9quipement complet et des commandes et dispositifs de mesure polyvalents offrent \u00e0 nos clients le meilleur suivi des services rendus sur les routes. Notre exp\u00e9rience et celle de K\u00fcpperWeisser sont les bonnes conditions pour trouver la bonne combinaison de composants et la meilleure solution possible pour les services de nos clients.<\/p>\n","protected":false},"author":2,"featured_media":0,"parent":27311,"menu_order":0,"comment_status":"closed","ping_status":"closed","template":"","meta":{"ngg_post_thumbnail":0,"footnotes":""},"class_list":["post-27361","page","type-page","status-publish","hentry"],"acf":[],"_links":{"self":[{"href":"https:\/\/www.roemen.lu\/wp\/index.php?rest_route=\/wp\/v2\/pages\/27361","targetHints":{"allow":["GET"]}}],"collection":[{"href":"https:\/\/www.roemen.lu\/wp\/index.php?rest_route=\/wp\/v2\/pages"}],"about":[{"href":"https:\/\/www.roemen.lu\/wp\/index.php?rest_route=\/wp\/v2\/types\/page"}],"author":[{"embeddable":true,"href":"https:\/\/www.roemen.lu\/wp\/index.php?rest_route=\/wp\/v2\/users\/2"}],"replies":[{"embeddable":true,"href":"https:\/\/www.roemen.lu\/wp\/index.php?rest_route=%2Fwp%2Fv2%2Fcomments&post=27361"}],"version-history":[{"count":0,"href":"https:\/\/www.roemen.lu\/wp\/index.php?rest_route=\/wp\/v2\/pages\/27361\/revisions"}],"up":[{"embeddable":true,"href":"https:\/\/www.roemen.lu\/wp\/index.php?rest_route=\/wp\/v2\/pages\/27311"}],"wp:attachment":[{"href":"https:\/\/www.roemen.lu\/wp\/index.php?rest_route=%2Fwp%2Fv2%2Fmedia&parent=27361"}],"curies":[{"name":"wp","href":"https:\/\/api.w.org\/{rel}","templated":true}]}}