{"id":27357,"date":"2022-05-15T09:32:42","date_gmt":"2022-05-15T07:32:42","guid":{"rendered":"https:\/\/www.roemen.lu\/wp?page_id=27357"},"modified":"2022-05-15T09:32:42","modified_gmt":"2022-05-15T07:32:42","slug":"serrurier-m-f-d","status":"publish","type":"page","link":"https:\/\/www.roemen.lu\/wp?page_id=27357&lang=fr","title":{"rendered":"Serrurier (m\/f\/d)"},"content":{"rendered":"<p><strong>Vos activit\u00e9s:<\/strong><\/p>\n<ul>\n<li>Fabrication autonome de superstructures de v\u00e9hicules sur des v\u00e9hicules neufs<\/li>\n<li>R\u00e9paration et redressement autonomes de carrosseries de v\u00e9hicules<\/li>\n<li>Montage de superstructures et de composants de v\u00e9hicules (bennes, amplirolls, grues, etc.)<\/li>\n<li>Fabrication de t\u00f4les et de structures m\u00e9talliques<\/li>\n<li>Garantie de la satisfaction du client<\/li>\n<\/ul>\n<p><strong>Votre profil:<\/strong><\/p>\n<ul>\n<li>Pr\u00e9sentation fiable et approche structur\u00e9e<\/li>\n<li>Connaissance de fran\u00e7ais<\/li>\n<li>Tr\u00e8s bonnes connaissances en m\u00e9tallurgie<\/li>\n<li>Tr\u00e8s bonnes connaissances en soudage avec MIG\/MAG<\/li>\n<li>Haut niveau de pr\u00e9cision et grande habilet\u00e9 manuelle<\/li>\n<li>Exp\u00e9rience professionnelle dans le domaine des v\u00e9hicules utilitaires est un avantage<\/li>\n<\/ul>\n<p><strong>Pourquoi Roemen?<\/strong><\/p>\n<ul>\n<li>Se d\u00e9velopper avec une entreprise en pleine \u00e9volution<\/li>\n<li>Une hi\u00e9rarchie horizontale et des processus d\u00e9cisionnels courts<\/li>\n<li>Excellentes opportunit\u00e9s de d\u00e9veloppement bas\u00e9es sur tes points forts<\/li>\n<li>Un environnement familial et dynamique<\/li>\n<\/ul>\n<p>Profite de l&#8217;occasion et pose ta candidature d\u00e8s maintenant sous: <a href=\"mailto:jobs@roemen.lu\"><strong>jobs@roemen.lu<\/strong><\/a><\/p>\n","protected":false},"excerpt":{"rendered":"<p>Vos activit\u00e9s: Fabrication autonome de superstructures de v\u00e9hicules sur des v\u00e9hicules neufs R\u00e9paration et redressement autonomes de carrosseries de v\u00e9hicules Montage de superstructures et de composants de v\u00e9hicules (bennes, amplirolls, grues, etc.) Fabrication de t\u00f4les et de structures m\u00e9talliques Garantie de la satisfaction du client Votre profil: Pr\u00e9sentation fiable et approche structur\u00e9e Connaissance de fran\u00e7ais Tr\u00e8s bonnes connaissances en m\u00e9tallurgie Tr\u00e8s bonnes connaissances en soudage avec MIG\/MAG Haut niveau de pr\u00e9cision et grande habilet\u00e9 manuelle Exp\u00e9rience professionnelle dans le domaine des v\u00e9hicules utilitaires est un avantage Pourquoi Roemen? Se d\u00e9velopper avec une entreprise en pleine \u00e9volution Une hi\u00e9rarchie horizontale et des processus d\u00e9cisionnels courts Excellentes opportunit\u00e9s de d\u00e9veloppement bas\u00e9es sur tes points forts Un environnement familial et dynamique Profite de l&#8217;occasion et pose ta candidature d\u00e8s maintenant sous: jobs@roemen.lu<\/p>\n","protected":false},"author":2,"featured_media":0,"parent":27293,"menu_order":0,"comment_status":"closed","ping_status":"closed","template":"","meta":{"ngg_post_thumbnail":0,"footnotes":""},"class_list":["post-27357","page","type-page","status-publish","hentry"],"acf":[],"_links":{"self":[{"href":"https:\/\/www.roemen.lu\/wp\/index.php?rest_route=\/wp\/v2\/pages\/27357","targetHints":{"allow":["GET"]}}],"collection":[{"href":"https:\/\/www.roemen.lu\/wp\/index.php?rest_route=\/wp\/v2\/pages"}],"about":[{"href":"https:\/\/www.roemen.lu\/wp\/index.php?rest_route=\/wp\/v2\/types\/page"}],"author":[{"embeddable":true,"href":"https:\/\/www.roemen.lu\/wp\/index.php?rest_route=\/wp\/v2\/users\/2"}],"replies":[{"embeddable":true,"href":"https:\/\/www.roemen.lu\/wp\/index.php?rest_route=%2Fwp%2Fv2%2Fcomments&post=27357"}],"version-history":[{"count":0,"href":"https:\/\/www.roemen.lu\/wp\/index.php?rest_route=\/wp\/v2\/pages\/27357\/revisions"}],"up":[{"embeddable":true,"href":"https:\/\/www.roemen.lu\/wp\/index.php?rest_route=\/wp\/v2\/pages\/27293"}],"wp:attachment":[{"href":"https:\/\/www.roemen.lu\/wp\/index.php?rest_route=%2Fwp%2Fv2%2Fmedia&parent=27357"}],"curies":[{"name":"wp","href":"https:\/\/api.w.org\/{rel}","templated":true}]}}