{"id":27351,"date":"2022-04-23T16:46:45","date_gmt":"2022-04-23T14:46:45","guid":{"rendered":"https:\/\/www.roemen.lu\/wp?page_id=27351"},"modified":"2022-04-23T16:46:45","modified_gmt":"2022-04-23T14:46:45","slug":"electronicien-dautomobile-m-f-d","status":"publish","type":"page","link":"https:\/\/www.roemen.lu\/wp?page_id=27351&lang=fr","title":{"rendered":"\u00c9lectronicien d\u2019automobile (m\/f\/d)"},"content":{"rendered":"<p><strong>Vos activit\u00e9s:<\/strong><\/p>\n<ul>\n<li>Fabrication et r\u00e9paration autonome de superstructures de v\u00e9hicules sur des v\u00e9hicules neufs<\/li>\n<li>C\u00e2bler les superstructures au syst\u00e8me \u00e9lectrique du v\u00e9hicule<\/li>\n<li>Garantie de la satisfaction du client<\/li>\n<\/ul>\n<p><strong>Votre profil:<\/strong><\/p>\n<ul>\n<li>Pr\u00e9sentation fiable et approche structur\u00e9e<\/li>\n<li>Bonne connaissance de l&#8217;allemand et du fran\u00e7ais<\/li>\n<li>Connaissances en \u00e9lectricit\u00e9 automobile<\/li>\n<li>Haut niveau de pr\u00e9cision et grande habilet\u00e9 manuelle<\/li>\n<li>Exp\u00e9rience professionnelle dans le domaine des v\u00e9hicules utilitaires est un avantage<\/li>\n<\/ul>\n<p><strong>Pourquoi Roemen?<\/strong><\/p>\n<ul>\n<li>Se d\u00e9velopper avec une entreprise en pleine \u00e9volution<\/li>\n<li>Une hi\u00e9rarchie horizontale et des processus d\u00e9cisionnels courts<\/li>\n<li>Excellentes opportunit\u00e9s de d\u00e9veloppement bas\u00e9es sur tes points forts<\/li>\n<li>Un environnement familial et dynamique<\/li>\n<\/ul>\n<p>Profite de l&#8217;occasion et pose ta candidature d\u00e8s maintenant sous: <a href=\"mailto:jobs@roemen.lu\"><strong>jobs@roemen.lu<\/strong><\/a><\/p>\n","protected":false},"excerpt":{"rendered":"<p>Vos activit\u00e9s: Fabrication et r\u00e9paration autonome de superstructures de v\u00e9hicules sur des v\u00e9hicules neufs C\u00e2bler les superstructures au syst\u00e8me \u00e9lectrique du v\u00e9hicule Garantie de la satisfaction du client Votre profil: Pr\u00e9sentation fiable et approche structur\u00e9e Bonne connaissance de l&#8217;allemand et du fran\u00e7ais Connaissances en \u00e9lectricit\u00e9 automobile Haut niveau de pr\u00e9cision et grande habilet\u00e9 manuelle Exp\u00e9rience professionnelle dans le domaine des v\u00e9hicules utilitaires est un avantage Pourquoi Roemen? Se d\u00e9velopper avec une entreprise en pleine \u00e9volution Une hi\u00e9rarchie horizontale et des processus d\u00e9cisionnels courts Excellentes opportunit\u00e9s de d\u00e9veloppement bas\u00e9es sur tes points forts Un environnement familial et dynamique Profite de l&#8217;occasion et pose ta candidature d\u00e8s maintenant sous: jobs@roemen.lu<\/p>\n","protected":false},"author":2,"featured_media":0,"parent":27293,"menu_order":0,"comment_status":"closed","ping_status":"closed","template":"","meta":{"ngg_post_thumbnail":0,"footnotes":""},"class_list":["post-27351","page","type-page","status-publish","hentry"],"acf":[],"_links":{"self":[{"href":"https:\/\/www.roemen.lu\/wp\/index.php?rest_route=\/wp\/v2\/pages\/27351","targetHints":{"allow":["GET"]}}],"collection":[{"href":"https:\/\/www.roemen.lu\/wp\/index.php?rest_route=\/wp\/v2\/pages"}],"about":[{"href":"https:\/\/www.roemen.lu\/wp\/index.php?rest_route=\/wp\/v2\/types\/page"}],"author":[{"embeddable":true,"href":"https:\/\/www.roemen.lu\/wp\/index.php?rest_route=\/wp\/v2\/users\/2"}],"replies":[{"embeddable":true,"href":"https:\/\/www.roemen.lu\/wp\/index.php?rest_route=%2Fwp%2Fv2%2Fcomments&post=27351"}],"version-history":[{"count":0,"href":"https:\/\/www.roemen.lu\/wp\/index.php?rest_route=\/wp\/v2\/pages\/27351\/revisions"}],"up":[{"embeddable":true,"href":"https:\/\/www.roemen.lu\/wp\/index.php?rest_route=\/wp\/v2\/pages\/27293"}],"wp:attachment":[{"href":"https:\/\/www.roemen.lu\/wp\/index.php?rest_route=%2Fwp%2Fv2%2Fmedia&parent=27351"}],"curies":[{"name":"wp","href":"https:\/\/api.w.org\/{rel}","templated":true}]}}