{"id":27341,"date":"2009-05-03T22:14:36","date_gmt":"2009-05-03T20:14:36","guid":{"rendered":"https:\/\/www.roemen.lu\/wp?page_id=27341"},"modified":"2009-05-03T22:14:36","modified_gmt":"2009-05-03T20:14:36","slug":"historique","status":"publish","type":"page","link":"https:\/\/www.roemen.lu\/wp?page_id=27341&lang=fr","title":{"rendered":"Historique"},"content":{"rendered":"<p><em>\r\n\t<div class=\"slideshow_container slideshow_container_style-light\" style=\"height: 480px; \" data-slideshow-id=\"7980\" data-style-name=\"style-light\" data-style-version=\"2.3.1\" >\r\n\r\n\t\t\t\t\t<div class=\"slideshow_loading_icon\"><\/div>\r\n\t\t\r\n\t\t<div class=\"slideshow_content\" style=\"display: none;\">\r\n\r\n\t\t\t<div class=\"slideshow_view\">\r\n\t\t\t\t<div class=\"slideshow_slide slideshow_slide_image\">\r\n\t\t\t\t\t\t\t\t\t\t\t<img src=\"https:\/\/www.roemen.lu\/wp\/wp-content\/uploads\/2016\/03\/003.jpg\" alt=\"003\" width=\"800\" height=\"350\" \/>\r\n\t\t\t\t\t\t\t\t\t\t<div class=\"slideshow_description_box slideshow_transparent\">\r\n\t\t\t\t\t\t<div class=\"slideshow_title\">003<\/div>\t\t\t\t\t\t\t\t\t\t\t<\/div>\r\n\t\t\t\t<\/div>\r\n\r\n\t\t\t\t\t\t<div style=\"clear: both;\"><\/div><\/div><div class=\"slideshow_view\">\r\n\t\t\t\t<div class=\"slideshow_slide slideshow_slide_image\">\r\n\t\t\t\t\t\t\t\t\t\t\t<img src=\"https:\/\/www.roemen.lu\/wp\/wp-content\/uploads\/2016\/03\/012-copy1.jpg\" alt=\"012 copy1\" width=\"800\" height=\"350\" \/>\r\n\t\t\t\t\t\t\t\t\t\t<div class=\"slideshow_description_box slideshow_transparent\">\r\n\t\t\t\t\t\t<div class=\"slideshow_title\">012 copy1<\/div>\t\t\t\t\t\t\t\t\t\t\t<\/div>\r\n\t\t\t\t<\/div>\r\n\r\n\t\t\t\t\t\t<div style=\"clear: both;\"><\/div><\/div><div class=\"slideshow_view\">\r\n\t\t\t\t<div class=\"slideshow_slide slideshow_slide_image\">\r\n\t\t\t\t\t\t\t\t\t\t\t<img src=\"https:\/\/www.roemen.lu\/wp\/wp-content\/uploads\/2016\/03\/028-copy1.jpg\" alt=\"028 copy1\" width=\"800\" height=\"350\" \/>\r\n\t\t\t\t\t\t\t\t\t\t<div class=\"slideshow_description_box slideshow_transparent\">\r\n\t\t\t\t\t\t<div class=\"slideshow_title\">028 copy1<\/div>\t\t\t\t\t\t\t\t\t\t\t<\/div>\r\n\t\t\t\t<\/div>\r\n\r\n\t\t\t\t\t\t<div style=\"clear: both;\"><\/div><\/div><div class=\"slideshow_view\">\r\n\t\t\t\t<div class=\"slideshow_slide slideshow_slide_image\">\r\n\t\t\t\t\t\t\t\t\t\t\t<img src=\"https:\/\/www.roemen.lu\/wp\/wp-content\/uploads\/2016\/03\/005-copy1.jpg\" alt=\"005 copy1\" width=\"800\" height=\"350\" \/>\r\n\t\t\t\t\t\t\t\t\t\t<div class=\"slideshow_description_box slideshow_transparent\">\r\n\t\t\t\t\t\t<div class=\"slideshow_title\">005 copy1<\/div>\t\t\t\t\t\t\t\t\t\t\t<\/div>\r\n\t\t\t\t<\/div>\r\n\r\n\t\t\t\t\t\t<div style=\"clear: both;\"><\/div><\/div><div class=\"slideshow_view\">\r\n\t\t\t\t<div class=\"slideshow_slide slideshow_slide_image\">\r\n\t\t\t\t\t\t\t\t\t\t\t<img src=\"https:\/\/www.roemen.lu\/wp\/wp-content\/uploads\/2016\/03\/030-copy3.jpg\" alt=\"030 copy3\" width=\"800\" height=\"350\" \/>\r\n\t\t\t\t\t\t\t\t\t\t<div class=\"slideshow_description_box slideshow_transparent\">\r\n\t\t\t\t\t\t<div class=\"slideshow_title\">030 copy3<\/div>\t\t\t\t\t\t\t\t\t\t\t<\/div>\r\n\t\t\t\t<\/div>\r\n\r\n\t\t\t\t\t\t<div style=\"clear: both;\"><\/div><\/div><div class=\"slideshow_view\">\r\n\t\t\t\t<div class=\"slideshow_slide slideshow_slide_image\">\r\n\t\t\t\t\t\t\t\t\t\t\t<img src=\"https:\/\/www.roemen.lu\/wp\/wp-content\/uploads\/2016\/03\/030-copy2.jpg\" alt=\"030 copy2\" width=\"800\" height=\"350\" \/>\r\n\t\t\t\t\t\t\t\t\t\t<div class=\"slideshow_description_box slideshow_transparent\">\r\n\t\t\t\t\t\t<div class=\"slideshow_title\">030 copy2<\/div>\t\t\t\t\t\t\t\t\t\t\t<\/div>\r\n\t\t\t\t<\/div>\r\n\r\n\t\t\t\t\t\t<div style=\"clear: both;\"><\/div><\/div><div class=\"slideshow_view\">\r\n\t\t\t\t<div class=\"slideshow_slide slideshow_slide_image\">\r\n\t\t\t\t\t\t\t\t\t\t\t<img src=\"https:\/\/www.roemen.lu\/wp\/wp-content\/uploads\/2016\/03\/017-copy.jpg\" alt=\"017 copy\" width=\"800\" height=\"350\" \/>\r\n\t\t\t\t\t\t\t\t\t\t<div class=\"slideshow_description_box slideshow_transparent\">\r\n\t\t\t\t\t\t<div class=\"slideshow_title\">017 copy<\/div>\t\t\t\t\t\t\t\t\t\t\t<\/div>\r\n\t\t\t\t<\/div>\r\n\r\n\t\t\t\t\t\t<div style=\"clear: both;\"><\/div><\/div><div class=\"slideshow_view\">\r\n\t\t\t\t<div class=\"slideshow_slide slideshow_slide_image\">\r\n\t\t\t\t\t\t\t\t\t\t\t<img src=\"https:\/\/www.roemen.lu\/wp\/wp-content\/uploads\/2016\/03\/017-cop2y.jpg\" alt=\"017 cop2y\" width=\"800\" height=\"350\" \/>\r\n\t\t\t\t\t\t\t\t\t\t<div class=\"slideshow_description_box slideshow_transparent\">\r\n\t\t\t\t\t\t<div class=\"slideshow_title\">017 cop2y<\/div>\t\t\t\t\t\t\t\t\t\t\t<\/div>\r\n\t\t\t\t<\/div>\r\n\r\n\t\t\t\t\t\t<div style=\"clear: both;\"><\/div><\/div><div class=\"slideshow_view\">\r\n\t\t\t\t<div class=\"slideshow_slide slideshow_slide_image\">\r\n\t\t\t\t\t\t\t\t\t\t\t<img src=\"https:\/\/www.roemen.lu\/wp\/wp-content\/uploads\/2016\/03\/017-cop32y.jpg\" alt=\"017 cop32y\" width=\"800\" height=\"350\" \/>\r\n\t\t\t\t\t\t\t\t\t\t<div class=\"slideshow_description_box slideshow_transparent\">\r\n\t\t\t\t\t\t<div class=\"slideshow_title\">017 cop32y<\/div>\t\t\t\t\t\t\t\t\t\t\t<\/div>\r\n\t\t\t\t<\/div>\r\n\r\n\t\t\t\t\t\t<div style=\"clear: both;\"><\/div><\/div><div class=\"slideshow_view\">\r\n\t\t\t\t<div class=\"slideshow_slide slideshow_slide_image\">\r\n\t\t\t\t\t\t\t\t\t\t\t<img src=\"https:\/\/www.roemen.lu\/wp\/wp-content\/uploads\/2016\/03\/016-c2opy.jpg\" alt=\"016 c2opy\" width=\"800\" height=\"350\" \/>\r\n\t\t\t\t\t\t\t\t\t\t<div class=\"slideshow_description_box slideshow_transparent\">\r\n\t\t\t\t\t\t<div class=\"slideshow_title\">016 c2opy<\/div>\t\t\t\t\t\t\t\t\t\t\t<\/div>\r\n\t\t\t\t<\/div>\r\n\r\n\t\t\t\t\t\t<div style=\"clear: both;\"><\/div><\/div><div class=\"slideshow_view\">\r\n\t\t\t\t<div class=\"slideshow_slide slideshow_slide_image\">\r\n\t\t\t\t\t\t\t\t\t\t\t<img src=\"https:\/\/www.roemen.lu\/wp\/wp-content\/uploads\/2016\/03\/013-copy.jpg\" alt=\"013 copy\" width=\"800\" height=\"350\" \/>\r\n\t\t\t\t\t\t\t\t\t\t<div class=\"slideshow_description_box slideshow_transparent\">\r\n\t\t\t\t\t\t<div class=\"slideshow_title\">013 copy<\/div>\t\t\t\t\t\t\t\t\t\t\t<\/div>\r\n\t\t\t\t<\/div>\r\n\r\n\t\t\t\t\t\t<div style=\"clear: both;\"><\/div><\/div><div class=\"slideshow_view\">\r\n\t\t\t\t<div class=\"slideshow_slide slideshow_slide_image\">\r\n\t\t\t\t\t\t\t\t\t\t\t<img src=\"https:\/\/www.roemen.lu\/wp\/wp-content\/uploads\/2016\/03\/013-co22py.jpg\" alt=\"013 co22py\" width=\"800\" height=\"350\" \/>\r\n\t\t\t\t\t\t\t\t\t\t<div class=\"slideshow_description_box slideshow_transparent\">\r\n\t\t\t\t\t\t<div class=\"slideshow_title\">013 co22py<\/div>\t\t\t\t\t\t\t\t\t\t\t<\/div>\r\n\t\t\t\t<\/div>\r\n\r\n\t\t\t\t\t\t<div style=\"clear: both;\"><\/div><\/div><div class=\"slideshow_view\">\r\n\t\t\t\t<div class=\"slideshow_slide slideshow_slide_image\">\r\n\t\t\t\t\t\t\t\t\t\t\t<img src=\"https:\/\/www.roemen.lu\/wp\/wp-content\/uploads\/2016\/03\/009-copy.jpg\" alt=\"009 copy\" width=\"800\" height=\"350\" \/>\r\n\t\t\t\t\t\t\t\t\t\t<div class=\"slideshow_description_box slideshow_transparent\">\r\n\t\t\t\t\t\t<div class=\"slideshow_title\">009 copy<\/div>\t\t\t\t\t\t\t\t\t\t\t<\/div>\r\n\t\t\t\t<\/div>\r\n\r\n\t\t\t\t\t\t<div style=\"clear: both;\"><\/div><\/div>\r\n\t\t<\/div>\r\n\r\n\t\t<div class=\"slideshow_controlPanel slideshow_transparent\" style=\"display: none;\"><ul><li class=\"slideshow_togglePlay\" data-play-text=\"Abspielen\" data-pause-text=\"Pause\"><\/li><\/ul><\/div>\r\n\r\n\t\t<div class=\"slideshow_button slideshow_previous slideshow_transparent\" role=\"button\" data-previous-text=\"Zur\u00fcck\" style=\"display: none;\"><\/div>\r\n\t\t<div class=\"slideshow_button slideshow_next slideshow_transparent\" role=\"button\" data-next-text=\"N\u00e4chstes\" style=\"display: none;\"><\/div>\r\n\r\n\t\t<div class=\"slideshow_pagination\" style=\"display: none;\" data-go-to-text=\"Gehe zum Bild\"><div class=\"slideshow_pagination_center\"><\/div><\/div>\r\n\r\n\t\t<!-- WordPress Slideshow Version 2.3.1 -->\r\n\r\n\t\t\t<\/div>\r\n\r\n<\/em><br \/>\n<em>Une petite entreprise de l&#8217;Oesling &#8230;<\/em><\/p>\n<p style=\"text-align: justify;\">En 1936, au terme d&#8216; ann\u00e9es d&#8217;apprentissage chez plusieurs carrossiers belges, Fran\u00e7ois Roemen cr\u00e9a avec son fr\u00e8re Theo une entreprise de carrosseries qui sera promise \u00e0 un avenir durable. En effet cette premi\u00e8re exploitation, gr\u00e2ce notamment \u00e0 une abondante client\u00e8le transfrontali\u00e8re, allait rapidement prosp\u00e9rer pour devenir une entreprise florissante. D\u00e8s le d\u00e9but des ann\u00e9es 60 une vingtaine de personnes \u00e9taient employ\u00e9es dans ses ateliers. Puis l&#8217;affaire fut reprise par Roger Roemen, fils du couple Fran\u00e7ois et Suzanne Roemen-Neys.<br \/>\nngg_shortcode_0_placeholder<br \/>\n<em>&#8230; devient une grande carrosserie moderne<\/em><\/p>\n<p style=\"text-align: justify;\">Or il s&#8217;av\u00e9ra bient\u00f4t que les collines de l&#8217;Oesling ne fournissaient plus un cadre ad\u00e9quat aux ateliers de carrosserie, de sorte qu&#8217;on se mit \u00e0 la recherche d&#8217;un emplacement central au coeur du pays. En 1980 naquirent dans la zone industrielle de Kehlen des ateliers nouveaux, modernes et beaucoup plus spacieux. C&#8217;est l\u00e0 que l&#8217;entreprise, rejointe entre-temps par Edmond Roemen et Marie-Jeanne Roemen-Majerus, se transforma en une carrosserie moderne et performante.<br \/>\nEn 2008, les fr\u00e8res Daniel et Charel Roemen ont rejoint l&#8217;entreprise \u00e0 la place d&#8217;Edmond Roemen. L&#8217;entreprise n&#8217;a cess\u00e9 de se moderniser gr\u00e2ce \u00e0 l&#8217;augmentation du personnel administratif et \u00e0 l&#8217;introduction d&#8217;une structure d&#8217;entreprise r\u00e9glement\u00e9e dans l&#8217;atelier. L&#8217;entreprise peut ainsi offrir \u00e0 ses clients un produit de qualit\u00e9 et un service performant. D&#8217;autre part, elle offre \u00e0 ses collaborateurs un lieu de travail moderne et tourn\u00e9 vers l&#8217;avenir.<br \/>\nLa Carrosserie ROEMEN emploie aujourd&#8217;hui plus de 50 sp\u00e9cialistes qui assurent la meilleure qualit\u00e9 de la maison.[:]<\/p>\n","protected":false},"excerpt":{"rendered":"<p>Une petite entreprise de l&#8217;Oesling &#8230; En 1936, au terme d&#8216; ann\u00e9es d&#8217;apprentissage chez plusieurs carrossiers belges, Fran\u00e7ois Roemen cr\u00e9a avec son fr\u00e8re Theo une entreprise de carrosseries qui sera promise \u00e0 un avenir durable. En effet cette premi\u00e8re exploitation, gr\u00e2ce notamment \u00e0 une abondante client\u00e8le transfrontali\u00e8re, allait rapidement prosp\u00e9rer pour devenir une entreprise florissante. D\u00e8s le d\u00e9but des ann\u00e9es 60 une vingtaine de personnes \u00e9taient employ\u00e9es dans ses ateliers. Puis l&#8217;affaire fut reprise par Roger Roemen, fils du couple Fran\u00e7ois et Suzanne Roemen-Neys. &#8230; devient une grande carrosserie moderne Or il s&#8217;av\u00e9ra bient\u00f4t que les collines de l&#8217;Oesling ne fournissaient plus un cadre ad\u00e9quat aux ateliers de carrosserie, de sorte qu&#8217;on se mit \u00e0 la recherche d&#8217;un emplacement central au coeur du pays. En 1980 naquirent dans la zone industrielle de Kehlen des ateliers nouveaux, modernes et beaucoup plus spacieux. C&#8217;est l\u00e0 que l&#8217;entreprise, rejointe entre-temps par Edmond Roemen et Marie-Jeanne Roemen-Majerus, se transforma en une carrosserie moderne et performante. En 2008, les fr\u00e8res Daniel et Charel Roemen ont rejoint l&#8217;entreprise \u00e0 la place d&#8217;Edmond Roemen. L&#8217;entreprise n&#8217;a cess\u00e9 de se moderniser gr\u00e2ce \u00e0 l&#8217;augmentation du personnel administratif et \u00e0 l&#8217;introduction d&#8217;une structure d&#8217;entreprise r\u00e9glement\u00e9e dans l&#8217;atelier. L&#8217;entreprise peut ainsi offrir \u00e0 ses clients un produit de qualit\u00e9 et un service performant. D&#8217;autre part, elle offre \u00e0 ses collaborateurs un lieu de travail moderne et tourn\u00e9 vers l&#8217;avenir. La Carrosserie ROEMEN emploie aujourd&#8217;hui plus de 50 sp\u00e9cialistes qui assurent la meilleure qualit\u00e9 de la maison.[:]<\/p>\n","protected":false},"author":2,"featured_media":0,"parent":27295,"menu_order":1,"comment_status":"closed","ping_status":"closed","template":"","meta":{"ngg_post_thumbnail":0,"footnotes":""},"class_list":["post-27341","page","type-page","status-publish","hentry"],"acf":[],"_links":{"self":[{"href":"https:\/\/www.roemen.lu\/wp\/index.php?rest_route=\/wp\/v2\/pages\/27341","targetHints":{"allow":["GET"]}}],"collection":[{"href":"https:\/\/www.roemen.lu\/wp\/index.php?rest_route=\/wp\/v2\/pages"}],"about":[{"href":"https:\/\/www.roemen.lu\/wp\/index.php?rest_route=\/wp\/v2\/types\/page"}],"author":[{"embeddable":true,"href":"https:\/\/www.roemen.lu\/wp\/index.php?rest_route=\/wp\/v2\/users\/2"}],"replies":[{"embeddable":true,"href":"https:\/\/www.roemen.lu\/wp\/index.php?rest_route=%2Fwp%2Fv2%2Fcomments&post=27341"}],"version-history":[{"count":0,"href":"https:\/\/www.roemen.lu\/wp\/index.php?rest_route=\/wp\/v2\/pages\/27341\/revisions"}],"up":[{"embeddable":true,"href":"https:\/\/www.roemen.lu\/wp\/index.php?rest_route=\/wp\/v2\/pages\/27295"}],"wp:attachment":[{"href":"https:\/\/www.roemen.lu\/wp\/index.php?rest_route=%2Fwp%2Fv2%2Fmedia&parent=27341"}],"curies":[{"name":"wp","href":"https:\/\/api.w.org\/{rel}","templated":true}]}}