{"id":27327,"date":"2008-10-12T23:13:17","date_gmt":"2008-10-12T21:13:17","guid":{"rendered":"https:\/\/www.roemen.lu\/wp?page_id=27327"},"modified":"2008-10-12T23:13:17","modified_gmt":"2008-10-12T21:13:17","slug":"amenagements-interieurs","status":"publish","type":"page","link":"https:\/\/www.roemen.lu\/wp?page_id=27327&lang=fr","title":{"rendered":"Am\u00e9nagements int\u00e9rieurs"},"content":{"rendered":"\r\n\t<div class=\"slideshow_container slideshow_container_style-light\" style=\"height: 390px; \" data-slideshow-id=\"9028\" data-style-name=\"style-light\" data-style-version=\"2.3.1\" >\r\n\r\n\t\t\t\t\t<div class=\"slideshow_loading_icon\"><\/div>\r\n\t\t\r\n\t\t<div class=\"slideshow_content\" style=\"display: none;\">\r\n\r\n\t\t\t<div class=\"slideshow_view\">\r\n\t\t\t\t<div class=\"slideshow_slide slideshow_slide_image\">\r\n\t\t\t\t\t\t\t\t\t\t\t<img src=\"https:\/\/www.roemen.lu\/wp\/wp-content\/uploads\/2015\/12\/03-9.jpg\" alt=\"03\" width=\"1280\" height=\"460\" \/>\r\n\t\t\t\t\t\t\t\t\t\t<div class=\"slideshow_description_box slideshow_transparent\">\r\n\t\t\t\t\t\t<div class=\"slideshow_title\">03<\/div>\t\t\t\t\t\t\t\t\t\t\t<\/div>\r\n\t\t\t\t<\/div>\r\n\r\n\t\t\t\t\t\t<div style=\"clear: both;\"><\/div><\/div><div class=\"slideshow_view\">\r\n\t\t\t\t<div class=\"slideshow_slide slideshow_slide_image\">\r\n\t\t\t\t\t\t\t\t\t\t\t<img src=\"https:\/\/www.roemen.lu\/wp\/wp-content\/uploads\/2015\/12\/02-8.jpg\" alt=\"02\" width=\"1280\" height=\"460\" \/>\r\n\t\t\t\t\t\t\t\t\t\t<div class=\"slideshow_description_box slideshow_transparent\">\r\n\t\t\t\t\t\t<div class=\"slideshow_title\">02<\/div>\t\t\t\t\t\t\t\t\t\t\t<\/div>\r\n\t\t\t\t<\/div>\r\n\r\n\t\t\t\t\t\t<div style=\"clear: both;\"><\/div><\/div><div class=\"slideshow_view\">\r\n\t\t\t\t<div class=\"slideshow_slide slideshow_slide_image\">\r\n\t\t\t\t\t\t\t\t\t\t\t<img src=\"https:\/\/www.roemen.lu\/wp\/wp-content\/uploads\/2015\/12\/05-4.jpg\" alt=\"05\" width=\"1280\" height=\"460\" \/>\r\n\t\t\t\t\t\t\t\t\t\t<div class=\"slideshow_description_box slideshow_transparent\">\r\n\t\t\t\t\t\t<div class=\"slideshow_title\">05<\/div>\t\t\t\t\t\t\t\t\t\t\t<\/div>\r\n\t\t\t\t<\/div>\r\n\r\n\t\t\t\t\t\t<div style=\"clear: both;\"><\/div><\/div><div class=\"slideshow_view\">\r\n\t\t\t\t<div class=\"slideshow_slide slideshow_slide_image\">\r\n\t\t\t\t\t\t\t\t\t\t\t<img src=\"https:\/\/www.roemen.lu\/wp\/wp-content\/uploads\/2015\/12\/04-6.jpg\" alt=\"04\" width=\"1280\" height=\"460\" \/>\r\n\t\t\t\t\t\t\t\t\t\t<div class=\"slideshow_description_box slideshow_transparent\">\r\n\t\t\t\t\t\t<div class=\"slideshow_title\">04<\/div>\t\t\t\t\t\t\t\t\t\t\t<\/div>\r\n\t\t\t\t<\/div>\r\n\r\n\t\t\t\t\t\t<div style=\"clear: both;\"><\/div><\/div><div class=\"slideshow_view\">\r\n\t\t\t\t<div class=\"slideshow_slide slideshow_slide_image\">\r\n\t\t\t\t\t\t\t\t\t\t\t<img src=\"https:\/\/www.roemen.lu\/wp\/wp-content\/uploads\/2015\/12\/01-8.jpg\" alt=\"01\" width=\"1280\" height=\"460\" \/>\r\n\t\t\t\t\t\t\t\t\t\t<div class=\"slideshow_description_box slideshow_transparent\">\r\n\t\t\t\t\t\t<div class=\"slideshow_title\">01<\/div>\t\t\t\t\t\t\t\t\t\t\t<\/div>\r\n\t\t\t\t<\/div>\r\n\r\n\t\t\t\t\t\t<div style=\"clear: both;\"><\/div><\/div>\r\n\t\t<\/div>\r\n\r\n\t\t<div class=\"slideshow_controlPanel slideshow_transparent\" style=\"display: none;\"><ul><li class=\"slideshow_togglePlay\" data-play-text=\"Abspielen\" data-pause-text=\"Pause\"><\/li><\/ul><\/div>\r\n\r\n\t\t<div class=\"slideshow_button slideshow_previous slideshow_transparent\" role=\"button\" data-previous-text=\"Zur\u00fcck\" style=\"display: none;\"><\/div>\r\n\t\t<div class=\"slideshow_button slideshow_next slideshow_transparent\" role=\"button\" data-next-text=\"N\u00e4chstes\" style=\"display: none;\"><\/div>\r\n\r\n\t\t<div class=\"slideshow_pagination\" style=\"display: none;\" data-go-to-text=\"Gehe zum Bild\"><div class=\"slideshow_pagination_center\"><\/div><\/div>\r\n\r\n\t\t<!-- WordPress Slideshow Version 2.3.1 -->\r\n\r\n\t\t\t<\/div>\r\n\r\n\n<ul><\/ul>\n<p style=\"text-align: justify;\">Pour l&#8217;arrimage des charges, Protection des faces lat\u00e9rales, fabriquer des rangements ou des ateliers mobiles, pour tout il y a un am\u00e9nagement int\u00e9rieur. Le syst\u00e8me modulaire donne beaucoup de solutions. Avec notre \u00e9quipement moderne pour le traitement de bois ou m\u00e9tal nous fabriquent les am\u00e9nagements sur mesure pour nos clients. Des mat\u00e9riaux de haute qualit\u00e9 garantissent la fonction et long\u00e9vit\u00e9. <\/p>\n<ul><\/ul>\n<p>Nous proposons nos clients:<\/p>\n<p><strong>   <\/strong><\/p>\n<li>Couverture de l&#8217;int\u00e9rieur en t\u00f4le ou bois<\/li>\n<li>Rails d&#8217;arrimage lat\u00e9rales<\/li>\n<li>Rails d&#8217;arrimages dans le plancher et sous le toit<\/li>\n<li>Am\u00e9nagements de rangements<\/li>\n<li>Am\u00e9nagements d&#8217;atelier<\/li>\n<li>Installations \u00e9lectriques<\/li>\n<li>Diff\u00e9rant fixations<\/li>\n<p><strong>   <\/strong><br \/>\n<a href=\"https:\/\/www.roemen.lu\/wp\/?category_name=amenagement\">Cliquez ici pour afficher les derniers montages avec am\u00e9nagements int\u00e9rieurs<\/a><\/p>\n","protected":false},"excerpt":{"rendered":"<p>Pour l&#8217;arrimage des charges, Protection des faces lat\u00e9rales, fabriquer des rangements ou des ateliers mobiles, pour tout il y a un am\u00e9nagement int\u00e9rieur. Le syst\u00e8me modulaire donne beaucoup de solutions. Avec notre \u00e9quipement moderne pour le traitement de bois ou m\u00e9tal nous fabriquent les am\u00e9nagements sur mesure pour nos clients. Des mat\u00e9riaux de haute qualit\u00e9 garantissent la fonction et long\u00e9vit\u00e9. Nous proposons nos clients: Couverture de l&#8217;int\u00e9rieur en t\u00f4le ou bois Rails d&#8217;arrimage lat\u00e9rales Rails d&#8217;arrimages dans le plancher et sous le toit Am\u00e9nagements de rangements Am\u00e9nagements d&#8217;atelier Installations \u00e9lectriques Diff\u00e9rant fixations Cliquez ici pour afficher les derniers montages avec am\u00e9nagements int\u00e9rieurs<\/p>\n","protected":false},"author":2,"featured_media":0,"parent":27311,"menu_order":9,"comment_status":"closed","ping_status":"closed","template":"","meta":{"ngg_post_thumbnail":0,"footnotes":""},"class_list":["post-27327","page","type-page","status-publish","hentry"],"acf":[],"_links":{"self":[{"href":"https:\/\/www.roemen.lu\/wp\/index.php?rest_route=\/wp\/v2\/pages\/27327","targetHints":{"allow":["GET"]}}],"collection":[{"href":"https:\/\/www.roemen.lu\/wp\/index.php?rest_route=\/wp\/v2\/pages"}],"about":[{"href":"https:\/\/www.roemen.lu\/wp\/index.php?rest_route=\/wp\/v2\/types\/page"}],"author":[{"embeddable":true,"href":"https:\/\/www.roemen.lu\/wp\/index.php?rest_route=\/wp\/v2\/users\/2"}],"replies":[{"embeddable":true,"href":"https:\/\/www.roemen.lu\/wp\/index.php?rest_route=%2Fwp%2Fv2%2Fcomments&post=27327"}],"version-history":[{"count":0,"href":"https:\/\/www.roemen.lu\/wp\/index.php?rest_route=\/wp\/v2\/pages\/27327\/revisions"}],"up":[{"embeddable":true,"href":"https:\/\/www.roemen.lu\/wp\/index.php?rest_route=\/wp\/v2\/pages\/27311"}],"wp:attachment":[{"href":"https:\/\/www.roemen.lu\/wp\/index.php?rest_route=%2Fwp%2Fv2%2Fmedia&parent=27327"}],"curies":[{"name":"wp","href":"https:\/\/api.w.org\/{rel}","templated":true}]}}