{"id":27315,"date":"2008-08-26T00:02:53","date_gmt":"2008-08-25T22:02:53","guid":{"rendered":"https:\/\/www.roemen.lu\/wp?page_id=27315"},"modified":"2008-08-26T00:02:53","modified_gmt":"2008-08-25T22:02:53","slug":"contact","status":"publish","type":"page","link":"https:\/\/www.roemen.lu\/wp?page_id=27315&lang=fr","title":{"rendered":"Contact"},"content":{"rendered":"<p><strong>Carrosserie ROEMEN s.\u00e0 r.l.<\/strong><br \/>\n30, Zone d\u2019Activit\u00e9 \u00c9conomique | L-8287 Kehlen | Luxembourg<br \/>\nT\u00e9l: +352 30 99 19 &#8211; 1<br \/>\nFax: +352 30 80 65<br \/>\neMail: info@roemen.lu<\/p>\n<p>&nbsp;<\/p>\n<p><strong>Service Apr\u00e8s-vente: <\/strong><br \/>\nJoel Almeida +352 30 99 19 &#8211; 28<\/p>\n<p>&nbsp;<\/p>\n<p><strong>Magasin: <\/strong><br \/>\nSven Sarga\u00e7o Maricato +352 30 99 19 &#8211; 41<br \/>\nNiek Van Kruijsdijk +352 30 99 19 &#8211; 30<\/p>\n<p>&nbsp;<\/p>\n<p><strong>Responsable production:<\/strong><br \/>\nPier Thines +352 30 99 19 &#8211; 27<\/p>\n<p>&nbsp;<\/p>\n<p><strong>Responsable peinture et carrosserie:<\/strong><br \/>\nChristophe Haas +352 30 99 19 &#8211; 25<\/p>\n<p>&nbsp;<\/p>\n<p><strong>Contactez-nous<\/strong><br \/>\nSi vous-\u00eates int\u00e9ress\u00e9 sur plus d&#8217;informations, avez-vous des questions sur un produit, n&#8217;h\u00e9sitez pas de nous contacter.<\/p>\n<p>&nbsp;<\/p>\n<p><strong>Les heures d&#8217;ouverture de notre atelier: <\/strong><br \/>\nLundi &#8211; Vendredi: 7h00 \u2013 12h00 et de 13h00 \u2013 16h00<\/p>\n<p>Autorisation gouvernementale : 32654<br \/>\nR.C.Luxembourg : B 137383<br \/>\nNum\u00e9ro fiscaux: LU 22471680<br \/>\nTVA 2008 2410 512<br \/>\n&nbsp;<br \/>\n<strong>Contact:<\/strong><br \/>\n[contact-form-7 id=&#8220;2717&#8243; title=&#8220;Formulaire de contact 1&#8243;]<br \/>\n&nbsp;<br \/>\n<div id=\"wpgmza_map_1\" class=\"wpgmza_map wpgmza-auto-left\" style=\"display:block;width:100%;height:400px;overflow:hidden;position:relative;\" data-map-id=\"1\" data-maps-engine=\"open-layers\" data-build-engine=\"atlas-novus\" data-shortcode-attributes=\"{&quot;id&quot;:&quot;1&quot;,&quot;zoom&quot;:false,&quot;width&quot;:false,&quot;height&quot;:false,&quot;marker&quot;:false,&quot;classname&quot;:false}\" data-settings=\"{&quot;map_title&quot;:&quot;Carrosserie Roemen s\\u00e0rl&quot;,&quot;map_width&quot;:&quot;100&quot;,&quot;map_height&quot;:&quot;400&quot;,&quot;map_start_lat&quot;:&quot;49.66277601155207&quot;,&quot;map_start_lng&quot;:&quot;6.013694814846602&quot;,&quot;map_start_location&quot;:&quot;45.950464398418106,-109.81550500000003&quot;,&quot;map_start_zoom&quot;:&quot;13&quot;,&quot;default_marker&quot;:&quot;&quot;,&quot;type&quot;:&quot;3&quot;,&quot;alignment&quot;:&quot;4&quot;,&quot;directions_enabled&quot;:&quot;0&quot;,&quot;styling_enabled&quot;:&quot;0&quot;,&quot;styling_json&quot;:&quot;&quot;,&quot;active&quot;:&quot;0&quot;,&quot;kml&quot;:&quot;&quot;,&quot;bicycle&quot;:&quot;0&quot;,&quot;traffic&quot;:&quot;0&quot;,&quot;dbox&quot;:&quot;0&quot;,&quot;dbox_width&quot;:&quot;&quot;,&quot;listmarkers&quot;:&quot;0&quot;,&quot;listmarkers_advanced&quot;:&quot;0&quot;,&quot;filterbycat&quot;:&quot;0&quot;,&quot;ugm_enabled&quot;:&quot;0&quot;,&quot;ugm_category_enabled&quot;:&quot;0&quot;,&quot;fusion&quot;:&quot;&quot;,&quot;map_width_type&quot;:&quot;%&quot;,&quot;map_height_type&quot;:&quot;px&quot;,&quot;mass_marker_support&quot;:&quot;0&quot;,&quot;ugm_access&quot;:&quot;0&quot;,&quot;order_markers_by&quot;:&quot;0&quot;,&quot;order_markers_choice&quot;:&quot;0&quot;,&quot;show_user_location&quot;:&quot;0&quot;,&quot;default_to&quot;:&quot;&quot;,&quot;map_type&quot;:1,&quot;sl_stroke_color&quot;:&quot;&quot;,&quot;sl_fill_color&quot;:&quot;&quot;,&quot;sl_stroke_opacity&quot;:&quot;&quot;,&quot;sl_fill_opacity&quot;:&quot;&quot;,&quot;transport_layer&quot;:false,&quot;action&quot;:&quot;wpgmza_save_map&quot;,&quot;redirect_to&quot;:&quot;\\\/wp\\\/wp-admin\\\/admin-post.php&quot;,&quot;map_id&quot;:&quot;1&quot;,&quot;http_referer&quot;:&quot;\\\/wp\\\/wp-admin\\\/admin.php?page=wp-google-maps-menu&amp;amp;action=edit&amp;amp;map_id=1&quot;,&quot;wpgmza_id&quot;:&quot;1&quot;,&quot;wpgmza_start_location&quot;:&quot;49.66277601155207,6.013694814846602&quot;,&quot;wpgmza_start_zoom&quot;:&quot;17&quot;,&quot;wpgmza_theme&quot;:&quot;4&quot;,&quot;wpgmza_theme_data&quot;:&quot;[{\\&quot;featureType\\&quot;:\\&quot;administrative\\&quot;,\\&quot;elementType\\&quot;:\\&quot;all\\&quot;,\\&quot;stylers\\&quot;:[{\\&quot;visibility\\&quot;:\\&quot;on\\&quot;},{\\&quot;lightness\\&quot;:33}]},{\\&quot;featureType\\&quot;:\\&quot;landscape\\&quot;,\\&quot;elementType\\&quot;:\\&quot;all\\&quot;,\\&quot;stylers\\&quot;:[{\\&quot;color\\&quot;:\\&quot;#f2e5d4\\&quot;}]},{\\&quot;featureType\\&quot;:\\&quot;poi.park\\&quot;,\\&quot;elementType\\&quot;:\\&quot;geometry\\&quot;,\\&quot;stylers\\&quot;:[{\\&quot;color\\&quot;:\\&quot;#c5dac6\\&quot;}]},{\\&quot;featureType\\&quot;:\\&quot;poi.park\\&quot;,\\&quot;elementType\\&quot;:\\&quot;labels\\&quot;,\\&quot;stylers\\&quot;:[{\\&quot;visibility\\&quot;:\\&quot;on\\&quot;},{\\&quot;lightness\\&quot;:20}]},{\\&quot;featureType\\&quot;:\\&quot;road\\&quot;,\\&quot;elementType\\&quot;:\\&quot;all\\&quot;,\\&quot;stylers\\&quot;:[{\\&quot;lightness\\&quot;:20}]},{\\&quot;featureType\\&quot;:\\&quot;road.highway\\&quot;,\\&quot;elementType\\&quot;:\\&quot;geometry\\&quot;,\\&quot;stylers\\&quot;:[{\\&quot;color\\&quot;:\\&quot;#c5c6c6\\&quot;}]},{\\&quot;featureType\\&quot;:\\&quot;road.arterial\\&quot;,\\&quot;elementType\\&quot;:\\&quot;geometry\\&quot;,\\&quot;stylers\\&quot;:[{\\&quot;color\\&quot;:\\&quot;#e4d7c6\\&quot;}]},{\\&quot;featureType\\&quot;:\\&quot;road.local\\&quot;,\\&quot;elementType\\&quot;:\\&quot;geometry\\&quot;,\\&quot;stylers\\&quot;:[{\\&quot;color\\&quot;:\\&quot;#fbfaf7\\&quot;}]},{\\&quot;featureType\\&quot;:\\&quot;water\\&quot;,\\&quot;elementType\\&quot;:\\&quot;all\\&quot;,\\&quot;stylers\\&quot;:[{\\&quot;visibility\\&quot;:\\&quot;on\\&quot;},{\\&quot;color\\&quot;:\\&quot;#acbcc9\\&quot;}]}]&quot;,&quot;store_locator_enabled&quot;:false,&quot;store_locator_search_area&quot;:&quot;radial&quot;,&quot;wpgmza_store_locator_radius_style&quot;:&quot;legacy&quot;,&quot;wpgmza_store_locator_default_radius&quot;:&quot;10&quot;,&quot;store_locator_auto_area_max_zoom&quot;:&quot;&quot;,&quot;store_locator_distance&quot;:false,&quot;wpgmza_store_locator_position&quot;:false,&quot;store_locator_show_distance&quot;:false,&quot;store_locator_category&quot;:false,&quot;wpgmza_store_locator_use_their_location&quot;:false,&quot;wpgmza_store_locator_bounce&quot;:false,&quot;wpgmza_sl_animation&quot;:null,&quot;wpgmza_store_locator_hide_before_search&quot;:false,&quot;store_locator_query_string&quot;:&quot;&quot;,&quot;store_locator_default_address&quot;:&quot;&quot;,&quot;store_locator_name_search&quot;:false,&quot;store_locator_name_string&quot;:&quot;&quot;,&quot;store_locator_not_found_message&quot;:&quot;&quot;,&quot;wpgmza_map_align&quot;:&quot;1&quot;,&quot;jump_to_nearest_marker_on_initialization&quot;:false,&quot;automatically_pan_to_users_location&quot;:false,&quot;override_users_location_zoom_level&quot;:false,&quot;override_users_location_zoom_levels&quot;:&quot;&quot;,&quot;show_distance_from_location&quot;:false,&quot;map_max_zoom&quot;:&quot;21&quot;,&quot;map_min_zoom&quot;:&quot;0&quot;,&quot;click_open_link&quot;:false,&quot;fit_maps_bounds_to_markers&quot;:false,&quot;fit_maps_bounds_to_markers_after_filtering&quot;:false,&quot;hide_point_of_interest&quot;:false,&quot;wpgmza_zoom_on_marker_click&quot;:false,&quot;wpgmza_zoom_on_marker_click_slider&quot;:&quot;&quot;,&quot;close_infowindow_on_map_click&quot;:false,&quot;disable_lightbox_images&quot;:false,&quot;use_Raw_Jpeg_Coordinates&quot;:false,&quot;polygon_labels&quot;:false,&quot;disable_polygon_info_windows&quot;:false,&quot;enable_marker_ratings&quot;:false,&quot;only_load_markers_within_viewport&quot;:false,&quot;iw_primary_color&quot;:&quot;#000000&quot;,&quot;iw_accent_color&quot;:&quot;#000000&quot;,&quot;iw_text_color&quot;:&quot;#000000&quot;,&quot;wpgmza_listmarkers_by&quot;:&quot;0&quot;,&quot;wpgmza_marker_listing_position&quot;:false,&quot;wpgmza_push_in_map&quot;:false,&quot;wpgmza_push_in_map_placement&quot;:null,&quot;wpgmza_push_in_map_width&quot;:&quot;&quot;,&quot;wpgmza_push_in_map_height&quot;:&quot;&quot;,&quot;zoom_level_on_marker_listing_override&quot;:false,&quot;zoom_level_on_marker_listing_click&quot;:&quot;&quot;,&quot;datatable_no_result_message&quot;:&quot;&quot;,&quot;remove_search_box_datables&quot;:false,&quot;dataTable_pagination_style&quot;:null,&quot;datatable_search_string&quot;:&quot;&quot;,&quot;datatable_result_start&quot;:&quot;&quot;,&quot;datatable_result_of&quot;:&quot;&quot;,&quot;datatable_result_to&quot;:&quot;&quot;,&quot;datatable_result_total&quot;:&quot;&quot;,&quot;datatable_result_show&quot;:&quot;&quot;,&quot;datatable_result_entries&quot;:&quot;&quot;,&quot;wpgmza_savemap&quot;:&quot;Karte speichern&quot;,&quot;store_locator_component_anchor&quot;:&quot;0&quot;,&quot;store_locator_nearby_searches&quot;:false,&quot;wpgmza_ol_tile_filter&quot;:&quot;grayscale(100%)&quot;,&quot;custom_tile_enabled&quot;:false,&quot;custom_tile_image&quot;:&quot;&quot;,&quot;custom_tile_image_width&quot;:&quot;&quot;,&quot;custom_tile_image_height&quot;:&quot;&quot;,&quot;custom_tile_image_attribution&quot;:&quot;&quot;,&quot;marker_share_links&quot;:false,&quot;marker_listing_component_anchor&quot;:null,&quot;marker_listing_component_auto_open&quot;:false,&quot;category_filter_component_anchor&quot;:null,&quot;category_legends_enabled&quot;:false,&quot;category_legends_component_anchor&quot;:null,&quot;map_starts_in_streetview&quot;:false,&quot;map_starts_in_streetview_location&quot;:&quot;&quot;,&quot;map_starts_in_streetview_heading&quot;:&quot;&quot;,&quot;map_starts_in_streetview_pitch&quot;:&quot;&quot;,&quot;id&quot;:1}\" ><\/div><\/p>\n","protected":false},"excerpt":{"rendered":"<p>Carrosserie ROEMEN s.\u00e0 r.l. 30, Zone d\u2019Activit\u00e9 \u00c9conomique | L-8287 Kehlen | Luxembourg T\u00e9l: +352 30 99 19 &#8211; 1 Fax: +352 30 80 65 eMail: info@roemen.lu &nbsp; Service Apr\u00e8s-vente: Joel Almeida +352 30 99 19 &#8211; 28 &nbsp; Magasin: Sven Sarga\u00e7o Maricato +352 30 99 19 &#8211; 41 Niek Van Kruijsdijk +352 30 99 19 &#8211; 30 &nbsp; Responsable production: Pier Thines +352 30 99 19 &#8211; 27 &nbsp; Responsable peinture et carrosserie: Christophe Haas +352 30 99 19 &#8211; 25 &nbsp; Contactez-nous Si vous-\u00eates int\u00e9ress\u00e9 sur plus d&#8217;informations, avez-vous des questions sur un produit, n&#8217;h\u00e9sitez pas de nous contacter. &nbsp; Les heures d&#8217;ouverture de notre atelier: Lundi &#8211; Vendredi: 7h00 \u2013 12h00 et de 13h00 \u2013 16h00 Autorisation gouvernementale : 32654 R.C.Luxembourg : B 137383 Num\u00e9ro fiscaux: LU 22471680 TVA 2008 2410 512 &nbsp; Contact: [contact-form-7 id=&#8220;2717&#8243; title=&#8220;Formulaire de contact 1&#8243;] &nbsp;<\/p>\n","protected":false},"author":2,"featured_media":0,"parent":0,"menu_order":5,"comment_status":"closed","ping_status":"closed","template":"","meta":{"ngg_post_thumbnail":0,"footnotes":""},"class_list":["post-27315","page","type-page","status-publish","hentry"],"acf":[],"_links":{"self":[{"href":"https:\/\/www.roemen.lu\/wp\/index.php?rest_route=\/wp\/v2\/pages\/27315","targetHints":{"allow":["GET"]}}],"collection":[{"href":"https:\/\/www.roemen.lu\/wp\/index.php?rest_route=\/wp\/v2\/pages"}],"about":[{"href":"https:\/\/www.roemen.lu\/wp\/index.php?rest_route=\/wp\/v2\/types\/page"}],"author":[{"embeddable":true,"href":"https:\/\/www.roemen.lu\/wp\/index.php?rest_route=\/wp\/v2\/users\/2"}],"replies":[{"embeddable":true,"href":"https:\/\/www.roemen.lu\/wp\/index.php?rest_route=%2Fwp%2Fv2%2Fcomments&post=27315"}],"version-history":[{"count":0,"href":"https:\/\/www.roemen.lu\/wp\/index.php?rest_route=\/wp\/v2\/pages\/27315\/revisions"}],"wp:attachment":[{"href":"https:\/\/www.roemen.lu\/wp\/index.php?rest_route=%2Fwp%2Fv2%2Fmedia&parent=27315"}],"curies":[{"name":"wp","href":"https:\/\/api.w.org\/{rel}","templated":true}]}}