{"id":27313,"date":"2008-08-26T00:02:45","date_gmt":"2008-08-25T22:02:45","guid":{"rendered":"https:\/\/www.roemen.lu\/wp?page_id=27313"},"modified":"2008-08-26T00:02:45","modified_gmt":"2008-08-25T22:02:45","slug":"service-2","status":"publish","type":"page","link":"https:\/\/www.roemen.lu\/wp?page_id=27313&lang=fr","title":{"rendered":"Service"},"content":{"rendered":"<p style=\"text-align: justify;\"><strong>Service &#8211; R\u00e9paration, mise en \u00e9tat und maintenance <\/strong><\/p>\n<p style=\"text-align: justify;\">Une entreprise familiale est plus que justement la construction des nouveaux v\u00e9hicules. Un bon service apr\u00e8s-vente doit avoir la m\u00eame importance. Dans les rubriques suivantes vous trouvez tous nos services et beaucoup plus.<\/p>\n<figure id=\"attachment_9862\" aria-describedby=\"caption-attachment-9862\" style=\"width: 150px\" class=\"wp-caption alignleft\"><a href=\"https:\/\/www.roemen.lu\/wp\/?page_id=8724&amp;lang=fr\"><img decoding=\"async\" class=\"wp-image-9862 size-thumbnail\" src=\"https:\/\/www.roemen.lu\/wp\/wp-content\/uploads\/2016\/03\/2016-03-29-10.06.49-Kopie-1-150x150.jpg\" alt=\"2016-03-29 10.06.49 - Kopie\" width=\"150\" height=\"150\"><\/a><figcaption id=\"caption-attachment-9862\" class=\"wp-caption-text\"><strong>Sablage &amp; m\u00e9talisation<\/strong><\/figcaption><\/figure>\n<figure id=\"attachment_9831\" aria-describedby=\"caption-attachment-9831\" style=\"width: 150px\" class=\"wp-caption alignleft\"><a href=\"https:\/\/www.roemen.lu\/wp\/?page_id=8728&amp;lang=fr\"><img decoding=\"async\" class=\"wp-image-9831 size-thumbnail\" src=\"https:\/\/www.roemen.lu\/wp\/wp-content\/uploads\/2016\/01\/Pinture.png\" alt=\"2016-03-29 10.05.39 - Kopie\" width=\"150\" height=\"150\"><figcaption id=\"caption-attachment-9831\" class=\"wp-caption-text\"><strong>Peinture<\/strong><\/a><\/figcaption><\/figure>\n<figure id=\"attachment_9834\" aria-describedby=\"caption-attachment-9834\" style=\"width: 150px\" class=\"wp-caption alignleft\"><a href=\"https:\/\/www.roemen.lu\/wp\/?page_id=10009&amp;lang=fr\"><img decoding=\"async\" class=\"wp-image-9834 size-thumbnail\" src=\"https:\/\/www.roemen.lu\/wp\/wp-content\/uploads\/2016\/03\/2016-03-29-10.09.55-Kopie-150x150.jpg\" alt=\"2016-03-29 10.09.55 - Kopie\" width=\"150\" height=\"150\"><figcaption id=\"caption-attachment-9834\" class=\"wp-caption-text\"><strong>Pi\u00e8ces d\u00e9tach\u00e9es<\/strong><\/a><\/figcaption><\/figure>\n<figure id=\"attachment_9849\" aria-describedby=\"caption-attachment-9849\" style=\"width: 150px\" class=\"wp-caption alignleft\"><a href=\"https:\/\/www.roemen.lu\/wp\/?page_id=9851&amp;lang=fr\"><img loading=\"lazy\" decoding=\"async\" class=\"wp-image-9849 size-thumbnail\" src=\"https:\/\/www.roemen.lu\/wp\/wp-content\/uploads\/2016\/03\/1511569_10203368877089976_3817355062830926299_o-150x150.jpg\" alt=\"1511569_10203368877089976_3817355062830926299_o\" width=\"150\" height=\"150\"><figcaption id=\"caption-attachment-9849\" class=\"wp-caption-text\"><strong>Contr\u00f4le periodique<\/strong><\/a><\/figcaption><\/figure>\n<figure id=\"attachment_10001\" aria-describedby=\"caption-attachment-10001\" style=\"width: 150px\" class=\"wp-caption alignleft\"><a href=\"https:\/\/www.roemen.lu\/wp\/?page_id=10011&amp;lang=fr\"><img loading=\"lazy\" decoding=\"async\" class=\"wp-image-10001 size-thumbnail\" src=\"https:\/\/www.roemen.lu\/wp\/wp-content\/uploads\/2016\/04\/2016-03-29-10.09.13-150x150.jpg\" alt=\"2016-03-29 10.09.13\" width=\"150\" height=\"150\"><figcaption id=\"caption-attachment-10001\" class=\"wp-caption-text\"><strong>Service hydraulique<\/strong><\/a><\/figcaption><\/figure>\n<figure id=\"attachment_9858\" aria-describedby=\"caption-attachment-9858\" style=\"width: 150px\" class=\"wp-caption alignleft\"><img loading=\"lazy\" decoding=\"async\" class=\"wp-image-9858 size-thumbnail\" src=\"https:\/\/www.roemen.lu\/wp\/wp-content\/uploads\/2016\/03\/1398325_10203368985452685_9018873765833310094_o-150x150.jpg\" alt=\"1398325_10203368985452685_9018873765833310094_o\" width=\"150\" height=\"150\"><figcaption id=\"caption-attachment-9858\" class=\"wp-caption-text\"><strong>Usinage m\u00e9tallique<\/strong><\/figcaption><\/figure>\n<p><strong> <\/strong><br \/>\n<strong> <\/strong><br \/>\n<strong> <\/strong><br \/>\n<strong> <\/strong><br \/>\n<strong> <\/strong><br \/>\n<strong> <\/strong><br \/>\n<strong> <\/strong><br \/>\n<strong> <\/strong><br \/>\n<strong> <\/strong><br \/>\n<strong> <\/strong><\/p>\n<p><strong>Adresse :<\/strong> Carrosserie Roemen s.\u00e0r.l. | 30, Zone d\u2019Activit\u00e9 \u00c9conomique L-8287 Kehlen | Luxembourg<br \/>\n<strong>T\u00e9l\u00e9phone :<\/strong> +352 30 99 19<br \/>\n<strong>Fax :<\/strong> +352 30 80 65<br \/>\n<strong>E-mail :<\/strong> info@roemen.lu<\/p>\n","protected":false},"excerpt":{"rendered":"<p>Service &#8211; R\u00e9paration, mise en \u00e9tat und maintenance Une entreprise familiale est plus que justement la construction des nouveaux v\u00e9hicules. Un bon service apr\u00e8s-vente doit avoir la m\u00eame importance. Dans les rubriques suivantes vous trouvez tous nos services et beaucoup plus. Adresse : Carrosserie Roemen s.\u00e0r.l. | 30, Zone d\u2019Activit\u00e9 \u00c9conomique L-8287 Kehlen | Luxembourg T\u00e9l\u00e9phone : +352 30 99 19 Fax : +352 30 80 65 E-mail : info@roemen.lu<\/p>\n","protected":false},"author":2,"featured_media":0,"parent":0,"menu_order":3,"comment_status":"closed","ping_status":"closed","template":"","meta":{"ngg_post_thumbnail":0,"footnotes":""},"class_list":["post-27313","page","type-page","status-publish","hentry"],"acf":[],"_links":{"self":[{"href":"https:\/\/www.roemen.lu\/wp\/index.php?rest_route=\/wp\/v2\/pages\/27313","targetHints":{"allow":["GET"]}}],"collection":[{"href":"https:\/\/www.roemen.lu\/wp\/index.php?rest_route=\/wp\/v2\/pages"}],"about":[{"href":"https:\/\/www.roemen.lu\/wp\/index.php?rest_route=\/wp\/v2\/types\/page"}],"author":[{"embeddable":true,"href":"https:\/\/www.roemen.lu\/wp\/index.php?rest_route=\/wp\/v2\/users\/2"}],"replies":[{"embeddable":true,"href":"https:\/\/www.roemen.lu\/wp\/index.php?rest_route=%2Fwp%2Fv2%2Fcomments&post=27313"}],"version-history":[{"count":0,"href":"https:\/\/www.roemen.lu\/wp\/index.php?rest_route=\/wp\/v2\/pages\/27313\/revisions"}],"wp:attachment":[{"href":"https:\/\/www.roemen.lu\/wp\/index.php?rest_route=%2Fwp%2Fv2%2Fmedia&parent=27313"}],"curies":[{"name":"wp","href":"https:\/\/api.w.org\/{rel}","templated":true}]}}