{"id":27311,"date":"2008-08-26T00:02:34","date_gmt":"2008-08-25T22:02:34","guid":{"rendered":"https:\/\/www.roemen.lu\/wp?page_id=27311"},"modified":"2008-08-26T00:02:34","modified_gmt":"2008-08-25T22:02:34","slug":"produits-3","status":"publish","type":"page","link":"https:\/\/www.roemen.lu\/wp?page_id=27311&lang=fr","title":{"rendered":"Produits"},"content":{"rendered":"<p style=\"text-align: justify;\">Notre gamme de produits s\u2019\u00e9tend de petites r\u00e9parations \u00e0 redressement de ch\u00e2ssis, de constructions simples \u00e0 constructions sp\u00e9ciales, de montage de syst\u00e8mes hydrauliques \u00e0 syst\u00e8mes \u00e9lectriques.<\/p>\n<p style=\"text-align: justify;\">Vous pouvez consulter notre gamme de produits en cliquant sur les diff\u00e9rentes rubriques :<\/p>\n<figure id=\"attachment_9982\" aria-describedby=\"caption-attachment-9982\" style=\"width: 150px\" class=\"wp-caption alignleft\"><a href=\"https:\/\/www.roemen.lu\/wp\/?page_id=53&amp;lang=fr\"><img decoding=\"async\" class=\"wp-image-9982 size-thumbnail\" src=\"https:\/\/www.roemen.lu\/wp\/wp-content\/uploads\/2016\/04\/HYVA.png\" alt=\"DSC02090\" width=\"150\" height=\"150\"><\/a><figcaption id=\"caption-attachment-9982\" class=\"wp-caption-text\">Ampliroll &nbsp;<\/figcaption><\/figure>\n<figure id=\"attachment_9045\" aria-describedby=\"caption-attachment-9045\" style=\"width: 150px\" class=\"wp-caption alignleft\"><a href=\"https:\/\/www.roemen.lu\/wp\/?page_id=80&amp;lang=fr\"><img decoding=\"async\" class=\"wp-image-9045 size-thumbnail\" src=\"https:\/\/www.roemen.lu\/wp\/wp-content\/uploads\/2023\/06\/Remorque.png\" alt=\"0d3\" width=\"150\" height=\"150\"><\/a><figcaption id=\"caption-attachment-9045\" class=\"wp-caption-text\">Remorques<\/figcaption><\/figure>\n<figure id=\"attachment_7144\" aria-describedby=\"caption-attachment-7144\" style=\"width: 150px\" class=\"wp-caption alignleft\"><a href=\"https:\/\/www.roemen.lu\/wp\/?page_id=86&amp;lang=fr\"><img decoding=\"async\" class=\"wp-image-7144 size-thumbnail\" src=\"https:\/\/www.roemen.lu\/wp\/wp-content\/uploads\/ngg_featured\/20150617_123010_HDR-150x150.jpg\" alt=\"20150617_123010_HDR\" width=\"150\" height=\"150\"><\/a><figcaption id=\"caption-attachment-7144\" class=\"wp-caption-text\">Mobilit\u00e9 r\u00e9duite<\/figcaption><\/figure>\n<figure id=\"attachment_4404\" aria-describedby=\"caption-attachment-4404\" style=\"width: 150px\" class=\"wp-caption alignleft\"><a href=\"https:\/\/www.roemen.lu\/wp\/?page_id=82&amp;lang=fr\"><img loading=\"lazy\" decoding=\"async\" class=\"wp-image-4404 size-thumbnail\" src=\"https:\/\/www.roemen.lu\/wp\/wp-content\/uploads\/2023\/06\/Container.png\" alt=\"100_6122\" width=\"150\" height=\"150\"><\/a><figcaption id=\"caption-attachment-4404\" class=\"wp-caption-text\">Conteneurs<\/figcaption><\/figure>\n<figure id=\"attachment_8370\" aria-describedby=\"caption-attachment-8370\" style=\"width: 150px\" class=\"wp-caption alignleft\"><a href=\"https:\/\/www.roemen.lu\/wp\/?page_id=84&amp;lang=fr\"><img loading=\"lazy\" decoding=\"async\" class=\"wp-image-8370 size-thumbnail\" src=\"https:\/\/www.roemen.lu\/wp\/wp-content\/uploads\/2023\/06\/Incendie.png\" width=\"150\" height=\"150\"><\/a><figcaption id=\"caption-attachment-8370\" class=\"wp-caption-text\">V\u00e9hicule d&#8217;urgence<\/figcaption><\/figure>\n<figure id=\"attachment_8867\" aria-describedby=\"caption-attachment-8867\" style=\"width: 150px\" class=\"wp-caption alignleft\"><a href=\"https:\/\/www.roemen.lu\/wp\/?page_id=8&amp;lang=fr\"><img loading=\"lazy\" decoding=\"async\" class=\"wp-image-8867 size-thumbnail\" src=\"https:\/\/www.roemen.lu\/wp\/wp-content\/uploads\/2023\/06\/Hayon.png\" alt=\"20150225_161950\" width=\"150\" height=\"150\"><\/a><figcaption id=\"caption-attachment-8867\" class=\"wp-caption-text\">Hayons-\u00e9l\u00e9vateurs<\/figcaption><\/figure>\n<figure id=\"attachment_6140\" aria-describedby=\"caption-attachment-6140\" style=\"width: 150px\" class=\"wp-caption alignleft\"><a href=\"https:\/\/www.roemen.lu\/wp\/?page_id=76&amp;lang=fr\"><img loading=\"lazy\" decoding=\"async\" class=\"wp-image-6140 size-thumbnail\" src=\"https:\/\/www.roemen.lu\/wp\/wp-content\/uploads\/2023\/06\/Sortimo.png\" alt=\"100_8609\" width=\"150\" height=\"150\"><\/a><figcaption id=\"caption-attachment-6140\" class=\"wp-caption-text\">Am\u00e9nagements<\/figcaption><\/figure>\n<figure id=\"attachment_9904\" aria-describedby=\"caption-attachment-9904\" style=\"width: 150px\" class=\"wp-caption alignleft\"><a href=\"https:\/\/www.roemen.lu\/wp\/?page_id=72&amp;lang=fr\"><img loading=\"lazy\" decoding=\"async\" class=\"wp-image-9904 size-thumbnail\" src=\"https:\/\/www.roemen.lu\/wp\/wp-content\/uploads\/2023\/06\/Benne.png\" alt=\"20160323_164326\" width=\"150\" height=\"150\"><\/a><figcaption id=\"caption-attachment-9904\" class=\"wp-caption-text\">Bennes<\/figcaption><\/figure>\n<figure id=\"attachment_9654\" aria-describedby=\"caption-attachment-9654\" style=\"width: 150px\" class=\"wp-caption alignleft\"><a href=\"https:\/\/www.roemen.lu\/wp\/?page_id=48&amp;lang=fr\"><img loading=\"lazy\" decoding=\"async\" class=\"wp-image-9654 size-thumbnail\" src=\"https:\/\/www.roemen.lu\/wp\/wp-content\/uploads\/2023\/06\/Aluteam.png\" alt=\"20160212_132733\" width=\"150\" height=\"150\"><\/a><figcaption id=\"caption-attachment-9654\" class=\"wp-caption-text\">Fourgons<\/figcaption><\/figure>\n<figure id=\"attachment_8606\" aria-describedby=\"caption-attachment-8606\" style=\"width: 150px\" class=\"wp-caption alignleft\"><a href=\"https:\/\/www.roemen.lu\/wp\/?page_id=70&amp;lang=fr\"><img loading=\"lazy\" decoding=\"async\" class=\"wp-image-8606 size-thumbnail\" src=\"https:\/\/www.roemen.lu\/wp\/wp-content\/uploads\/2023\/06\/Frigo.png\" alt=\"11228922_842813792422785_680871960701285412_o\" width=\"150\" height=\"150\"><\/a><figcaption id=\"caption-attachment-8606\" class=\"wp-caption-text\">Isotherme<\/figcaption><\/figure>\n<figure id=\"attachment_9986\" aria-describedby=\"caption-attachment-9986\" style=\"width: 150px\" class=\"wp-caption alignleft\"><a href=\"https:\/\/www.roemen.lu\/wp\/?page_id=74&amp;lang=fr\"><img loading=\"lazy\" decoding=\"async\" class=\"wp-image-9986 size-thumbnail\" src=\"https:\/\/www.roemen.lu\/wp\/wp-content\/uploads\/2023\/06\/Kran.jpg\" alt=\"DSCN3813\" width=\"150\" height=\"150\"><\/a><figcaption id=\"caption-attachment-9986\" class=\"wp-caption-text\">Grues hydrauliques<\/figcaption><\/figure>\n<figure id=\"attachment_6291\" aria-describedby=\"caption-attachment-6291\" style=\"width: 150px\" class=\"wp-caption alignleft\"><a href=\"https:\/\/www.roemen.lu\/wp\/?page_id=78&amp;lang=fr\"><img loading=\"lazy\" decoding=\"async\" class=\"wp-image-6291 size-thumbnail\" src=\"https:\/\/www.roemen.lu\/wp\/wp-content\/uploads\/2023\/06\/Plateau.png\" alt=\"20141205_161732\" width=\"150\" height=\"150\"><\/a><figcaption id=\"caption-attachment-6291\" class=\"wp-caption-text\">Plateaux ridelles<\/figcaption><\/figure>\n<figure id=\"attachment_6291\" aria-describedby=\"caption-attachment-6291\" style=\"width: 150px\" class=\"wp-caption alignleft\"><a href=\"https:\/\/www.roemen.lu\/wp?page_id=27361&#038;lang=fr\"><img loading=\"lazy\" decoding=\"async\" class=\"wp-image-6291 size-thumbnail\" src=\"https:\/\/www.roemen.lu\/wp\/wp-content\/uploads\/2016\/04\/KuepperWeisser.png\" alt=\"20141205_161732\" width=\"150\" height=\"150\"><\/a><figcaption id=\"caption-attachment-6291\" class=\"wp-caption-text\">Service hivernal<\/figcaption><\/figure>\n<figure id=\"attachment_4079\" aria-describedby=\"caption-attachment-4079\" style=\"width: 150px\" class=\"wp-caption alignleft\"><a href=\"https:\/\/www.roemen.lu\/wp\/?page_id=101&amp;lang=fr\"><img loading=\"lazy\" decoding=\"async\" class=\"wp-image-4079 size-thumbnail\" src=\"https:\/\/www.roemen.lu\/wp\/wp-content\/uploads\/2023\/06\/Special.png\" alt=\"100_5368\" width=\"150\" height=\"150\"><\/a><figcaption id=\"caption-attachment-4079\" class=\"wp-caption-text\">Sur mesure<\/figcaption><\/figure>\n","protected":false},"excerpt":{"rendered":"<p>Notre gamme de produits s\u2019\u00e9tend de petites r\u00e9parations \u00e0 redressement de ch\u00e2ssis, de constructions simples \u00e0 constructions sp\u00e9ciales, de montage de syst\u00e8mes hydrauliques \u00e0 syst\u00e8mes \u00e9lectriques. Vous pouvez consulter notre gamme de produits en cliquant sur les diff\u00e9rentes rubriques :<\/p>\n","protected":false},"author":2,"featured_media":0,"parent":0,"menu_order":2,"comment_status":"closed","ping_status":"closed","template":"","meta":{"ngg_post_thumbnail":0,"footnotes":""},"class_list":["post-27311","page","type-page","status-publish","hentry"],"acf":[],"_links":{"self":[{"href":"https:\/\/www.roemen.lu\/wp\/index.php?rest_route=\/wp\/v2\/pages\/27311","targetHints":{"allow":["GET"]}}],"collection":[{"href":"https:\/\/www.roemen.lu\/wp\/index.php?rest_route=\/wp\/v2\/pages"}],"about":[{"href":"https:\/\/www.roemen.lu\/wp\/index.php?rest_route=\/wp\/v2\/types\/page"}],"author":[{"embeddable":true,"href":"https:\/\/www.roemen.lu\/wp\/index.php?rest_route=\/wp\/v2\/users\/2"}],"replies":[{"embeddable":true,"href":"https:\/\/www.roemen.lu\/wp\/index.php?rest_route=%2Fwp%2Fv2%2Fcomments&post=27311"}],"version-history":[{"count":0,"href":"https:\/\/www.roemen.lu\/wp\/index.php?rest_route=\/wp\/v2\/pages\/27311\/revisions"}],"wp:attachment":[{"href":"https:\/\/www.roemen.lu\/wp\/index.php?rest_route=%2Fwp%2Fv2%2Fmedia&parent=27311"}],"curies":[{"name":"wp","href":"https:\/\/api.w.org\/{rel}","templated":true}]}}