{"id":27307,"date":"1991-09-28T00:36:23","date_gmt":"1991-09-27T22:36:23","guid":{"rendered":"https:\/\/www.roemen.lu\/wp?page_id=27307"},"modified":"1991-09-28T00:36:23","modified_gmt":"1991-09-27T22:36:23","slug":"videos","status":"publish","type":"page","link":"https:\/\/www.roemen.lu\/wp?page_id=27307&lang=fr","title":{"rendered":"Vid\u00e9os"},"content":{"rendered":"<p><strong>   <\/strong><br \/>\nDans cet espace de notre site vous trouverez des diff\u00e9rentes vid\u00e9os. Plus de vid\u00e9os <a href=\"https:\/\/www.youtube.com\/channel\/UCsLdpmZ18xOQzda1CypvTwg\" target=\"_blank\" rel=\"noopener\">ici<\/a> sur notre chaine youTube. Annez-nous pour rester inform\u00e9 sur des nouveaux vid\u00e9os.<\/p>\n<p><strong><strong>Film de pr\u00e9sentation 2016<\/strong><\/strong><\/p>\n<table>\n<tbody>\n<tr>\n<td width=\"300\"><iframe src=\"https:\/\/www.youtube.com\/embed\/kfLWy83hg70\" width=\"300\" height=\"190\" frameborder=\"0\" allowfullscreen=\"allowfullscreen\"><\/iframe><\/td>\n<td width=\"300\"><strong>Vid\u00e9os de produit 2016<\/strong><\/td>\n<\/tr>\n<\/tbody>\n<\/table>\n<p><strong>Vid\u00e9os de produit:<\/strong><\/p>\n<table>\n<tbody>\n<tr>\n<td width=\"300\"><iframe src=\"https:\/\/www.youtube.com\/embed\/p_RAqSjWQC4\" width=\"300\" height=\"190\" frameborder=\"0\" allowfullscreen=\"allowfullscreen\"><\/iframe><\/td>\n<td width=\"300\"><strong>Ampliroll avec grue hydraulique<\/strong><br \/>\nCh\u00e2ssis: Volvo FM<br \/>\nGrue hydraulique: Palfinger PK34002SH<br \/>\nSyst\u00e8me ampliroll: HYVA 26-S<\/td>\n<\/tr>\n<tr>\n<td width=\"300\"><iframe src=\"https:\/\/www.youtube.com\/embed\/kgNwj3EKflI\" width=\"300\" height=\"190\" frameborder=\"0\" allowfullscreen=\"allowfullscreen\"><\/iframe><\/td>\n<td width=\"300\"><strong>Bibenne<\/strong><br \/>\nCh\u00e2ssis: DAF<br \/>\nPorte lat\u00e9rale hydraulique<\/td>\n<\/tr>\n<tr>\n<td width=\"300\"><iframe src=\"https:\/\/www.youtube.com\/embed\/b4oWccHDW6o\" width=\"300\" height=\"190\" frameborder=\"0\" allowfullscreen=\"allowfullscreen\"><\/iframe><\/td>\n<td width=\"300\"><strong>Bras hydraulique<\/strong><br \/>\nCh\u00e2ssis: Scania<br \/>\nBras hydraulique: HYVA 26-SK<\/td>\n<\/tr>\n<tr>\n<td width=\"300\"><iframe src=\"https:\/\/www.youtube.com\/embed\/tkjqw3VNh4U\" width=\"300\" height=\"190\" frameborder=\"0\" allowfullscreen=\"allowfullscreen\"><\/iframe><\/td>\n<td width=\"300\"><strong>Plateau ridelles avec grue hydraulique<\/strong><br \/>\nCh\u00e2ssis: Mercedes-Benz Actros<br \/>\nPlateau en acier avec planchet aluminium<br \/>\nGrue hydraulique: Palfinger PK23.001L TEC3<\/td>\n<\/tr>\n<tr>\n<td width=\"300\"><iframe src=\"https:\/\/www.youtube.com\/embed\/cqji-P618F0\" width=\"300\" height=\"190\" frameborder=\"0\" allowfullscreen=\"allowfullscreen\"><\/iframe><\/td>\n<td width=\"300\"><strong>Camion pompier<\/strong><br \/>\nCh\u00e2ssis: Mercdes-Benz Atego<br \/>\nPlateau b\u00e2ch\u00e9 avec hayon \u00e9l\u00e9vateur<\/td>\n<\/tr>\n<tr>\n<td width=\"300\"><iframe src=\"https:\/\/www.youtube.com\/embed\/jpa5sUrlKrc\" width=\"300\" height=\"190\" frameborder=\"0\" allowfullscreen=\"allowfullscreen\"><\/iframe><\/td>\n<td width=\"300\"><strong>Agrotruck<\/strong><br \/>\nCh\u00e2ssis: Mercdes-Benz Arocs<br \/>\nBras hydraulique avec installation agriculture<\/td>\n<\/tr>\n<\/tbody>\n<\/table>\n","protected":false},"excerpt":{"rendered":"<p>Dans cet espace de notre site vous trouverez des diff\u00e9rentes vid\u00e9os. Plus de vid\u00e9os ici sur notre chaine youTube. Annez-nous pour rester inform\u00e9 sur des nouveaux vid\u00e9os. Film de pr\u00e9sentation 2016 Vid\u00e9os de produit 2016 Vid\u00e9os de produit: Ampliroll avec grue hydraulique Ch\u00e2ssis: Volvo FM Grue hydraulique: Palfinger PK34002SH Syst\u00e8me ampliroll: HYVA 26-S Bibenne Ch\u00e2ssis: DAF Porte lat\u00e9rale hydraulique Bras hydraulique Ch\u00e2ssis: Scania Bras hydraulique: HYVA 26-SK Plateau ridelles avec grue hydraulique Ch\u00e2ssis: Mercedes-Benz Actros Plateau en acier avec planchet aluminium Grue hydraulique: Palfinger PK23.001L TEC3 Camion pompier Ch\u00e2ssis: Mercdes-Benz Atego Plateau b\u00e2ch\u00e9 avec hayon \u00e9l\u00e9vateur Agrotruck Ch\u00e2ssis: Mercdes-Benz Arocs Bras hydraulique avec installation agriculture<\/p>\n","protected":false},"author":2,"featured_media":0,"parent":27295,"menu_order":2,"comment_status":"closed","ping_status":"closed","template":"","meta":{"ngg_post_thumbnail":0,"footnotes":""},"class_list":["post-27307","page","type-page","status-publish","hentry"],"acf":[],"_links":{"self":[{"href":"https:\/\/www.roemen.lu\/wp\/index.php?rest_route=\/wp\/v2\/pages\/27307","targetHints":{"allow":["GET"]}}],"collection":[{"href":"https:\/\/www.roemen.lu\/wp\/index.php?rest_route=\/wp\/v2\/pages"}],"about":[{"href":"https:\/\/www.roemen.lu\/wp\/index.php?rest_route=\/wp\/v2\/types\/page"}],"author":[{"embeddable":true,"href":"https:\/\/www.roemen.lu\/wp\/index.php?rest_route=\/wp\/v2\/users\/2"}],"replies":[{"embeddable":true,"href":"https:\/\/www.roemen.lu\/wp\/index.php?rest_route=%2Fwp%2Fv2%2Fcomments&post=27307"}],"version-history":[{"count":0,"href":"https:\/\/www.roemen.lu\/wp\/index.php?rest_route=\/wp\/v2\/pages\/27307\/revisions"}],"up":[{"embeddable":true,"href":"https:\/\/www.roemen.lu\/wp\/index.php?rest_route=\/wp\/v2\/pages\/27295"}],"wp:attachment":[{"href":"https:\/\/www.roemen.lu\/wp\/index.php?rest_route=%2Fwp%2Fv2%2Fmedia&parent=27307"}],"curies":[{"name":"wp","href":"https:\/\/api.w.org\/{rel}","templated":true}]}}