{"id":27305,"date":"1990-12-22T00:41:35","date_gmt":"1990-12-21T22:41:35","guid":{"rendered":"https:\/\/www.roemen.lu\/wp?page_id=27305"},"modified":"1990-12-22T00:41:35","modified_gmt":"1990-12-21T22:41:35","slug":"peinture","status":"publish","type":"page","link":"https:\/\/www.roemen.lu\/wp?page_id=27305&lang=fr","title":{"rendered":"Peinture"},"content":{"rendered":"\r\n\t<div class=\"slideshow_container slideshow_container_style-light\" style=\"height: 480px; \" data-slideshow-id=\"9063\" data-style-name=\"style-light\" data-style-version=\"2.3.1\" >\r\n\r\n\t\t\t\t\t<div class=\"slideshow_loading_icon\"><\/div>\r\n\t\t\r\n\t\t<div class=\"slideshow_content\" style=\"display: none;\">\r\n\r\n\t\t\t<div class=\"slideshow_view\">\r\n\t\t\t\t<div class=\"slideshow_slide slideshow_slide_image\">\r\n\t\t\t\t\t\t\t\t\t\t\t<img src=\"https:\/\/www.roemen.lu\/wp\/wp-content\/uploads\/2016\/01\/Peinture00.png\" alt=\"Peinture00\" width=\"800\" height=\"350\" \/>\r\n\t\t\t\t\t\t\t\t\t\t<div class=\"slideshow_description_box slideshow_transparent\">\r\n\t\t\t\t\t\t<div class=\"slideshow_title\">Peinture00<\/div>\t\t\t\t\t\t\t\t\t\t\t<\/div>\r\n\t\t\t\t<\/div>\r\n\r\n\t\t\t\t\t\t<div style=\"clear: both;\"><\/div><\/div><div class=\"slideshow_view\">\r\n\t\t\t\t<div class=\"slideshow_slide slideshow_slide_image\">\r\n\t\t\t\t\t\t\t\t\t\t\t<img src=\"https:\/\/www.roemen.lu\/wp\/wp-content\/uploads\/2016\/01\/Peinture02.png\" alt=\"Peinture02\" width=\"800\" height=\"350\" \/>\r\n\t\t\t\t\t\t\t\t\t\t<div class=\"slideshow_description_box slideshow_transparent\">\r\n\t\t\t\t\t\t<div class=\"slideshow_title\">Peinture02<\/div>\t\t\t\t\t\t\t\t\t\t\t<\/div>\r\n\t\t\t\t<\/div>\r\n\r\n\t\t\t\t\t\t<div style=\"clear: both;\"><\/div><\/div><div class=\"slideshow_view\">\r\n\t\t\t\t<div class=\"slideshow_slide slideshow_slide_image\">\r\n\t\t\t\t\t\t\t\t\t\t\t<img src=\"https:\/\/www.roemen.lu\/wp\/wp-content\/uploads\/2016\/01\/Peinture01b.png\" alt=\"Peinture01b\" width=\"800\" height=\"350\" \/>\r\n\t\t\t\t\t\t\t\t\t\t<div class=\"slideshow_description_box slideshow_transparent\">\r\n\t\t\t\t\t\t<div class=\"slideshow_title\">Peinture01b<\/div>\t\t\t\t\t\t\t\t\t\t\t<\/div>\r\n\t\t\t\t<\/div>\r\n\r\n\t\t\t\t\t\t<div style=\"clear: both;\"><\/div><\/div><div class=\"slideshow_view\">\r\n\t\t\t\t<div class=\"slideshow_slide slideshow_slide_image\">\r\n\t\t\t\t\t\t\t\t\t\t\t<img src=\"https:\/\/www.roemen.lu\/wp\/wp-content\/uploads\/2016\/01\/IMG_2181-e1458843747439.jpg\" alt=\"IMG_2181\" width=\"800\" height=\"350\" \/>\r\n\t\t\t\t\t\t\t\t\t\t<div class=\"slideshow_description_box slideshow_transparent\">\r\n\t\t\t\t\t\t\t\t\t\t\t\t\t\t\t\t\t<\/div>\r\n\t\t\t\t<\/div>\r\n\r\n\t\t\t\t\t\t<div style=\"clear: both;\"><\/div><\/div><div class=\"slideshow_view\">\r\n\t\t\t\t<div class=\"slideshow_slide slideshow_slide_image\">\r\n\t\t\t\t\t\t\t\t\t\t\t<img src=\"https:\/\/www.roemen.lu\/wp\/wp-content\/uploads\/2016\/01\/Peinture01.png\" alt=\"Peinture01\" width=\"800\" height=\"350\" \/>\r\n\t\t\t\t\t\t\t\t\t\t<div class=\"slideshow_description_box slideshow_transparent\">\r\n\t\t\t\t\t\t<div class=\"slideshow_title\">Peinture01<\/div>\t\t\t\t\t\t\t\t\t\t\t<\/div>\r\n\t\t\t\t<\/div>\r\n\r\n\t\t\t\t\t\t<div style=\"clear: both;\"><\/div><\/div><div class=\"slideshow_view\">\r\n\t\t\t\t<div class=\"slideshow_slide slideshow_slide_image\">\r\n\t\t\t\t\t\t\t\t\t\t\t<img src=\"https:\/\/www.roemen.lu\/wp\/wp-content\/uploads\/2016\/01\/img_2669-e1458843784893.jpg\" alt=\"img_2669\" width=\"800\" height=\"350\" \/>\r\n\t\t\t\t\t\t\t\t\t\t<div class=\"slideshow_description_box slideshow_transparent\">\r\n\t\t\t\t\t\t\t\t\t\t\t\t\t\t\t\t\t<\/div>\r\n\t\t\t\t<\/div>\r\n\r\n\t\t\t\t\t\t<div style=\"clear: both;\"><\/div><\/div>\r\n\t\t<\/div>\r\n\r\n\t\t<div class=\"slideshow_controlPanel slideshow_transparent\" style=\"display: none;\"><ul><li class=\"slideshow_togglePlay\" data-play-text=\"Abspielen\" data-pause-text=\"Pause\"><\/li><\/ul><\/div>\r\n\r\n\t\t<div class=\"slideshow_button slideshow_previous slideshow_transparent\" role=\"button\" data-previous-text=\"Zur\u00fcck\" style=\"display: none;\"><\/div>\r\n\t\t<div class=\"slideshow_button slideshow_next slideshow_transparent\" role=\"button\" data-next-text=\"N\u00e4chstes\" style=\"display: none;\"><\/div>\r\n\r\n\t\t<div class=\"slideshow_pagination\" style=\"display: none;\" data-go-to-text=\"Gehe zum Bild\"><div class=\"slideshow_pagination_center\"><\/div><\/div>\r\n\r\n\t\t<!-- WordPress Slideshow Version 2.3.1 -->\r\n\r\n\t\t\t<\/div>\r\n\r\n\n<p style=\"text-align: justify;\">Nous travaillons avec de nouveaux produits et garantissons un laquage de qualit\u00e9, tout en respectant l\u2019environnement, confirm\u00e9 par notre certification selon DIN EN ISO 14001. Nous procurons nos produits aupr\u00e8s des entreprises traditionnelles luxembourgeoises, afin d\u2019assurer une haute qualit\u00e9 des mat\u00e9riaux.<\/p>\n<p style=\"text-align: justify;\">Avec les installations de peinture sophistiqu\u00e9es et \u00e9cologiques, remis \u00e0 la pointe de la technologie en 2015\/2016, chaque v\u00e9hicule pourra \u00eatre laqu\u00e9 individuellement selon le d\u00e9sir du client. La cabine de peinture se laisse diviser en trois. Avec une longueur totale de 22 m\u00e8tres nous pouvons traiter vos semi-remorques, trains routiers ou constructions m\u00e9talliques ins\u00e9parables.<\/p>\n<p style=\"text-align: justify;\">Hormis les v\u00e9hicules utilitaires, nous r\u00e9alisons aussi le laquage d\u2019anc\u00eatres, anciens tracteurs, dommages d\u2019accidents, engins de construction, jantes, petits objets et beaucoup plus.<\/p>\n<p style=\"text-align: justify;\">Contactez-nous par t\u00e9l\u00e9phone ou faites-nous parvenir votre demande en envoyant des photos par e-mail ; nous serons ravis de vous conseiller et de vous soumettre notre offre de prix.<\/p>\n<p><strong>T\u00e9l\u00e9phone :<\/strong> +352 30 99 19 &#8211; 1<br \/>\n<strong>e-mail :<\/strong> info@roemen.lu<\/p>\n","protected":false},"excerpt":{"rendered":"<p>Nous travaillons avec de nouveaux produits et garantissons un laquage de qualit\u00e9, tout en respectant l\u2019environnement, confirm\u00e9 par notre certification selon DIN EN ISO 14001. Nous procurons nos produits aupr\u00e8s des entreprises traditionnelles luxembourgeoises, afin d\u2019assurer une haute qualit\u00e9 des mat\u00e9riaux. Avec les installations de peinture sophistiqu\u00e9es et \u00e9cologiques, remis \u00e0 la pointe de la technologie en 2015\/2016, chaque v\u00e9hicule pourra \u00eatre laqu\u00e9 individuellement selon le d\u00e9sir du client. La cabine de peinture se laisse diviser en trois. Avec une longueur totale de 22 m\u00e8tres nous pouvons traiter vos semi-remorques, trains routiers ou constructions m\u00e9talliques ins\u00e9parables. Hormis les v\u00e9hicules utilitaires, nous r\u00e9alisons aussi le laquage d\u2019anc\u00eatres, anciens tracteurs, dommages d\u2019accidents, engins de construction, jantes, petits objets et beaucoup plus. Contactez-nous par t\u00e9l\u00e9phone ou faites-nous parvenir votre demande en envoyant des photos par e-mail ; nous serons ravis de vous conseiller et de vous soumettre notre offre de prix. T\u00e9l\u00e9phone : +352 30 99 19 &#8211; 1 e-mail : info@roemen.lu<\/p>\n","protected":false},"author":2,"featured_media":0,"parent":27313,"menu_order":2,"comment_status":"closed","ping_status":"closed","template":"","meta":{"ngg_post_thumbnail":0,"footnotes":""},"class_list":["post-27305","page","type-page","status-publish","hentry"],"acf":[],"_links":{"self":[{"href":"https:\/\/www.roemen.lu\/wp\/index.php?rest_route=\/wp\/v2\/pages\/27305","targetHints":{"allow":["GET"]}}],"collection":[{"href":"https:\/\/www.roemen.lu\/wp\/index.php?rest_route=\/wp\/v2\/pages"}],"about":[{"href":"https:\/\/www.roemen.lu\/wp\/index.php?rest_route=\/wp\/v2\/types\/page"}],"author":[{"embeddable":true,"href":"https:\/\/www.roemen.lu\/wp\/index.php?rest_route=\/wp\/v2\/users\/2"}],"replies":[{"embeddable":true,"href":"https:\/\/www.roemen.lu\/wp\/index.php?rest_route=%2Fwp%2Fv2%2Fcomments&post=27305"}],"version-history":[{"count":0,"href":"https:\/\/www.roemen.lu\/wp\/index.php?rest_route=\/wp\/v2\/pages\/27305\/revisions"}],"up":[{"embeddable":true,"href":"https:\/\/www.roemen.lu\/wp\/index.php?rest_route=\/wp\/v2\/pages\/27313"}],"wp:attachment":[{"href":"https:\/\/www.roemen.lu\/wp\/index.php?rest_route=%2Fwp%2Fv2%2Fmedia&parent=27305"}],"curies":[{"name":"wp","href":"https:\/\/api.w.org\/{rel}","templated":true}]}}