{"id":27303,"date":"1990-12-22T00:39:49","date_gmt":"1990-12-21T22:39:49","guid":{"rendered":"https:\/\/www.roemen.lu\/wp?page_id=27303"},"modified":"1990-12-22T00:39:49","modified_gmt":"1990-12-21T22:39:49","slug":"sablage-metalisation","status":"publish","type":"page","link":"https:\/\/www.roemen.lu\/wp?page_id=27303&lang=fr","title":{"rendered":"Sablage &#038; m\u00e9talisation"},"content":{"rendered":"\r\n\t<div class=\"slideshow_container slideshow_container_style-light\" style=\"height: 480px; \" data-slideshow-id=\"9134\" data-style-name=\"style-light\" data-style-version=\"2.3.1\" >\r\n\r\n\t\t\t\t\t<div class=\"slideshow_loading_icon\"><\/div>\r\n\t\t\r\n\t\t<div class=\"slideshow_content\" style=\"display: none;\">\r\n\r\n\t\t\t<div class=\"slideshow_view\">\r\n\t\t\t\t<div class=\"slideshow_slide slideshow_slide_image\">\r\n\t\t\t\t\t\t\t\t\t\t\t<img src=\"https:\/\/www.roemen.lu\/wp\/wp-content\/uploads\/2015\/12\/179713_516914888346012_1412214377_n-e1458888819907.jpg\" alt=\"179713_516914888346012_1412214377_n\" width=\"800\" height=\"350\" \/>\r\n\t\t\t\t\t\t\t\t\t\t<div class=\"slideshow_description_box slideshow_transparent\">\r\n\t\t\t\t\t\t<div class=\"slideshow_title\">179713_516914888346012_1412214377_n<\/div>\t\t\t\t\t\t\t\t\t\t\t<\/div>\r\n\t\t\t\t<\/div>\r\n\r\n\t\t\t\t\t\t<div style=\"clear: both;\"><\/div><\/div><div class=\"slideshow_view\">\r\n\t\t\t\t<div class=\"slideshow_slide slideshow_slide_image\">\r\n\t\t\t\t\t\t\t\t\t\t\t<img src=\"https:\/\/www.roemen.lu\/wp\/wp-content\/uploads\/2016\/03\/2016-03-29-10.06.49-Kopie.jpg\" alt=\"2016-03-29 10.06.49 - Kopie\" width=\"800\" height=\"350\" \/>\r\n\t\t\t\t\t\t\t\t\t\t<div class=\"slideshow_description_box slideshow_transparent\">\r\n\t\t\t\t\t\t<div class=\"slideshow_title\">2016-03-29 10.06.49 - Kopie<\/div>\t\t\t\t\t\t\t\t\t\t\t<\/div>\r\n\t\t\t\t<\/div>\r\n\r\n\t\t\t\t\t\t<div style=\"clear: both;\"><\/div><\/div><div class=\"slideshow_view\">\r\n\t\t\t\t<div class=\"slideshow_slide slideshow_slide_image\">\r\n\t\t\t\t\t\t\t\t\t\t\t<img src=\"https:\/\/www.roemen.lu\/wp\/wp-content\/uploads\/2016\/01\/IMG_0250-e1458888869554.jpg\" alt=\"IMG_0250\" width=\"800\" height=\"350\" \/>\r\n\t\t\t\t\t\t\t\t\t\t<div class=\"slideshow_description_box slideshow_transparent\">\r\n\t\t\t\t\t\t<div class=\"slideshow_title\">IMG_0250<\/div>\t\t\t\t\t\t\t\t\t\t\t<\/div>\r\n\t\t\t\t<\/div>\r\n\r\n\t\t\t\t\t\t<div style=\"clear: both;\"><\/div><\/div><div class=\"slideshow_view\">\r\n\t\t\t\t<div class=\"slideshow_slide slideshow_slide_image\">\r\n\t\t\t\t\t\t\t\t\t\t\t<img src=\"https:\/\/www.roemen.lu\/wp\/wp-content\/uploads\/2016\/03\/Sablage-2.jpg\" alt=\"Sablage 2\" width=\"800\" height=\"350\" \/>\r\n\t\t\t\t\t\t\t\t\t\t<div class=\"slideshow_description_box slideshow_transparent\">\r\n\t\t\t\t\t\t<div class=\"slideshow_title\">Sablage 2<\/div>\t\t\t\t\t\t\t\t\t\t\t<\/div>\r\n\t\t\t\t<\/div>\r\n\r\n\t\t\t\t\t\t<div style=\"clear: both;\"><\/div><\/div><div class=\"slideshow_view\">\r\n\t\t\t\t<div class=\"slideshow_slide slideshow_slide_image\">\r\n\t\t\t\t\t\t\t\t\t\t\t<img src=\"https:\/\/www.roemen.lu\/wp\/wp-content\/uploads\/2016\/03\/Sablage.jpg\" alt=\"Sablage\" width=\"800\" height=\"350\" \/>\r\n\t\t\t\t\t\t\t\t\t\t<div class=\"slideshow_description_box slideshow_transparent\">\r\n\t\t\t\t\t\t<div class=\"slideshow_title\">Sablage<\/div>\t\t\t\t\t\t\t\t\t\t\t<\/div>\r\n\t\t\t\t<\/div>\r\n\r\n\t\t\t\t\t\t<div style=\"clear: both;\"><\/div><\/div>\r\n\t\t<\/div>\r\n\r\n\t\t<div class=\"slideshow_controlPanel slideshow_transparent\" style=\"display: none;\"><ul><li class=\"slideshow_togglePlay\" data-play-text=\"Abspielen\" data-pause-text=\"Pause\"><\/li><\/ul><\/div>\r\n\r\n\t\t<div class=\"slideshow_button slideshow_previous slideshow_transparent\" role=\"button\" data-previous-text=\"Zur\u00fcck\" style=\"display: none;\"><\/div>\r\n\t\t<div class=\"slideshow_button slideshow_next slideshow_transparent\" role=\"button\" data-next-text=\"N\u00e4chstes\" style=\"display: none;\"><\/div>\r\n\r\n\t\t<div class=\"slideshow_pagination\" style=\"display: none;\" data-go-to-text=\"Gehe zum Bild\"><div class=\"slideshow_pagination_center\"><\/div><\/div>\r\n\r\n\t\t<!-- WordPress Slideshow Version 2.3.1 -->\r\n\r\n\t\t\t<\/div>\r\n\r\n\n<p style=\"text-align: justify;\">Un traitement superficiel durable r\u00e9alis\u00e9 avec soin. Les \u00e9l\u00e9ments sabl\u00e9s sont d\u00e9gag\u00e9s de corrosion et graisses. La surface rugueuse est id\u00e9ale a \u00eatre m\u00e9tallis\u00e9e et peinte.<\/p>\n<p style=\"text-align: justify;\">Afin de garantir une protection optimale contre les influences environnementales, nous pouvons m\u00e9talliser des pi\u00e8ces sabl\u00e9es, petits objets, mais aussi de grandes constructions. Lors d\u2019un traitement thermique le zinc sera appliqu\u00e9 sur le m\u00e9tal.<\/p>\n<p style=\"text-align: justify;\">Des constructions m\u00e9talliques, garde-corps en acier, po\u00eales en fonte, pi\u00e8ces de carrosserie, sculptures en acier ou carrosseries d\u2019anc\u00eatres seront trait\u00e9s avec soin, afin d\u2019obtenir le meilleur r\u00e9sultat.<\/p>\n<p style=\"text-align: justify;\">Contactez-nous par t\u00e9l\u00e9phone ou faites-nous parvenir votre demande en envoyant des photos par e-mail, nous serons ravis de vous conseiller et de vous soumettre notre offre de prix.<\/p>\n<p><strong>T\u00e9l\u00e9phone :<\/strong> +352 30 99 19 &#8211; 1<br \/>\n<strong>e-mail :<\/strong> info@roemen.lu<\/p>\n","protected":false},"excerpt":{"rendered":"<p>Un traitement superficiel durable r\u00e9alis\u00e9 avec soin. Les \u00e9l\u00e9ments sabl\u00e9s sont d\u00e9gag\u00e9s de corrosion et graisses. La surface rugueuse est id\u00e9ale a \u00eatre m\u00e9tallis\u00e9e et peinte. Afin de garantir une protection optimale contre les influences environnementales, nous pouvons m\u00e9talliser des pi\u00e8ces sabl\u00e9es, petits objets, mais aussi de grandes constructions. Lors d\u2019un traitement thermique le zinc sera appliqu\u00e9 sur le m\u00e9tal. Des constructions m\u00e9talliques, garde-corps en acier, po\u00eales en fonte, pi\u00e8ces de carrosserie, sculptures en acier ou carrosseries d\u2019anc\u00eatres seront trait\u00e9s avec soin, afin d\u2019obtenir le meilleur r\u00e9sultat. Contactez-nous par t\u00e9l\u00e9phone ou faites-nous parvenir votre demande en envoyant des photos par e-mail, nous serons ravis de vous conseiller et de vous soumettre notre offre de prix. T\u00e9l\u00e9phone : +352 30 99 19 &#8211; 1 e-mail : info@roemen.lu<\/p>\n","protected":false},"author":2,"featured_media":0,"parent":27313,"menu_order":1,"comment_status":"closed","ping_status":"closed","template":"","meta":{"ngg_post_thumbnail":0,"footnotes":""},"class_list":["post-27303","page","type-page","status-publish","hentry"],"acf":[],"_links":{"self":[{"href":"https:\/\/www.roemen.lu\/wp\/index.php?rest_route=\/wp\/v2\/pages\/27303","targetHints":{"allow":["GET"]}}],"collection":[{"href":"https:\/\/www.roemen.lu\/wp\/index.php?rest_route=\/wp\/v2\/pages"}],"about":[{"href":"https:\/\/www.roemen.lu\/wp\/index.php?rest_route=\/wp\/v2\/types\/page"}],"author":[{"embeddable":true,"href":"https:\/\/www.roemen.lu\/wp\/index.php?rest_route=\/wp\/v2\/users\/2"}],"replies":[{"embeddable":true,"href":"https:\/\/www.roemen.lu\/wp\/index.php?rest_route=%2Fwp%2Fv2%2Fcomments&post=27303"}],"version-history":[{"count":0,"href":"https:\/\/www.roemen.lu\/wp\/index.php?rest_route=\/wp\/v2\/pages\/27303\/revisions"}],"up":[{"embeddable":true,"href":"https:\/\/www.roemen.lu\/wp\/index.php?rest_route=\/wp\/v2\/pages\/27313"}],"wp:attachment":[{"href":"https:\/\/www.roemen.lu\/wp\/index.php?rest_route=%2Fwp%2Fv2%2Fmedia&parent=27303"}],"curies":[{"name":"wp","href":"https:\/\/api.w.org\/{rel}","templated":true}]}}