{"id":27301,"date":"1990-04-17T02:19:43","date_gmt":"1990-04-17T00:19:43","guid":{"rendered":"https:\/\/www.roemen.lu\/wp?page_id=27301"},"modified":"1990-04-17T02:19:43","modified_gmt":"1990-04-17T00:19:43","slug":"qualite-certificat","status":"publish","type":"page","link":"https:\/\/www.roemen.lu\/wp?page_id=27301&lang=fr","title":{"rendered":"Qualit\u00e9 &#038; Certificat"},"content":{"rendered":"\r\n\t<div class=\"slideshow_container slideshow_container_style-light\" style=\"height: 480px; \" data-slideshow-id=\"10036\" data-style-name=\"style-light\" data-style-version=\"2.3.1\" >\r\n\r\n\t\t\t\t\t<div class=\"slideshow_loading_icon\"><\/div>\r\n\t\t\r\n\t\t<div class=\"slideshow_content\" style=\"display: none;\">\r\n\r\n\t\t\t<div class=\"slideshow_view\">\r\n\t\t\t\t<div class=\"slideshow_slide slideshow_slide_image\">\r\n\t\t\t\t\t\t\t\t\t\t\t<img src=\"https:\/\/www.roemen.lu\/wp\/wp-content\/uploads\/2016\/04\/102.jpg\" alt=\"102\" width=\"800\" height=\"350\" \/>\r\n\t\t\t\t\t\t\t\t\t\t<div class=\"slideshow_description_box slideshow_transparent\">\r\n\t\t\t\t\t\t<div class=\"slideshow_title\">102<\/div>\t\t\t\t\t\t\t\t\t\t\t<\/div>\r\n\t\t\t\t<\/div>\r\n\r\n\t\t\t\t\t\t<div style=\"clear: both;\"><\/div><\/div>\r\n\t\t<\/div>\r\n\r\n\t\t<div class=\"slideshow_controlPanel slideshow_transparent\" style=\"display: none;\"><ul><li class=\"slideshow_togglePlay\" data-play-text=\"Abspielen\" data-pause-text=\"Pause\"><\/li><\/ul><\/div>\r\n\r\n\t\t<div class=\"slideshow_button slideshow_previous slideshow_transparent\" role=\"button\" data-previous-text=\"Zur\u00fcck\" style=\"display: none;\"><\/div>\r\n\t\t<div class=\"slideshow_button slideshow_next slideshow_transparent\" role=\"button\" data-next-text=\"N\u00e4chstes\" style=\"display: none;\"><\/div>\r\n\r\n\t\t<div class=\"slideshow_pagination\" style=\"display: none;\" data-go-to-text=\"Gehe zum Bild\"><div class=\"slideshow_pagination_center\"><\/div><\/div>\r\n\r\n\t\t<!-- WordPress Slideshow Version 2.3.1 -->\r\n\r\n\t\t\t<\/div>\r\n\r\n\n<p style=\"text-align: justify;\">Pour la manufacture des produits de haute qualit\u00e9 avec un service de haute qualit\u00e9 nous nous mettons en cause. Par plusieurs v\u00e9rifications nous assurons, que nos produits ont notre haut standard \u00e0 la livraison. Nous sommes contr\u00f4l\u00e9 fr\u00e9quent par plusieurs \u00e9tablissements externes.<\/p>\n<p style=\"text-align: justify;\">Pour le transport des aliments par l&#8217;\u00e9tranger, des v\u00e9hicules isotherme doivent avoir un certificat d&#8217;ATP. Les tests sont fait sous la norme DIN EN 13486 dans notre maison.<\/p>\n<p>Ainsi, nous sommes certifi\u00e9s selon les lignes directrices suivantes :<\/p>\n<p><a href=\"https:\/\/www.roemen.lu\/wp\/wp-content\/uploads\/1990\/04\/20170421120535967_0001-e1492771317971.jpg\" target=\"_blank\" rel=\"noopener\"><img decoding=\"async\" class=\"wp-image-13260 alignleft\" src=\"https:\/\/www.roemen.lu\/wp\/wp-content\/uploads\/1990\/04\/20170421120535967_0001-150x150.jpg\" alt=\"20170421120535967_0001\" width=\"113\" height=\"140\"><\/a><strong>SuperDrecksK\u00ebscht Label<\/strong><\/p>\n<p style=\"text-align: justify;\">La gestion des d\u00e9chets est r\u00e9alis\u00e9 selon les lignes directrices de la norme ISO 14024:2000.<br \/>\nElle contien de minimiser des d\u00e9chets et le bon traitement des d\u00e9chets.<\/p>\n<p>&nbsp;<\/p>\n<p>&nbsp;<\/p>\n<p><strong><a href=\"https:\/\/www.roemen.lu\/wp\/wp-content\/uploads\/2020\/04\/ISO9001_2023.jpg\" target=\"_blank\" rel=\"noopener\"><img decoding=\"async\" class=\"alignleft wp-image-18512 size-thumbnail\" src=\"https:\/\/www.roemen.lu\/wp\/wp-content\/uploads\/2020\/04\/ISO9001_2023.jpg\" alt=\"\" width=\"113\" height=\"140\"><\/a>Contr\u00f4le de qualit\u00e9<\/strong><\/p>\n<p style=\"text-align: justify;\">Par le contr\u00f4le r\u00e9gulier des productions nous garantissons le haut standard de qualit\u00e9. Nous sommes certifier \u00e0 la norme ISO9001:2015.<\/p>\n<p>&nbsp;<\/p>\n<p>&nbsp;<\/p>\n<p><strong><a href=\"https:\/\/www.roemen.lu\/wp\/wp-content\/uploads\/2020\/10\/20201016111846380_0001.jpg\" target=\"_blank\" rel=\"noopener\"><img decoding=\"async\" class=\"alignleft wp-image-18512 size-thumbnail\" src=\"https:\/\/www.roemen.lu\/wp\/wp-content\/uploads\/2020\/10\/20201016111846380_0001.jpg\" alt=\"\" width=\"113\" height=\"140\"><\/a>Made in Luxembourg<\/strong><\/p>\n<p style=\"text-align: justify;\">Depuis la fondation de la soci\u00e9t\u00e9 nous travaillons en Luxembourg. Avec \u00e7a nous sommes fi\u00e8re porteur du certificat &#8222;Made in Luxembourg&#8220;.<\/p>\n","protected":false},"excerpt":{"rendered":"<p>Pour la manufacture des produits de haute qualit\u00e9 avec un service de haute qualit\u00e9 nous nous mettons en cause. Par plusieurs v\u00e9rifications nous assurons, que nos produits ont notre haut standard \u00e0 la livraison. Nous sommes contr\u00f4l\u00e9 fr\u00e9quent par plusieurs \u00e9tablissements externes. Pour le transport des aliments par l&#8217;\u00e9tranger, des v\u00e9hicules isotherme doivent avoir un certificat d&#8217;ATP. Les tests sont fait sous la norme DIN EN 13486 dans notre maison. Ainsi, nous sommes certifi\u00e9s selon les lignes directrices suivantes : SuperDrecksK\u00ebscht Label La gestion des d\u00e9chets est r\u00e9alis\u00e9 selon les lignes directrices de la norme ISO 14024:2000. Elle contien de minimiser des d\u00e9chets et le bon traitement des d\u00e9chets. &nbsp; &nbsp; Contr\u00f4le de qualit\u00e9 Par le contr\u00f4le r\u00e9gulier des productions nous garantissons le haut standard de qualit\u00e9. Nous sommes certifier \u00e0 la norme ISO9001:2015. &nbsp; &nbsp; Made in Luxembourg Depuis la fondation de la soci\u00e9t\u00e9 nous travaillons en Luxembourg. Avec \u00e7a nous sommes fi\u00e8re porteur du certificat &#8222;Made in Luxembourg&#8220;.<\/p>\n","protected":false},"author":2,"featured_media":0,"parent":27295,"menu_order":3,"comment_status":"closed","ping_status":"closed","template":"","meta":{"ngg_post_thumbnail":0,"footnotes":""},"class_list":["post-27301","page","type-page","status-publish","hentry"],"acf":[],"_links":{"self":[{"href":"https:\/\/www.roemen.lu\/wp\/index.php?rest_route=\/wp\/v2\/pages\/27301","targetHints":{"allow":["GET"]}}],"collection":[{"href":"https:\/\/www.roemen.lu\/wp\/index.php?rest_route=\/wp\/v2\/pages"}],"about":[{"href":"https:\/\/www.roemen.lu\/wp\/index.php?rest_route=\/wp\/v2\/types\/page"}],"author":[{"embeddable":true,"href":"https:\/\/www.roemen.lu\/wp\/index.php?rest_route=\/wp\/v2\/users\/2"}],"replies":[{"embeddable":true,"href":"https:\/\/www.roemen.lu\/wp\/index.php?rest_route=%2Fwp%2Fv2%2Fcomments&post=27301"}],"version-history":[{"count":0,"href":"https:\/\/www.roemen.lu\/wp\/index.php?rest_route=\/wp\/v2\/pages\/27301\/revisions"}],"up":[{"embeddable":true,"href":"https:\/\/www.roemen.lu\/wp\/index.php?rest_route=\/wp\/v2\/pages\/27295"}],"wp:attachment":[{"href":"https:\/\/www.roemen.lu\/wp\/index.php?rest_route=%2Fwp%2Fv2%2Fmedia&parent=27301"}],"curies":[{"name":"wp","href":"https:\/\/api.w.org\/{rel}","templated":true}]}}