{"id":27299,"date":"1990-04-12T16:25:13","date_gmt":"1990-04-12T14:25:13","guid":{"rendered":"https:\/\/www.roemen.lu\/wp?page_id=27299"},"modified":"1990-04-12T16:25:13","modified_gmt":"1990-04-12T14:25:13","slug":"service-hydraulique","status":"publish","type":"page","link":"https:\/\/www.roemen.lu\/wp?page_id=27299&lang=fr","title":{"rendered":"Service hydraulique"},"content":{"rendered":"<p>\r\n\t<div class=\"slideshow_container slideshow_container_style-light\" style=\"height: 480px; \" data-slideshow-id=\"10040\" data-style-name=\"style-light\" data-style-version=\"2.3.1\" >\r\n\r\n\t\t\t\t\t<div class=\"slideshow_loading_icon\"><\/div>\r\n\t\t\r\n\t\t<div class=\"slideshow_content\" style=\"display: none;\">\r\n\r\n\t\t\t<div class=\"slideshow_view\">\r\n\t\t\t\t<div class=\"slideshow_slide slideshow_slide_image\">\r\n\t\t\t\t\t\t\t\t\t\t\t<img src=\"https:\/\/www.roemen.lu\/wp\/wp-content\/uploads\/2016\/04\/Hydraulik1.jpg\" alt=\"Hydraulik1\" width=\"800\" height=\"350\" \/>\r\n\t\t\t\t\t\t\t\t\t\t<div class=\"slideshow_description_box slideshow_transparent\">\r\n\t\t\t\t\t\t<div class=\"slideshow_title\">Hydraulik1<\/div>\t\t\t\t\t\t\t\t\t\t\t<\/div>\r\n\t\t\t\t<\/div>\r\n\r\n\t\t\t\t\t\t<div style=\"clear: both;\"><\/div><\/div><div class=\"slideshow_view\">\r\n\t\t\t\t<div class=\"slideshow_slide slideshow_slide_image\">\r\n\t\t\t\t\t\t\t\t\t\t\t<img src=\"https:\/\/www.roemen.lu\/wp\/wp-content\/uploads\/2016\/04\/Hydraulik2.jpg\" alt=\"Hydraulik2\" width=\"800\" height=\"350\" \/>\r\n\t\t\t\t\t\t\t\t\t\t<div class=\"slideshow_description_box slideshow_transparent\">\r\n\t\t\t\t\t\t<div class=\"slideshow_title\">Hydraulik2<\/div>\t\t\t\t\t\t\t\t\t\t\t<\/div>\r\n\t\t\t\t<\/div>\r\n\r\n\t\t\t\t\t\t<div style=\"clear: both;\"><\/div><\/div><div class=\"slideshow_view\">\r\n\t\t\t\t<div class=\"slideshow_slide slideshow_slide_image\">\r\n\t\t\t\t\t\t\t\t\t\t\t<img src=\"https:\/\/www.roemen.lu\/wp\/wp-content\/uploads\/2016\/04\/Hydraulik3.jpg\" alt=\"Hydraulik3\" width=\"800\" height=\"350\" \/>\r\n\t\t\t\t\t\t\t\t\t\t<div class=\"slideshow_description_box slideshow_transparent\">\r\n\t\t\t\t\t\t<div class=\"slideshow_title\">Hydraulik3<\/div>\t\t\t\t\t\t\t\t\t\t\t<\/div>\r\n\t\t\t\t<\/div>\r\n\r\n\t\t\t\t\t\t<div style=\"clear: both;\"><\/div><\/div><div class=\"slideshow_view\">\r\n\t\t\t\t<div class=\"slideshow_slide slideshow_slide_image\">\r\n\t\t\t\t\t\t\t\t\t\t\t<img src=\"https:\/\/www.roemen.lu\/wp\/wp-content\/uploads\/2016\/04\/Hydraulik4.jpg\" alt=\"Hydraulik4\" width=\"800\" height=\"350\" \/>\r\n\t\t\t\t\t\t\t\t\t\t<div class=\"slideshow_description_box slideshow_transparent\">\r\n\t\t\t\t\t\t<div class=\"slideshow_title\">Hydraulik4<\/div>\t\t\t\t\t\t\t\t\t\t\t<\/div>\r\n\t\t\t\t<\/div>\r\n\r\n\t\t\t\t\t\t<div style=\"clear: both;\"><\/div><\/div>\r\n\t\t<\/div>\r\n\r\n\t\t<div class=\"slideshow_controlPanel slideshow_transparent\" style=\"display: none;\"><ul><li class=\"slideshow_togglePlay\" data-play-text=\"Abspielen\" data-pause-text=\"Pause\"><\/li><\/ul><\/div>\r\n\r\n\t\t<div class=\"slideshow_button slideshow_previous slideshow_transparent\" role=\"button\" data-previous-text=\"Zur\u00fcck\" style=\"display: none;\"><\/div>\r\n\t\t<div class=\"slideshow_button slideshow_next slideshow_transparent\" role=\"button\" data-next-text=\"N\u00e4chstes\" style=\"display: none;\"><\/div>\r\n\r\n\t\t<div class=\"slideshow_pagination\" style=\"display: none;\" data-go-to-text=\"Gehe zum Bild\"><div class=\"slideshow_pagination_center\"><\/div><\/div>\r\n\r\n\t\t<!-- WordPress Slideshow Version 2.3.1 -->\r\n\r\n\t\t\t<\/div>\r\n\r\n<br \/>\n<strong>      <\/strong><\/p>\n<p style=\"text-align: justify;\">De la conception des syst\u00e8mes hydrauliques justqu&#8217;\u00e0 la r\u00e9paration des pistons hydrauliques, nous avons une large palette de services au tour de l&#8217;hydraulique. Nous comptons sur la pr\u00e9cision, propri\u00e9t\u00e9 et long\u00e9vit\u00e9.<\/p>\n<p>Pour plus d&#8217;information ou une offre contactez nous sous :<br \/>\n<strong>T\u00e9l\u00e9phone :<\/strong> +352 30 99 19 &#8211; 1<br \/>\n<strong>e-mail :<\/strong> info@roemen.lu<br \/>\n<strong>      <\/strong><\/p>\n","protected":false},"excerpt":{"rendered":"<p>De la conception des syst\u00e8mes hydrauliques justqu&#8217;\u00e0 la r\u00e9paration des pistons hydrauliques, nous avons une large palette de services au tour de l&#8217;hydraulique. Nous comptons sur la pr\u00e9cision, propri\u00e9t\u00e9 et long\u00e9vit\u00e9. Pour plus d&#8217;information ou une offre contactez nous sous : T\u00e9l\u00e9phone : +352 30 99 19 &#8211; 1 e-mail : info@roemen.lu<\/p>\n","protected":false},"author":2,"featured_media":0,"parent":27313,"menu_order":5,"comment_status":"closed","ping_status":"closed","template":"","meta":{"ngg_post_thumbnail":0,"footnotes":""},"class_list":["post-27299","page","type-page","status-publish","hentry"],"acf":[],"_links":{"self":[{"href":"https:\/\/www.roemen.lu\/wp\/index.php?rest_route=\/wp\/v2\/pages\/27299","targetHints":{"allow":["GET"]}}],"collection":[{"href":"https:\/\/www.roemen.lu\/wp\/index.php?rest_route=\/wp\/v2\/pages"}],"about":[{"href":"https:\/\/www.roemen.lu\/wp\/index.php?rest_route=\/wp\/v2\/types\/page"}],"author":[{"embeddable":true,"href":"https:\/\/www.roemen.lu\/wp\/index.php?rest_route=\/wp\/v2\/users\/2"}],"replies":[{"embeddable":true,"href":"https:\/\/www.roemen.lu\/wp\/index.php?rest_route=%2Fwp%2Fv2%2Fcomments&post=27299"}],"version-history":[{"count":0,"href":"https:\/\/www.roemen.lu\/wp\/index.php?rest_route=\/wp\/v2\/pages\/27299\/revisions"}],"up":[{"embeddable":true,"href":"https:\/\/www.roemen.lu\/wp\/index.php?rest_route=\/wp\/v2\/pages\/27313"}],"wp:attachment":[{"href":"https:\/\/www.roemen.lu\/wp\/index.php?rest_route=%2Fwp%2Fv2%2Fmedia&parent=27299"}],"curies":[{"name":"wp","href":"https:\/\/api.w.org\/{rel}","templated":true}]}}