{"id":27293,"date":"1990-03-28T23:32:03","date_gmt":"1990-03-28T21:32:03","guid":{"rendered":"https:\/\/www.roemen.lu\/wp?page_id=27293"},"modified":"1990-03-28T23:32:03","modified_gmt":"1990-03-28T21:32:03","slug":"carriere","status":"publish","type":"page","link":"https:\/\/www.roemen.lu\/wp?page_id=27293&lang=fr","title":{"rendered":"Carri\u00e8re"},"content":{"rendered":"Tu cherches un nouveau d\u00e9fi professionnel ?<\/p>\n<p>Nous sommes une entreprise en d\u00e9veloppement constant.<br>Une entreprise qui se d\u00e9veloppe par tradition et qui est pr\u00eate \u00e0 <br>faire face \u00e0 l&#8217;avenir.<\/p>\n<p>Un environnement professionnel t&#8217;offre le cadre id\u00e9al. Des d\u00e9fis quotidiens <br>constituent un environnement de travail attrayant.<\/p>\n<p>Les candidatures d&#8217;\u00e9tudiants en derni\u00e8re ann\u00e9e d&#8217;\u00e9tudes sont \u00e9galement les bienvenues.<\/p>\n<p>Profite de l&#8217;occasion et pose ta candidature d\u00e8s maintenant sous: <a href=\"mailto:jobs@roemen.lu\"><strong>jobs@roemen.lu<\/strong><\/a><br>&nbsp;&nbsp;&nbsp;&nbsp;<strong>&nbsp; <br><\/strong><\/p>\n<ul>\n<li style=\"list-style-type: none;\">\n<ul>\n<li style=\"list-style-type: none;\">\n<ul>\n<li><strong><a href=\"https:\/\/www.roemen.lu\/wp?page_id=27349&#038;lang=fr\" target=\"_blank\" rel=\"noopener\">M\u00e9catronicien pour v\u00e9hicules neufs(m\/f\/d)<\/a><br>&nbsp;&nbsp; <br><\/strong><\/li>\n<li><strong><a href=\"https:\/\/www.roemen.lu\/wp?page_id=27351&#038;lang=fr\" target=\"_blank\" rel=\"noopener\">\u00c9lectronicien d&#8217;automobile (m\/f\/d)<\/a><br>&nbsp;&nbsp;&nbsp; <\/strong><strong><br><\/strong><\/li>\n<li><strong><a href=\"https:\/\/www.roemen.lu\/wp?page_id=27357&#038;lang=fr\" target=\"_blank\" rel=\"noopener\">Serrurier (m\/f\/d)<\/a><br>&nbsp;&nbsp;&nbsp; <br><\/strong><\/li>\n<\/ul>\n<\/li>\n<\/ul>\n<\/li>\n<\/ul>\n\n\n<p><\/p>\n","protected":false},"excerpt":{"rendered":"<p>Tu cherches un nouveau d\u00e9fi professionnel ? Nous sommes une entreprise en d\u00e9veloppement constant.Une entreprise qui se d\u00e9veloppe par tradition et qui est pr\u00eate \u00e0 faire face \u00e0 l&#8217;avenir. Un environnement professionnel t&#8217;offre le cadre id\u00e9al. Des d\u00e9fis quotidiens constituent un environnement de travail attrayant. Les candidatures d&#8217;\u00e9tudiants en derni\u00e8re ann\u00e9e d&#8217;\u00e9tudes sont \u00e9galement les bienvenues. Profite de l&#8217;occasion et pose ta candidature d\u00e8s maintenant sous: jobs@roemen.lu&nbsp;&nbsp;&nbsp;&nbsp;&nbsp; M\u00e9catronicien pour v\u00e9hicules neufs(m\/f\/d)&nbsp;&nbsp; \u00c9lectronicien d&#8217;automobile (m\/f\/d)&nbsp;&nbsp;&nbsp; Serrurier (m\/f\/d)&nbsp;&nbsp;&nbsp;<\/p>\n","protected":false},"author":2,"featured_media":0,"parent":27295,"menu_order":2,"comment_status":"closed","ping_status":"closed","template":"","meta":{"ngg_post_thumbnail":0,"footnotes":""},"class_list":["post-27293","page","type-page","status-publish","hentry"],"acf":[],"_links":{"self":[{"href":"https:\/\/www.roemen.lu\/wp\/index.php?rest_route=\/wp\/v2\/pages\/27293","targetHints":{"allow":["GET"]}}],"collection":[{"href":"https:\/\/www.roemen.lu\/wp\/index.php?rest_route=\/wp\/v2\/pages"}],"about":[{"href":"https:\/\/www.roemen.lu\/wp\/index.php?rest_route=\/wp\/v2\/types\/page"}],"author":[{"embeddable":true,"href":"https:\/\/www.roemen.lu\/wp\/index.php?rest_route=\/wp\/v2\/users\/2"}],"replies":[{"embeddable":true,"href":"https:\/\/www.roemen.lu\/wp\/index.php?rest_route=%2Fwp%2Fv2%2Fcomments&post=27293"}],"version-history":[{"count":0,"href":"https:\/\/www.roemen.lu\/wp\/index.php?rest_route=\/wp\/v2\/pages\/27293\/revisions"}],"up":[{"embeddable":true,"href":"https:\/\/www.roemen.lu\/wp\/index.php?rest_route=\/wp\/v2\/pages\/27295"}],"wp:attachment":[{"href":"https:\/\/www.roemen.lu\/wp\/index.php?rest_route=%2Fwp%2Fv2%2Fmedia&parent=27293"}],"curies":[{"name":"wp","href":"https:\/\/api.w.org\/{rel}","templated":true}]}}