{"id":27289,"date":"1900-04-12T14:19:34","date_gmt":"1900-04-12T12:19:34","guid":{"rendered":"https:\/\/www.roemen.lu\/wp?page_id=27289"},"modified":"1900-04-12T14:19:34","modified_gmt":"1900-04-12T12:19:34","slug":"pieces-detachees","status":"publish","type":"page","link":"https:\/\/www.roemen.lu\/wp?page_id=27289&lang=fr","title":{"rendered":"Pi\u00e8ces d\u00e9tach\u00e9es"},"content":{"rendered":"<p>\r\n\t<div class=\"slideshow_container slideshow_container_style-light\" style=\"height: 480px; \" data-slideshow-id=\"9835\" data-style-name=\"style-light\" data-style-version=\"2.3.1\" >\r\n\r\n\t\t\t\t\t<div class=\"slideshow_loading_icon\"><\/div>\r\n\t\t\r\n\t\t<div class=\"slideshow_content\" style=\"display: none;\">\r\n\r\n\t\t\t<div class=\"slideshow_view\">\r\n\t\t\t\t<div class=\"slideshow_slide slideshow_slide_image\">\r\n\t\t\t\t\t\t\t\t\t\t\t<img src=\"https:\/\/www.roemen.lu\/wp\/wp-content\/uploads\/2016\/03\/2016-03-29-10.09.55-Kopie.jpg\" alt=\"2016-03-29 10.09.55 - Kopie\" width=\"800\" height=\"350\" \/>\r\n\t\t\t\t\t\t\t\t\t\t<div class=\"slideshow_description_box slideshow_transparent\">\r\n\t\t\t\t\t\t<div class=\"slideshow_title\">2016-03-29 10.09.55 - Kopie<\/div>\t\t\t\t\t\t\t\t\t\t\t<\/div>\r\n\t\t\t\t<\/div>\r\n\r\n\t\t\t\t\t\t<div style=\"clear: both;\"><\/div><\/div><div class=\"slideshow_view\">\r\n\t\t\t\t<div class=\"slideshow_slide slideshow_slide_image\">\r\n\t\t\t\t\t\t\t\t\t\t\t<img src=\"https:\/\/www.roemen.lu\/wp\/wp-content\/uploads\/2016\/03\/2016-03-29-10.09.35-Kopie.jpg\" alt=\"2016-03-29 10.09.35 - Kopie\" width=\"800\" height=\"350\" \/>\r\n\t\t\t\t\t\t\t\t\t\t<div class=\"slideshow_description_box slideshow_transparent\">\r\n\t\t\t\t\t\t<div class=\"slideshow_title\">2016-03-29 10.09.35 - Kopie<\/div>\t\t\t\t\t\t\t\t\t\t\t<\/div>\r\n\t\t\t\t<\/div>\r\n\r\n\t\t\t\t\t\t<div style=\"clear: both;\"><\/div><\/div>\r\n\t\t<\/div>\r\n\r\n\t\t<div class=\"slideshow_controlPanel slideshow_transparent\" style=\"display: none;\"><ul><li class=\"slideshow_togglePlay\" data-play-text=\"Abspielen\" data-pause-text=\"Pause\"><\/li><\/ul><\/div>\r\n\r\n\t\t<div class=\"slideshow_button slideshow_previous slideshow_transparent\" role=\"button\" data-previous-text=\"Zur\u00fcck\" style=\"display: none;\"><\/div>\r\n\t\t<div class=\"slideshow_button slideshow_next slideshow_transparent\" role=\"button\" data-next-text=\"N\u00e4chstes\" style=\"display: none;\"><\/div>\r\n\r\n\t\t<div class=\"slideshow_pagination\" style=\"display: none;\" data-go-to-text=\"Gehe zum Bild\"><div class=\"slideshow_pagination_center\"><\/div><\/div>\r\n\r\n\t\t<!-- WordPress Slideshow Version 2.3.1 -->\r\n\r\n\t\t\t<\/div>\r\n\r\n<br \/>\n<strong>      <\/strong><\/p>\n<p style=\"text-align: justify;\">Notre entrep\u00f4t couvre plusieurs milliers de pi\u00e8ces de rechange autour de l&#8217;automobile, la construction , \u00e9lectrique, pneumatique et hydraulique. Pour cela, nous avons beaucoup de pi\u00e8ces de rechange sur nos marques. Si une pi\u00e8ce ne serrais pas disponible en stock, nous obtenons gr\u00e2ce \u00e0 nos fournisseurs dans un court laps de temps. Nous nous attendons \u00e0 livrer l&#8217;objectif \u00e0 nos clients de bonne qualit\u00e9 \u00e0 vendre avec le meilleur service \u00e0 un prix \u00e9quitable.<\/p>\n<p>Contactez nous pour votre demande sous :<br \/>\n<strong>T\u00e9l\u00e9phone :<\/strong> +352 30 99 19 &#8211; 1<br \/>\n<strong>e-mail :<\/strong> info@roemen.lu<br \/>\n<strong>      <\/strong><\/p>\n","protected":false},"excerpt":{"rendered":"<p>Notre entrep\u00f4t couvre plusieurs milliers de pi\u00e8ces de rechange autour de l&#8217;automobile, la construction , \u00e9lectrique, pneumatique et hydraulique. Pour cela, nous avons beaucoup de pi\u00e8ces de rechange sur nos marques. Si une pi\u00e8ce ne serrais pas disponible en stock, nous obtenons gr\u00e2ce \u00e0 nos fournisseurs dans un court laps de temps. Nous nous attendons \u00e0 livrer l&#8217;objectif \u00e0 nos clients de bonne qualit\u00e9 \u00e0 vendre avec le meilleur service \u00e0 un prix \u00e9quitable. Contactez nous pour votre demande sous : T\u00e9l\u00e9phone : +352 30 99 19 &#8211; 1 e-mail : info@roemen.lu<\/p>\n","protected":false},"author":2,"featured_media":0,"parent":27313,"menu_order":4,"comment_status":"closed","ping_status":"closed","template":"","meta":{"ngg_post_thumbnail":0,"footnotes":""},"class_list":["post-27289","page","type-page","status-publish","hentry"],"acf":[],"_links":{"self":[{"href":"https:\/\/www.roemen.lu\/wp\/index.php?rest_route=\/wp\/v2\/pages\/27289","targetHints":{"allow":["GET"]}}],"collection":[{"href":"https:\/\/www.roemen.lu\/wp\/index.php?rest_route=\/wp\/v2\/pages"}],"about":[{"href":"https:\/\/www.roemen.lu\/wp\/index.php?rest_route=\/wp\/v2\/types\/page"}],"author":[{"embeddable":true,"href":"https:\/\/www.roemen.lu\/wp\/index.php?rest_route=\/wp\/v2\/users\/2"}],"replies":[{"embeddable":true,"href":"https:\/\/www.roemen.lu\/wp\/index.php?rest_route=%2Fwp%2Fv2%2Fcomments&post=27289"}],"version-history":[{"count":0,"href":"https:\/\/www.roemen.lu\/wp\/index.php?rest_route=\/wp\/v2\/pages\/27289\/revisions"}],"up":[{"embeddable":true,"href":"https:\/\/www.roemen.lu\/wp\/index.php?rest_route=\/wp\/v2\/pages\/27313"}],"wp:attachment":[{"href":"https:\/\/www.roemen.lu\/wp\/index.php?rest_route=%2Fwp%2Fv2%2Fmedia&parent=27289"}],"curies":[{"name":"wp","href":"https:\/\/api.w.org\/{rel}","templated":true}]}}