{"id":27287,"date":"1891-11-18T01:10:19","date_gmt":"1891-11-17T23:10:19","guid":{"rendered":"https:\/\/www.roemen.lu\/wp?page_id=27287"},"modified":"1891-11-18T01:10:19","modified_gmt":"1891-11-17T23:10:19","slug":"prospectus","status":"publish","type":"page","link":"https:\/\/www.roemen.lu\/wp?page_id=27287&lang=fr","title":{"rendered":"Prospectus"},"content":{"rendered":"<p style=\"text-align: justify;\">Sur cette page vous trouvez des prospectus de nos produits.<\/p>\n<p><a href=\"https:\/\/www.roemen.lu\/wp\/wp-content\/uploads\/2016\/11\/HVYA_10_2016.pdf\"><img decoding=\"async\" class=\"wp-image-11438 size-full alignleft\" src=\"https:\/\/www.roemen.lu\/wp\/wp-content\/uploads\/2016\/11\/Ampliroll_Hyva_Roemen_07_2016-copy.jpg\" alt=\"ampliroll_ajk_roemen_07_2016_1\" width=\"175\" height=\"250\"><\/a> <a href=\"https:\/\/www.roemen.lu\/wp\/wp-content\/uploads\/2016\/11\/JPM_Plateaux_11_2016.pdf\"><img decoding=\"async\" class=\"wp-image-11438 size-full alignleft\" src=\"https:\/\/www.roemen.lu\/wp\/wp-content\/uploads\/2016\/11\/Plateau_JPM_Roemen_07_2016-copy6.jpg\" alt=\"ampliroll_ajk_roemen_07_2016_1\" width=\"175\" height=\"250\"><\/a> <a href=\"https:\/\/www.roemen.lu\/wp\/wp-content\/uploads\/2016\/11\/JPM_10_2016.pdf\"><img decoding=\"async\" class=\"wp-image-11426 size-full alignleft\" src=\"https:\/\/www.roemen.lu\/wp\/wp-content\/uploads\/2016\/11\/Benne_JPM_Roemen_07_2016-copy-e1479422531381.jpg\" alt=\"amenagements_roemen_09_2016-cop2\" width=\"174\" height=\"250\"><\/a> <a href=\"https:\/\/www.roemen.lu\/wp\/wp-content\/uploads\/2016\/11\/KH-Kipper_10_2016.pdf\"><img loading=\"lazy\" decoding=\"async\" class=\"wp-image-11438 size-full alignleft\" src=\"https:\/\/www.roemen.lu\/wp\/wp-content\/uploads\/2016\/11\/Benne_KH-Kipper_Roemen_07_2016-copy-e1479422554508.jpg\" alt=\"ampliroll_ajk_roemen_07_2016_1\" width=\"175\" height=\"250\"><\/a> <a href=\"https:\/\/www.roemen.lu\/wp\/wp-content\/uploads\/2016\/11\/Palfinger_10_2016.pdf\"><img loading=\"lazy\" decoding=\"async\" class=\"wp-image-11438 size-full alignleft\" src=\"https:\/\/www.roemen.lu\/wp\/wp-content\/uploads\/2016\/11\/Grues_hydrauliques_Palfinger_Roemen_07_2016-copy-e1479422568834.jpg\" alt=\"ampliroll_ajk_roemen_07_2016_1\" width=\"175\" height=\"250\"><\/a> <a href=\"https:\/\/www.roemen.lu\/wp\/wp-content\/uploads\/2016\/11\/Plateau_10_2016.pdf\"><img loading=\"lazy\" decoding=\"async\" class=\"wp-image-11438 size-full alignleft\" src=\"https:\/\/www.roemen.lu\/wp\/wp-content\/uploads\/2016\/11\/Plateau_ridelles_Roemen_07_2016-copy-e1479422584186.jpg\" alt=\"ampliroll_ajk_roemen_07_2016_1\" width=\"175\" height=\"250\"><\/a> <a href=\"https:\/\/www.roemen.lu\/wp\/wp-content\/uploads\/2016\/11\/Dhollandia_10_2016.pdf\"><img loading=\"lazy\" decoding=\"async\" class=\"wp-image-11438 size-full alignleft\" src=\"https:\/\/www.roemen.lu\/wp\/wp-content\/uploads\/2016\/11\/Ampliroll_Dhollandia_Roemen_09_2016-cop-e1479422666203.jpg\" alt=\"ampliroll_ajk_roemen_07_2016_1\" width=\"175\" height=\"250\"><\/a><\/p>\n<p>&nbsp;<\/p>\n<p>&nbsp;<\/p>\n<p>&nbsp;<\/p>\n<p>&nbsp;<\/p>\n<p>&nbsp;<\/p>\n<p>&nbsp;<\/p>\n<p>&nbsp;<\/p>\n<p>&nbsp;<\/p>\n<p>&nbsp;<\/p>\n<p>&nbsp;<\/p>\n<p>&nbsp;<\/p>\n<p>&nbsp;<\/p>\n<p>&nbsp;<\/p>\n<p>&nbsp;<\/p>\n<p>&nbsp;<\/p>\n<p>&nbsp;<\/p>\n<p><strong>Adresse : <\/strong>Carrosserie Roemen s.\u00e0r.l. | 30, Zone d\u2019Activit\u00e9 \u00c9conomique L-8287 Kehlen | Luxembourg<br \/>\n<strong>T\u00e9l\u00e9phone : <\/strong>+352 30 99 19 &#8211; 1<br \/>\n<strong>Fax :<\/strong> +352 30 80 65<br \/>\n<strong>E-mail :<\/strong> info@roemen.lu<\/p>\n","protected":false},"excerpt":{"rendered":"<p>Sur cette page vous trouvez des prospectus de nos produits. &nbsp; &nbsp; &nbsp; &nbsp; &nbsp; &nbsp; &nbsp; &nbsp; &nbsp; &nbsp; &nbsp; &nbsp; &nbsp; &nbsp; &nbsp; &nbsp; Adresse : Carrosserie Roemen s.\u00e0r.l. | 30, Zone d\u2019Activit\u00e9 \u00c9conomique L-8287 Kehlen | Luxembourg T\u00e9l\u00e9phone : +352 30 99 19 &#8211; 1 Fax : +352 30 80 65 E-mail : info@roemen.lu<\/p>\n","protected":false},"author":2,"featured_media":0,"parent":27295,"menu_order":2,"comment_status":"closed","ping_status":"closed","template":"","meta":{"ngg_post_thumbnail":0,"footnotes":""},"class_list":["post-27287","page","type-page","status-publish","hentry"],"acf":[],"_links":{"self":[{"href":"https:\/\/www.roemen.lu\/wp\/index.php?rest_route=\/wp\/v2\/pages\/27287","targetHints":{"allow":["GET"]}}],"collection":[{"href":"https:\/\/www.roemen.lu\/wp\/index.php?rest_route=\/wp\/v2\/pages"}],"about":[{"href":"https:\/\/www.roemen.lu\/wp\/index.php?rest_route=\/wp\/v2\/types\/page"}],"author":[{"embeddable":true,"href":"https:\/\/www.roemen.lu\/wp\/index.php?rest_route=\/wp\/v2\/users\/2"}],"replies":[{"embeddable":true,"href":"https:\/\/www.roemen.lu\/wp\/index.php?rest_route=%2Fwp%2Fv2%2Fcomments&post=27287"}],"version-history":[{"count":0,"href":"https:\/\/www.roemen.lu\/wp\/index.php?rest_route=\/wp\/v2\/pages\/27287\/revisions"}],"up":[{"embeddable":true,"href":"https:\/\/www.roemen.lu\/wp\/index.php?rest_route=\/wp\/v2\/pages\/27295"}],"wp:attachment":[{"href":"https:\/\/www.roemen.lu\/wp\/index.php?rest_route=%2Fwp%2Fv2%2Fmedia&parent=27287"}],"curies":[{"name":"wp","href":"https:\/\/api.w.org\/{rel}","templated":true}]}}