{"id":22936,"date":"2022-05-15T09:32:42","date_gmt":"2022-05-15T07:32:42","guid":{"rendered":"https:\/\/www.roemen.lu\/wp\/?page_id=22936"},"modified":"2024-08-18T19:12:17","modified_gmt":"2024-08-18T17:12:17","slug":"karrosserieschlosser","status":"publish","type":"page","link":"https:\/\/www.roemen.lu\/wp?page_id=22936","title":{"rendered":"Karrosserieschlosser (m\/w\/d)"},"content":{"rendered":"<p><strong>Ihre T\u00e4tigkeiten:<\/strong><\/p>\n<ul>\n<li>Selbst\u00e4ndiges fertigen von Fahrzeugaufbauten auf neuen Fahrzeugen<\/li>\n<li>Selbst\u00e4ndiges reparieren und richten von Fahrzeugaufbauten<\/li>\n<li>Montieren von Aufbauten und Fahrzeugkomponenten (Kipper, Abrollkipper, Ladekr\u00e4ne, usw.)<\/li>\n<li>Anfertigen von Blechen und Metallstrukturen<\/li>\n<li>Gew\u00e4hrleistung der Kundenzufriedenheit<\/li>\n<\/ul>\n<p><strong>Ihr Profil:<\/strong><\/p>\n<ul>\n<li>Sicheres Auftreten und strukturiertes Vorgehen<\/li>\n<li>Kenntnisse in Franz\u00f6sisch<\/li>\n<li>Sehr gute Kenntnisse in Metallverarbeitung<\/li>\n<li>Sehr gute Kenntnisse im Schwei\u00dfen mit MIG\/MAG<\/li>\n<li>Hohes Niveau an Genauigkeit unf hohes handwerkliches Geschick<\/li>\n<li>Berufserfahrung im Nutzfahrzeugbereich von Vorteil<\/li>\n<\/ul>\n<p><strong>Warum Roemen?<\/strong><\/p>\n<ul>\n<li>Sich mit einem wachsenden Unternehmen entwickeln<\/li>\n<li>Flache Hierarchien und kurze Entscheidungswege<\/li>\n<li>Hervorragende Entwicklungschancen basierend auf deinen St\u00e4rken<\/li>\n<li>Ein famili\u00e4res und dynamisches Umfeld<\/li>\n<\/ul>\n<p>Nutze die Gelegenheit und bewirb dich jetzt unter: <a href=\"mailto:jobs@roemen.lu\"><strong>jobs@roemen.lu<\/strong><\/a><\/p>\n","protected":false},"excerpt":{"rendered":"<p>Ihre T\u00e4tigkeiten: Selbst\u00e4ndiges fertigen von Fahrzeugaufbauten auf neuen Fahrzeugen Selbst\u00e4ndiges reparieren und richten von Fahrzeugaufbauten Montieren von Aufbauten und Fahrzeugkomponenten (Kipper, Abrollkipper, Ladekr\u00e4ne, usw.) Anfertigen von Blechen und Metallstrukturen Gew\u00e4hrleistung der Kundenzufriedenheit Ihr Profil: Sicheres Auftreten und strukturiertes Vorgehen Kenntnisse in Franz\u00f6sisch Sehr gute Kenntnisse in Metallverarbeitung Sehr gute Kenntnisse im Schwei\u00dfen mit MIG\/MAG Hohes Niveau an Genauigkeit unf hohes handwerkliches Geschick Berufserfahrung im Nutzfahrzeugbereich von Vorteil Warum Roemen? Sich mit einem wachsenden Unternehmen entwickeln Flache Hierarchien und kurze Entscheidungswege Hervorragende Entwicklungschancen basierend auf deinen St\u00e4rken Ein famili\u00e4res und dynamisches Umfeld Nutze die Gelegenheit und bewirb dich jetzt unter: jobs@roemen.lu<\/p>\n","protected":false},"author":2,"featured_media":0,"parent":9809,"menu_order":0,"comment_status":"closed","ping_status":"closed","template":"","meta":{"ngg_post_thumbnail":0,"footnotes":""},"class_list":["post-22936","page","type-page","status-publish","hentry"],"acf":[],"_links":{"self":[{"href":"https:\/\/www.roemen.lu\/wp\/index.php?rest_route=\/wp\/v2\/pages\/22936","targetHints":{"allow":["GET"]}}],"collection":[{"href":"https:\/\/www.roemen.lu\/wp\/index.php?rest_route=\/wp\/v2\/pages"}],"about":[{"href":"https:\/\/www.roemen.lu\/wp\/index.php?rest_route=\/wp\/v2\/types\/page"}],"author":[{"embeddable":true,"href":"https:\/\/www.roemen.lu\/wp\/index.php?rest_route=\/wp\/v2\/users\/2"}],"replies":[{"embeddable":true,"href":"https:\/\/www.roemen.lu\/wp\/index.php?rest_route=%2Fwp%2Fv2%2Fcomments&post=22936"}],"version-history":[{"count":3,"href":"https:\/\/www.roemen.lu\/wp\/index.php?rest_route=\/wp\/v2\/pages\/22936\/revisions"}],"predecessor-version":[{"id":27356,"href":"https:\/\/www.roemen.lu\/wp\/index.php?rest_route=\/wp\/v2\/pages\/22936\/revisions\/27356"}],"up":[{"embeddable":true,"href":"https:\/\/www.roemen.lu\/wp\/index.php?rest_route=\/wp\/v2\/pages\/9809"}],"wp:attachment":[{"href":"https:\/\/www.roemen.lu\/wp\/index.php?rest_route=%2Fwp%2Fv2%2Fmedia&parent=22936"}],"curies":[{"name":"wp","href":"https:\/\/api.w.org\/{rel}","templated":true}]}}