{"id":11423,"date":"1891-11-18T01:10:19","date_gmt":"1891-11-17T23:10:19","guid":{"rendered":"http:\/\/www.roemen.lu\/wp\/?page_id=11423"},"modified":"2024-08-18T19:12:06","modified_gmt":"2024-08-18T17:12:06","slug":"prospekte","status":"publish","type":"page","link":"https:\/\/www.roemen.lu\/wp?page_id=11423","title":{"rendered":"Prospekte"},"content":{"rendered":"<p style=\"text-align: justify;\">Auf dieser Seite finden Sie Prospekte zu unseren Produkten. Sie fassen alle g\u00e4ngigen Bauarten und Optionen f\u00fcr den Luxemburger Markt zusammen. Die Informationen, Vorteile und Details sind kurz zusammengefasst. Mit Abbildungen und Fotos werden die Optionen erkl\u00e4rt. F\u00fcr weitere Informationen stehen wir Ihnen gern zur Verf\u00fcgung.<\/p>\n<p><a href=\"https:\/\/www.roemen.lu\/wp\/wp-content\/uploads\/2016\/11\/HVYA_10_2016.pdf\"><img decoding=\"async\" class=\"wp-image-11438 size-full alignleft\" src=\"https:\/\/www.roemen.lu\/wp\/wp-content\/uploads\/2016\/11\/Ampliroll_Hyva_Roemen_07_2016-copy.jpg\" alt=\"ampliroll_ajk_roemen_07_2016_1\" width=\"175\" height=\"250\"><\/a> <a href=\"https:\/\/www.roemen.lu\/wp\/wp-content\/uploads\/2016\/11\/JPM_Plateaux_11_2016.pdf\"><img decoding=\"async\" class=\"wp-image-11438 size-full alignleft\" src=\"https:\/\/www.roemen.lu\/wp\/wp-content\/uploads\/2016\/11\/Plateau_JPM_Roemen_07_2016-copy6.jpg\" alt=\"ampliroll_ajk_roemen_07_2016_1\" width=\"175\" height=\"250\"><\/a> <a href=\"https:\/\/www.roemen.lu\/wp\/wp-content\/uploads\/2016\/11\/JPM_10_2016.pdf\"><img decoding=\"async\" class=\"wp-image-11426 size-full alignleft\" src=\"https:\/\/www.roemen.lu\/wp\/wp-content\/uploads\/2016\/11\/Benne_JPM_Roemen_07_2016-copy-e1479422531381.jpg\" alt=\"amenagements_roemen_09_2016-cop2\" width=\"174\" height=\"250\"><\/a> <a href=\"https:\/\/www.roemen.lu\/wp\/wp-content\/uploads\/2016\/11\/KH-Kipper_10_2016.pdf\"><img loading=\"lazy\" decoding=\"async\" class=\"wp-image-11438 size-full alignleft\" src=\"https:\/\/www.roemen.lu\/wp\/wp-content\/uploads\/2016\/11\/Benne_KH-Kipper_Roemen_07_2016-copy-e1479422554508.jpg\" alt=\"ampliroll_ajk_roemen_07_2016_1\" width=\"175\" height=\"250\"><\/a> <a href=\"https:\/\/www.roemen.lu\/wp\/wp-content\/uploads\/2016\/11\/Palfinger_10_2016.pdf\"><img loading=\"lazy\" decoding=\"async\" class=\"wp-image-11438 size-full alignleft\" src=\"https:\/\/www.roemen.lu\/wp\/wp-content\/uploads\/2016\/11\/Grues_hydrauliques_Palfinger_Roemen_07_2016-copy-e1479422568834.jpg\" alt=\"ampliroll_ajk_roemen_07_2016_1\" width=\"175\" height=\"250\"><\/a> <a href=\"https:\/\/www.roemen.lu\/wp\/wp-content\/uploads\/2016\/11\/Plateau_10_2016.pdf\"><img loading=\"lazy\" decoding=\"async\" class=\"wp-image-11438 size-full alignleft\" src=\"https:\/\/www.roemen.lu\/wp\/wp-content\/uploads\/2016\/11\/Plateau_ridelles_Roemen_07_2016-copy-e1479422584186.jpg\" alt=\"ampliroll_ajk_roemen_07_2016_1\" width=\"175\" height=\"250\"><\/a> <a href=\"https:\/\/www.roemen.lu\/wp\/wp-content\/uploads\/2016\/11\/Dhollandia_10_2016.pdf\"><img loading=\"lazy\" decoding=\"async\" class=\"wp-image-11438 size-full alignleft\" src=\"https:\/\/www.roemen.lu\/wp\/wp-content\/uploads\/2016\/11\/Ampliroll_Dhollandia_Roemen_09_2016-cop-e1479422666203.jpg\" alt=\"ampliroll_ajk_roemen_07_2016_1\" width=\"175\" height=\"250\"><\/a><\/p>\n<p>&nbsp;<\/p>\n<p>&nbsp;<\/p>\n<p>&nbsp;<\/p>\n<p>&nbsp;<\/p>\n<p>&nbsp;<\/p>\n<p>&nbsp;<\/p>\n<p>&nbsp;<\/p>\n<p>&nbsp;<\/p>\n<p>&nbsp;<\/p>\n<p>&nbsp;<\/p>\n<p>&nbsp;<\/p>\n<p>&nbsp;<\/p>\n<p>&nbsp;<\/p>\n<p>&nbsp;<\/p>\n<p>&nbsp;<\/p>\n<p>&nbsp;<\/p>\n<p><strong>Adresse :<\/strong> Carrosserie Roemen s.\u00e0r.l. | 30, Zone d\u2019Activit\u00e9 \u00c9conomique L-8287 Kehlen | Luxembourg<br \/>\n<strong>Telefon :<\/strong> +352 30 99 19 &#8211; 1<br \/>\n<strong>Fax :<\/strong> +352 30 80 65<br \/>\n<strong>E-mail : <\/strong>info@roemen.lu<\/p>\n","protected":false},"excerpt":{"rendered":"<p>Auf dieser Seite finden Sie Prospekte zu unseren Produkten. Sie fassen alle g\u00e4ngigen Bauarten und Optionen f\u00fcr den Luxemburger Markt zusammen. Die Informationen, Vorteile und Details sind kurz zusammengefasst. Mit Abbildungen und Fotos werden die Optionen erkl\u00e4rt. F\u00fcr weitere Informationen stehen wir Ihnen gern zur Verf\u00fcgung. &nbsp; &nbsp; &nbsp; &nbsp; &nbsp; &nbsp; &nbsp; &nbsp; &nbsp; &nbsp; &nbsp; &nbsp; &nbsp; &nbsp; &nbsp; &nbsp; Adresse : Carrosserie Roemen s.\u00e0r.l. | 30, Zone d\u2019Activit\u00e9 \u00c9conomique L-8287 Kehlen | Luxembourg Telefon : +352 30 99 19 &#8211; 1 Fax : +352 30 80 65 E-mail : info@roemen.lu<\/p>\n","protected":false},"author":2,"featured_media":0,"parent":9816,"menu_order":2,"comment_status":"closed","ping_status":"closed","template":"","meta":{"ngg_post_thumbnail":0,"footnotes":""},"class_list":["post-11423","page","type-page","status-publish","hentry"],"acf":[],"_links":{"self":[{"href":"https:\/\/www.roemen.lu\/wp\/index.php?rest_route=\/wp\/v2\/pages\/11423","targetHints":{"allow":["GET"]}}],"collection":[{"href":"https:\/\/www.roemen.lu\/wp\/index.php?rest_route=\/wp\/v2\/pages"}],"about":[{"href":"https:\/\/www.roemen.lu\/wp\/index.php?rest_route=\/wp\/v2\/types\/page"}],"author":[{"embeddable":true,"href":"https:\/\/www.roemen.lu\/wp\/index.php?rest_route=\/wp\/v2\/users\/2"}],"replies":[{"embeddable":true,"href":"https:\/\/www.roemen.lu\/wp\/index.php?rest_route=%2Fwp%2Fv2%2Fcomments&post=11423"}],"version-history":[{"count":53,"href":"https:\/\/www.roemen.lu\/wp\/index.php?rest_route=\/wp\/v2\/pages\/11423\/revisions"}],"predecessor-version":[{"id":27286,"href":"https:\/\/www.roemen.lu\/wp\/index.php?rest_route=\/wp\/v2\/pages\/11423\/revisions\/27286"}],"up":[{"embeddable":true,"href":"https:\/\/www.roemen.lu\/wp\/index.php?rest_route=\/wp\/v2\/pages\/9816"}],"wp:attachment":[{"href":"https:\/\/www.roemen.lu\/wp\/index.php?rest_route=%2Fwp%2Fv2%2Fmedia&parent=11423"}],"curies":[{"name":"wp","href":"https:\/\/api.w.org\/{rel}","templated":true}]}}